{"id":4536,"date":"2022-06-16T19:24:40","date_gmt":"2022-06-16T17:24:40","guid":{"rendered":"https:\/\/www.istud.it\/sanita\/?page_id=4536"},"modified":"2026-02-10T15:26:44","modified_gmt":"2026-02-10T14:26:44","slug":"introduzione-alla-medicina-narrativa-corso-ecm-fad","status":"publish","type":"page","link":"https:\/\/www.istud.it\/sanita\/introduzione-alla-medicina-narrativa-corso-ecm-fad\/","title":{"rendered":"Introduzione alla Medicina Narrativa &#8211; Corso ECM FAD"},"content":{"rendered":"<p>[vc_row full_width=&#8221;stretch_row&#8221; full_height=&#8221;yes&#8221; css=&#8221;.vc_custom_1561726439761{margin-bottom: -35px !important;padding-top: 50px !important;padding-bottom: 20px !important;background-color: #21734c !important;}&#8221;][vc_column][vc_row_inner][vc_column_inner offset=&#8221;vc_hidden-md vc_hidden-sm vc_hidden-xs&#8221;]<div class=\"vc-extral_class white non-h2\"><div class=\"thim-widget-heading template-base\"><div class=\"sc_heading  \"><h2 class=\"title\">Introduzione alla Medicina Narrativa<\/h2><\/div><\/div><\/div>[\/vc_column_inner][\/vc_row_inner][vc_row_inner equal_height=&#8221;yes&#8221; content_placement=&#8221;top&#8221;][vc_column_inner width=&#8221;1\/3&#8243;][vc_single_image image=&#8221;4539&#8243; img_size=&#8221;300&#215;100&#8243;][\/vc_column_inner][vc_column_inner width=&#8221;1\/3&#8243;][vc_column_text el_class=&#8221;white&#8221;]<strong>Responsabile Scientifico:<\/strong> Maria Giulia Marini<\/p>\n<p><strong>Codice ECM: 475406<\/strong><\/p>\n<p><strong>Provider ECM: 2879<\/strong><\/p>\n<p><strong>Obiettivo del corso:<\/strong> questo corso ha l\u2019obiettivo di formare in modo strutturato e chiaro in merito a quello che \u00e8 la Medicina Narrativa oggi in Italia e nel mondo e l\u2019importanza della sua applicazione nella pratica clinica e nella ricerca.<span style=\"color: #d5dade;\"><br \/>\n<\/span>[\/vc_column_text][vc_column_text][\/vc_column_text]<div class=\"vc-extral_class centered\"><div class=\"thim-widget-button template-base\"><a class=\"widget-button very-rounded normal custom_style\" href=\"https:\/\/lr-sanita.istud.it\/\" target=\"_blank\" style=\"font-size: 14px;border-width: 1;color: #21734c;border-color: #21734c;background-color: #ffffff;\" data-hover=\"font-size: 14px;border-width: 1;color: #ffffff;border-color: #ffffff;background-color: #21734c;\">Iscriviti ora<\/a><\/div><\/div>[\/vc_column_inner][vc_column_inner width=&#8221;1\/3&#8243;][vc_column_text el_class=&#8221;white&#8221;]<\/p>\n<h3 style=\"text-align: center;\">5 Crediti ECM<\/h3>\n<p><strong>A chi si rivolge:<\/strong> tutte le professioni<br \/>\n<strong>Obiettivo formativo:<\/strong> aspetti relazionali e umanizzazione delle cure<br \/>\n<strong>Validit\u00e0:<\/strong> dal 21\/02\/2026 al 09\/12\/2026<em><br \/>\n<\/em><strong>Accreditato da ISTUD &#8211; Provider ID 2879<\/strong>[\/vc_column_text][vc_separator][vc_column_text el_class=&#8221;white&#8221;]<strong>Prezzo: <\/strong>40 Euro.<\/p>\n<p><strong>Ore di studio<\/strong>: 5 ore[\/vc_column_text][\/vc_column_inner][\/vc_row_inner][\/vc_column][\/vc_row][vc_row el_class=&#8221;centered&#8221;][vc_column]<div class=\"thim-widget-heading template-base\"><div class=\"sc_heading  \"><h3 style=\"text-transform: uppercase;\" class=\"title\">Acquisizione competenze<\/h3><\/div><\/div>[vc_row_inner][vc_column_inner width=&#8221;1\/3&#8243;][vc_column_text]<strong>Competenze tecnico-professionali:<\/strong> Fornire a tutti i professionisti di cura e una panoramica completa sul valore della medicina narrativa e la differenza tra questa e le medical humanities. Contribuire all\u2019umanizzazione e personalizzazione delle cure offrendo cure pi\u00f9 efficaci, appropriate, condivise. Avere degli strumenti in pi\u00f9 per rendere la sanit\u00e0 sostenibile senza incorrere nella medicina difensiva.[\/vc_column_text][\/vc_column_inner][vc_column_inner width=&#8221;1\/3&#8243;][vc_column_text]<\/p>\n<h4 style=\"text-align: left;\"><strong>Competenze di processo<\/strong><\/h4>\n<p style=\"text-align: left;\">Fortificare le competenze relazionali tra curante e curato, acquisire strumenti per migliorare il riconoscimento di progettualit\u00e0 ed esperienze nel racconto scritto e orale del. Sviluppare un approccio sistemico per offrire una cura pi\u00f9 efficace che tenga conto degli effettivi bisogni della persona in relazione al suo contesto sociale.<span style=\"color: #d5dade;\"><br \/>\n<\/span><\/p>\n<p>[\/vc_column_text][\/vc_column_inner][vc_column_inner width=&#8221;1\/3&#8243;][vc_column_text]<\/p>\n<h4 style=\"text-align: left;\"><strong>Competenze di sistema<\/strong><\/h4>\n<p>Sviluppare consapevolezza nei professionisti sanitari sull\u2019importanza di un approccio narrativo per costruire una relazione di cura pi\u00f9 efficiente ed efficace per il sistema sanitario. Avere nuovi strumenti che permettano di dare supporto ai professionisti e aumentarne il benessere.[\/vc_column_text][\/vc_column_inner][\/vc_row_inner][\/vc_column][\/vc_row][vc_row full_width=&#8221;stretch_row&#8221; css=&#8221;.vc_custom_1645194616908{margin-bottom: -20px !important;padding-top: 30px !important;padding-bottom: 30px !important;background-color: #21734c !important;}&#8221; el_class=&#8221;centered&#8221;][vc_column width=&#8221;1\/4&#8243;][\/vc_column][vc_column width=&#8221;1\/4&#8243;]<div class=\"thim-widget-heading template-base\"><div class=\"sc_heading  text-center\"><h3 style=\"text-transform: uppercase;color:#ffffff;\" class=\"title\">Iscriviti ora<\/h3><\/div><\/div>[\/vc_column][vc_column width=&#8221;1\/4&#8243;]<div class=\" ubtn-ctn-center \"><a class=\"ubtn-link ult-adjust-bottom-margin ubtn-center ubtn-large \" href=\"https:\/\/lr.medicinanarrativa.eu\/course\/view.php?id=50\" target=\"_blank\" rel=\"  noopener\" ><button type=\"button\" id=\"ubtn-2122\" class=\"ubtn ult-adjust-bottom-margin ult-responsive ubtn-large ubtn-no-hover-bg  none  ubtn-sep-icon ubtn-sep-icon-at-left  ubtn-center  ubtn-only-icon   tooltip-69dc2263a05a3\"  data-hover=\"\" data-border-color=\"#ffffff\" data-bg=\"#ffffff\" data-hover-bg=\"\" data-border-hover=\"#ffffff\" data-shadow-hover=\"\" data-shadow-click=\"none\" data-shadow=\"\" data-shd-shadow=\"\"  data-ultimate-target='#ubtn-2122'  data-responsive-json-new='{\"font-size\":\"desktop:28px;\",\"line-height\":\"\"}'  style=\"font-weight:bold;border-radius:15px;border-width:3px;border-color:#ffffff;border-style:solid;background: #ffffff;color: #21734c;\"><span class=\"ubtn-data ubtn-icon\"><i class=\"Defaults-cart-plus\" style=\"font-size:32px;color:#21734c;\"><\/i><\/span><span class=\"ubtn-hover\" style=\"background-color:\"><\/span><span class=\"ubtn-data ubtn-text \" ><\/span><\/button><\/a><\/div>[\/vc_column][vc_column width=&#8221;1\/4&#8243;][\/vc_column][\/vc_row][vc_row full_width=&#8221;stretch_row&#8221; css=&#8221;.vc_custom_1580928163558{margin-bottom: -20px !important;padding-top: 30px !important;padding-bottom: 30px !important;background-color: #21734c !important;}&#8221; el_id=&#8221;prenota&#8221; el_class=&#8221;centered&#8221;][vc_column]<div class=\"thim-widget-heading template-base\"><div class=\"sc_heading  \"><h3 style=\"text-transform: uppercase;color:#ffffff;\" class=\"title\">Richiedi informazioni<\/h3><\/div><\/div><div role=\"form\" class=\"wpcf7\" id=\"wpcf7-f3522-o1\" lang=\"it-IT\" dir=\"ltr\">\n<div class=\"screen-reader-response\"><p role=\"status\" aria-live=\"polite\" aria-atomic=\"true\"><\/p> <ul><\/ul><\/div>\n<form action=\"\/sanita\/wp-json\/wp\/v2\/pages\/4536#wpcf7-f3522-o1\" method=\"post\" class=\"wpcf7-form init\" novalidate=\"novalidate\" data-status=\"init\">\n<div style=\"display: none;\">\n<input type=\"hidden\" name=\"_wpcf7\" value=\"3522\" \/>\n<input type=\"hidden\" name=\"_wpcf7_version\" value=\"5.5.6\" \/>\n<input type=\"hidden\" name=\"_wpcf7_locale\" value=\"it_IT\" \/>\n<input type=\"hidden\" name=\"_wpcf7_unit_tag\" value=\"wpcf7-f3522-o1\" \/>\n<input type=\"hidden\" name=\"_wpcf7_container_post\" value=\"0\" \/>\n<input type=\"hidden\" name=\"_wpcf7_posted_data_hash\" value=\"\" \/>\n<input type=\"hidden\" name=\"_wpcf7_recaptcha_response\" value=\"\" \/>\n<\/div>\n<p><span class=\"wpcf7-form-control-wrap nome\"><input type=\"text\" name=\"nome\" value=\"\" size=\"40\" class=\"wpcf7-form-control wpcf7-text wpcf7-validates-as-required\" aria-required=\"true\" aria-invalid=\"false\" placeholder=\"Nome*\" \/><\/span><\/p>\n<p><span class=\"wpcf7-form-control-wrap cognome\"><input type=\"text\" name=\"cognome\" value=\"\" size=\"40\" class=\"wpcf7-form-control wpcf7-text wpcf7-validates-as-required\" aria-required=\"true\" aria-invalid=\"false\" placeholder=\"Cognome*\" \/><\/span><\/p>\n<p><span class=\"wpcf7-form-control-wrap email\"><input type=\"email\" name=\"email\" value=\"\" size=\"40\" class=\"wpcf7-form-control wpcf7-text wpcf7-email wpcf7-validates-as-required wpcf7-validates-as-email\" aria-required=\"true\" aria-invalid=\"false\" placeholder=\"E-mail*\" \/><\/span><\/p>\n<p><span class=\"wpcf7-form-control-wrap tel\"><input type=\"tel\" name=\"tel\" value=\"\" size=\"40\" class=\"wpcf7-form-control wpcf7-text wpcf7-tel wpcf7-validates-as-required wpcf7-validates-as-tel\" aria-required=\"true\" aria-invalid=\"false\" placeholder=\"Telefono*\" \/><\/span><\/p>\n<input type=\"hidden\" name=\"utm_source\" value=\"sito\" class=\"wpcf7-form-control wpcf7-hidden\" \/>\n<p align=\"left\"><font color=\"#ffffff\"><strong>Privacy*<\/strong><br \/>Ho letto l'<a href=\"https:\/\/www.istud.it\/privacy-informativa-e-richiesta-di-consenso-form\/\" target=\"_blank\" style=\"color:#ffffff; text-decoration: underline\"><strong>informativa<\/strong><\/a> e per quanto riguarda i trattamenti richiesti per consentire al Titolare del trattamento di realizzare la finalit\u00e0 di \u201cAttivit\u00e0 di Marketing\u201d (<em>informazioni pubblicitarie e promozionali, comunicazioni commerciali, newsletter e pubblicazioni periodiche, etc...<\/em>) mediante l\u2019impiego della posta cartacea, del telefono, del suo indirizzo di posta elettronica <span class=\"wpcf7-form-control-wrap privacy\"><span class=\"wpcf7-form-control wpcf7-checkbox wpcf7-validates-as-required wpcf7-exclusive-checkbox\"><span class=\"wpcf7-list-item first\"><input type=\"checkbox\" name=\"privacy\" value=\"Accetto\" \/><span class=\"wpcf7-list-item-label\">Accetto<\/span><\/span><span class=\"wpcf7-list-item last\"><input type=\"checkbox\" name=\"privacy\" value=\"Non accetto\" \/><span class=\"wpcf7-list-item-label\">Non accetto<\/span><\/span><\/span><\/span><\/font><\/p>\n<p><input type=\"submit\" value=\"Invia dati\" class=\"wpcf7-form-control has-spinner wpcf7-submit\" \/><\/p>\n<div class=\"wpcf7-response-output\" aria-hidden=\"true\"><\/div><\/form><\/div>[\/vc_column][\/vc_row]<\/p>\n","protected":false},"excerpt":{"rendered":"<p>[vc_row full_width=&#8221;stretch_row&#8221; full_height=&#8221;yes&#8221; css=&#8221;.vc_custom_1561726439761{margin-bottom: -35px !important;padding-top: 50px !important;padding-bottom: 20px !important;background-color: #21734c !important;}&#8221;][vc_column][vc_row_inner][vc_column_inner offset=&#8221;vc_hidden-md vc_hidden-sm vc_hidden-xs&#8221;][\/vc_column_inner][\/vc_row_inner][vc_row_inner equal_height=&#8221;yes&#8221; content_placement=&#8221;top&#8221;][vc_column_inner width=&#8221;1\/3&#8243;][vc_single_image image=&#8221;4539&#8243; img_size=&#8221;300&#215;100&#8243;][\/vc_column_inner][vc_column_inner width=&#8221;1\/3&#8243;][vc_column_text el_class=&#8221;white&#8221;]Responsabile Scientifico: Maria Giulia Marini Codice ECM: 475406 Provider &hellip; <\/p>\n","protected":false},"author":3,"featured_media":4877,"parent":0,"menu_order":0,"comment_status":"closed","ping_status":"closed","template":"","meta":[],"categories":[11,60],"yoast_head":"<!-- This site is optimized with the Yoast SEO plugin v18.4.1 - https:\/\/yoast.com\/wordpress\/plugins\/seo\/ -->\n<title>Introduzione alla Medicina Narrativa - Corso ECM FAD - ISTUD Sanit\u00e0<\/title>\n<meta name=\"robots\" content=\"index, follow, max-snippet:-1, max-image-preview:large, max-video-preview:-1\" \/>\n<link rel=\"canonical\" href=\"https:\/\/www.istud.it\/sanita\/introduzione-alla-medicina-narrativa-corso-ecm-fad\/\" \/>\n<meta property=\"og:locale\" content=\"it_IT\" \/>\n<meta property=\"og:type\" content=\"article\" \/>\n<meta property=\"og:title\" content=\"Introduzione alla Medicina Narrativa - Corso ECM FAD - ISTUD Sanit\u00e0\" \/>\n<meta property=\"og:description\" content=\"[vc_row full_width=&#8221;stretch_row&#8221; full_height=&#8221;yes&#8221; css=&#8221;.vc_custom_1561726439761{margin-bottom: -35px !important;padding-top: 50px !important;padding-bottom: 20px !important;background-color: #21734c !important;}&#8221;][vc_column][vc_row_inner][vc_column_inner offset=&#8221;vc_hidden-md vc_hidden-sm vc_hidden-xs&#8221;][\/vc_column_inner][\/vc_row_inner][vc_row_inner equal_height=&#8221;yes&#8221; content_placement=&#8221;top&#8221;][vc_column_inner width=&#8221;1\/3&#8243;][vc_single_image image=&#8221;4539&#8243; img_size=&#8221;300&#215;100&#8243;][\/vc_column_inner][vc_column_inner width=&#8221;1\/3&#8243;][vc_column_text el_class=&#8221;white&#8221;]Responsabile Scientifico: Maria Giulia Marini Codice ECM: 475406 Provider &hellip;\" \/>\n<meta property=\"og:url\" content=\"https:\/\/www.istud.it\/sanita\/introduzione-alla-medicina-narrativa-corso-ecm-fad\/\" \/>\n<meta property=\"og:site_name\" content=\"ISTUD Sanit\u00e0\" \/>\n<meta property=\"article:publisher\" content=\"https:\/\/www.facebook.com\/IstudSanita\/\" \/>\n<meta property=\"article:modified_time\" content=\"2026-02-10T14:26:44+00:00\" \/>\n<meta property=\"og:image\" content=\"https:\/\/www.istud.it\/sanita\/wp-content\/uploads\/2023\/02\/Corsi-FAD-Intro-Medicina-Narrativa-Anteprima.jpg\" \/>\n\t<meta property=\"og:image:width\" content=\"1080\" \/>\n\t<meta property=\"og:image:height\" content=\"1080\" \/>\n\t<meta property=\"og:image:type\" content=\"image\/jpeg\" \/>\n<meta name=\"twitter:card\" content=\"summary\" \/>\n<meta name=\"twitter:site\" content=\"@istud_sanita\" \/>\n<meta name=\"twitter:label1\" content=\"Tempo di lettura stimato\" \/>\n\t<meta name=\"twitter:data1\" content=\"2 minuti\" \/>\n<script type=\"application\/ld+json\" class=\"yoast-schema-graph\">{\"@context\":\"https:\/\/schema.org\",\"@graph\":[{\"@type\":\"WebSite\",\"@id\":\"https:\/\/www.istud.it\/sanita\/#website\",\"url\":\"https:\/\/www.istud.it\/sanita\/\",\"name\":\"ISTUD Sanit\u00e0\",\"description\":\"\",\"potentialAction\":[{\"@type\":\"SearchAction\",\"target\":{\"@type\":\"EntryPoint\",\"urlTemplate\":\"https:\/\/www.istud.it\/sanita\/?s={search_term_string}\"},\"query-input\":\"required name=search_term_string\"}],\"inLanguage\":\"it-IT\"},{\"@type\":\"ImageObject\",\"@id\":\"https:\/\/www.istud.it\/sanita\/introduzione-alla-medicina-narrativa-corso-ecm-fad\/#primaryimage\",\"inLanguage\":\"it-IT\",\"url\":\"https:\/\/www.istud.it\/sanita\/wp-content\/uploads\/2023\/02\/Corsi-FAD-Intro-Medicina-Narrativa-Anteprima.jpg\",\"contentUrl\":\"https:\/\/www.istud.it\/sanita\/wp-content\/uploads\/2023\/02\/Corsi-FAD-Intro-Medicina-Narrativa-Anteprima.jpg\",\"width\":1080,\"height\":1080},{\"@type\":\"WebPage\",\"@id\":\"https:\/\/www.istud.it\/sanita\/introduzione-alla-medicina-narrativa-corso-ecm-fad\/#webpage\",\"url\":\"https:\/\/www.istud.it\/sanita\/introduzione-alla-medicina-narrativa-corso-ecm-fad\/\",\"name\":\"Introduzione alla Medicina Narrativa - Corso ECM FAD - ISTUD Sanit\u00e0\",\"isPartOf\":{\"@id\":\"https:\/\/www.istud.it\/sanita\/#website\"},\"primaryImageOfPage\":{\"@id\":\"https:\/\/www.istud.it\/sanita\/introduzione-alla-medicina-narrativa-corso-ecm-fad\/#primaryimage\"},\"datePublished\":\"2022-06-16T17:24:40+00:00\",\"dateModified\":\"2026-02-10T14:26:44+00:00\",\"breadcrumb\":{\"@id\":\"https:\/\/www.istud.it\/sanita\/introduzione-alla-medicina-narrativa-corso-ecm-fad\/#breadcrumb\"},\"inLanguage\":\"it-IT\",\"potentialAction\":[{\"@type\":\"ReadAction\",\"target\":[\"https:\/\/www.istud.it\/sanita\/introduzione-alla-medicina-narrativa-corso-ecm-fad\/\"]}]},{\"@type\":\"BreadcrumbList\",\"@id\":\"https:\/\/www.istud.it\/sanita\/introduzione-alla-medicina-narrativa-corso-ecm-fad\/#breadcrumb\",\"itemListElement\":[{\"@type\":\"ListItem\",\"position\":1,\"name\":\"Home\",\"item\":\"https:\/\/www.istud.it\/sanita\/\"},{\"@type\":\"ListItem\",\"position\":2,\"name\":\"Introduzione alla Medicina Narrativa &#8211; Corso ECM FAD\"}]}]}<\/script>\n<!-- \/ Yoast SEO plugin. -->","yoast_head_json":{"title":"Introduzione alla Medicina Narrativa - Corso ECM FAD - ISTUD Sanit\u00e0","robots":{"index":"index","follow":"follow","max-snippet":"max-snippet:-1","max-image-preview":"max-image-preview:large","max-video-preview":"max-video-preview:-1"},"canonical":"https:\/\/www.istud.it\/sanita\/introduzione-alla-medicina-narrativa-corso-ecm-fad\/","og_locale":"it_IT","og_type":"article","og_title":"Introduzione alla Medicina Narrativa - Corso ECM FAD - ISTUD Sanit\u00e0","og_description":"[vc_row full_width=&#8221;stretch_row&#8221; full_height=&#8221;yes&#8221; css=&#8221;.vc_custom_1561726439761{margin-bottom: -35px !important;padding-top: 50px !important;padding-bottom: 20px !important;background-color: #21734c !important;}&#8221;][vc_column][vc_row_inner][vc_column_inner offset=&#8221;vc_hidden-md vc_hidden-sm vc_hidden-xs&#8221;][\/vc_column_inner][\/vc_row_inner][vc_row_inner equal_height=&#8221;yes&#8221; content_placement=&#8221;top&#8221;][vc_column_inner width=&#8221;1\/3&#8243;][vc_single_image image=&#8221;4539&#8243; img_size=&#8221;300&#215;100&#8243;][\/vc_column_inner][vc_column_inner width=&#8221;1\/3&#8243;][vc_column_text el_class=&#8221;white&#8221;]Responsabile Scientifico: Maria Giulia Marini Codice ECM: 475406 Provider &hellip;","og_url":"https:\/\/www.istud.it\/sanita\/introduzione-alla-medicina-narrativa-corso-ecm-fad\/","og_site_name":"ISTUD Sanit\u00e0","article_publisher":"https:\/\/www.facebook.com\/IstudSanita\/","article_modified_time":"2026-02-10T14:26:44+00:00","og_image":[{"width":1080,"height":1080,"url":"https:\/\/www.istud.it\/sanita\/wp-content\/uploads\/2023\/02\/Corsi-FAD-Intro-Medicina-Narrativa-Anteprima.jpg","type":"image\/jpeg"}],"twitter_card":"summary","twitter_site":"@istud_sanita","twitter_misc":{"Tempo di lettura stimato":"2 minuti"},"schema":{"@context":"https:\/\/schema.org","@graph":[{"@type":"WebSite","@id":"https:\/\/www.istud.it\/sanita\/#website","url":"https:\/\/www.istud.it\/sanita\/","name":"ISTUD Sanit\u00e0","description":"","potentialAction":[{"@type":"SearchAction","target":{"@type":"EntryPoint","urlTemplate":"https:\/\/www.istud.it\/sanita\/?s={search_term_string}"},"query-input":"required name=search_term_string"}],"inLanguage":"it-IT"},{"@type":"ImageObject","@id":"https:\/\/www.istud.it\/sanita\/introduzione-alla-medicina-narrativa-corso-ecm-fad\/#primaryimage","inLanguage":"it-IT","url":"https:\/\/www.istud.it\/sanita\/wp-content\/uploads\/2023\/02\/Corsi-FAD-Intro-Medicina-Narrativa-Anteprima.jpg","contentUrl":"https:\/\/www.istud.it\/sanita\/wp-content\/uploads\/2023\/02\/Corsi-FAD-Intro-Medicina-Narrativa-Anteprima.jpg","width":1080,"height":1080},{"@type":"WebPage","@id":"https:\/\/www.istud.it\/sanita\/introduzione-alla-medicina-narrativa-corso-ecm-fad\/#webpage","url":"https:\/\/www.istud.it\/sanita\/introduzione-alla-medicina-narrativa-corso-ecm-fad\/","name":"Introduzione alla Medicina Narrativa - Corso ECM FAD - ISTUD Sanit\u00e0","isPartOf":{"@id":"https:\/\/www.istud.it\/sanita\/#website"},"primaryImageOfPage":{"@id":"https:\/\/www.istud.it\/sanita\/introduzione-alla-medicina-narrativa-corso-ecm-fad\/#primaryimage"},"datePublished":"2022-06-16T17:24:40+00:00","dateModified":"2026-02-10T14:26:44+00:00","breadcrumb":{"@id":"https:\/\/www.istud.it\/sanita\/introduzione-alla-medicina-narrativa-corso-ecm-fad\/#breadcrumb"},"inLanguage":"it-IT","potentialAction":[{"@type":"ReadAction","target":["https:\/\/www.istud.it\/sanita\/introduzione-alla-medicina-narrativa-corso-ecm-fad\/"]}]},{"@type":"BreadcrumbList","@id":"https:\/\/www.istud.it\/sanita\/introduzione-alla-medicina-narrativa-corso-ecm-fad\/#breadcrumb","itemListElement":[{"@type":"ListItem","position":1,"name":"Home","item":"https:\/\/www.istud.it\/sanita\/"},{"@type":"ListItem","position":2,"name":"Introduzione alla Medicina Narrativa &#8211; Corso ECM FAD"}]}]}},"_links":{"self":[{"href":"https:\/\/www.istud.it\/sanita\/wp-json\/wp\/v2\/pages\/4536"}],"collection":[{"href":"https:\/\/www.istud.it\/sanita\/wp-json\/wp\/v2\/pages"}],"about":[{"href":"https:\/\/www.istud.it\/sanita\/wp-json\/wp\/v2\/types\/page"}],"author":[{"embeddable":true,"href":"https:\/\/www.istud.it\/sanita\/wp-json\/wp\/v2\/users\/3"}],"replies":[{"embeddable":true,"href":"https:\/\/www.istud.it\/sanita\/wp-json\/wp\/v2\/comments?post=4536"}],"version-history":[{"count":21,"href":"https:\/\/www.istud.it\/sanita\/wp-json\/wp\/v2\/pages\/4536\/revisions"}],"predecessor-version":[{"id":7590,"href":"https:\/\/www.istud.it\/sanita\/wp-json\/wp\/v2\/pages\/4536\/revisions\/7590"}],"wp:featuredmedia":[{"embeddable":true,"href":"https:\/\/www.istud.it\/sanita\/wp-json\/wp\/v2\/media\/4877"}],"wp:attachment":[{"href":"https:\/\/www.istud.it\/sanita\/wp-json\/wp\/v2\/media?parent=4536"}],"wp:term":[{"taxonomy":"category","embeddable":true,"href":"https:\/\/www.istud.it\/sanita\/wp-json\/wp\/v2\/categories?post=4536"}],"curies":[{"name":"wp","href":"https:\/\/api.w.org\/{rel}","templated":true}]}}