{"id":3374,"date":"2019-11-14T18:30:35","date_gmt":"2019-11-14T17:30:35","guid":{"rendered":"https:\/\/www.istud.it\/sanita\/?page_id=3374"},"modified":"2019-11-14T18:42:28","modified_gmt":"2019-11-14T17:42:28","slug":"praxis-prader-willi-excellence-in-care-with-story-taking","status":"publish","type":"page","link":"https:\/\/www.istud.it\/sanita\/ricerca\/praxis-prader-willi-excellence-in-care-with-story-taking\/","title":{"rendered":"PRAXIS &#8211; PRADER WILLI EXCELLENCE IN CARE WITH STORY TAKING"},"content":{"rendered":"<p>[vc_row][vc_column]<div class=\"thim-widget-heading template-base\"><div class=\"sc_heading  \"><h3 style=\"text-transform: uppercase;\" class=\"title\">PRAXIS - PRADER WILLI EXCELLENCE IN CARE WITH STORY TAKING<\/h3><p class=\"sub-heading\" style=\"\">Data inizio progetto: 2019<\/p><\/div><\/div>[\/vc_column][\/vc_row][vc_row][vc_column width=&#8221;2\/3&#8243;][vc_column_text]<\/p>\n<div class=\"blox-element blox-element-text \" data-animate=\"none\">\n<h4 class=\"element-title\">Obiettivo del progetto<\/h4>\n<p>Il\u00a0<strong>progetto PRAXIS<\/strong>\u00a0\u2013 voluto dal \u201cGruppo di Studio delle Obesit\u00e0 Genetiche della SIEDP\u201d (<a href=\"http:\/\/www.siedp.it\/\" target=\"_blank\" rel=\"noopener\">Societ\u00e0 Italiana di Endocrinologia e Diabetologia Pediatrica<\/a>) costituito da professionisti di cura desidera raccogliere le esperienze sul\u00a0<strong>vissuto di cura dei bambini, degli adolescenti, degli adulti con Prader-Willi, dei loro familiari e dei professionisti sanitari.<\/strong><\/p>\n<\/div>\n<p>[\/vc_column_text][vc_column_text]<\/p>\n<div class=\"blox-element blox-element-text \" data-animate=\"none\">\n<h4>Perch\u00e9 partecipare?<\/h4>\n<\/div>\n<div class=\"blox-element blox-element-text \" data-animate=\"none\">\n<p>Ogni esperienza di Prader-Willi \u00e8 unica e fondamentale e sar\u00e0 trattata completamente in anonimato. I disegni, la scelta delle immagini, le narrazioni non saranno valutate, ma verranno analizzate per permetterci di comprendere come migliorare la qualit\u00e0 delle cure. Ciascuno strumento proposto \u00e8 stato pensato per favorire la raccolta della sua esperienza, sar\u00e0 una sua scelta decidere di seguire tutti i punti o solo quelli che ritiene importanti o aggiungerne altri che secondo lei mancano.<\/p>\n<\/div>\n<p>[\/vc_column_text][vc_row_inner el_class=&#8221;centered&#8221;][vc_column_inner][vc_column_text]Iniziativa promossa da[\/vc_column_text][vc_single_image image=&#8221;3378&#8243; img_size=&#8221;full&#8221; alignment=&#8221;center&#8221;][\/vc_column_inner][\/vc_row_inner][\/vc_column][vc_column width=&#8221;1\/3&#8243; el_class=&#8221;centered&#8221;]<div class=\"thim-widget-button template-base\"><a class=\"widget-button very-rounded small custom_style\" href=\"https:\/\/www.medicinanarrativa.eu\/praxis-prader-willi-excellence-care-with-story-taking\" target=\"_blank\" style=\"font-size: 14px;border-width: 1;color: #333333;border-color: #333333;background-color: #ffffff;\" data-hover=\"font-size: 14px;border-width: 1;color: #333333;border-color: #21734c;background-color: #21734c;\">Partecipa al progetto<\/a><\/div>[\/vc_column][\/vc_row]<\/p>\n","protected":false},"excerpt":{"rendered":"<p>[vc_row][vc_column][\/vc_column][\/vc_row][vc_row][vc_column width=&#8221;2\/3&#8243;][vc_column_text] Obiettivo del progetto Il\u00a0progetto PRAXIS\u00a0\u2013 voluto dal \u201cGruppo di Studio delle Obesit\u00e0 Genetiche della SIEDP\u201d (Societ\u00e0 Italiana di Endocrinologia e Diabetologia Pediatrica) costituito da professionisti di cura desidera &hellip; <\/p>\n","protected":false},"author":3,"featured_media":3375,"parent":292,"menu_order":0,"comment_status":"closed","ping_status":"closed","template":"","meta":[],"categories":[6,33],"yoast_head":"<!-- This site is optimized with the Yoast SEO plugin v18.4.1 - https:\/\/yoast.com\/wordpress\/plugins\/seo\/ -->\n<title>PRAXIS - PRADER WILLI EXCELLENCE IN CARE WITH STORY TAKING - ISTUD Sanit\u00e0<\/title>\n<meta name=\"description\" content=\"Un progetto che raccoglie le esperienze sul\u00a0vissuto di cura di persone con Prader-Willi, dei loro familiari e dei professionisti sanitari.\" \/>\n<meta name=\"robots\" content=\"index, follow, max-snippet:-1, max-image-preview:large, max-video-preview:-1\" \/>\n<link rel=\"canonical\" href=\"https:\/\/www.istud.it\/sanita\/ricerca\/praxis-prader-willi-excellence-in-care-with-story-taking\/\" \/>\n<meta property=\"og:locale\" content=\"it_IT\" \/>\n<meta property=\"og:type\" content=\"article\" \/>\n<meta property=\"og:title\" content=\"PRAXIS - PRADER WILLI EXCELLENCE IN CARE WITH STORY TAKING - ISTUD Sanit\u00e0\" \/>\n<meta property=\"og:description\" content=\"Un progetto che raccoglie le esperienze sul\u00a0vissuto di cura di persone con Prader-Willi, dei loro familiari e dei professionisti sanitari.\" \/>\n<meta property=\"og:url\" content=\"https:\/\/www.istud.it\/sanita\/ricerca\/praxis-prader-willi-excellence-in-care-with-story-taking\/\" \/>\n<meta property=\"og:site_name\" content=\"ISTUD Sanit\u00e0\" \/>\n<meta property=\"article:publisher\" content=\"https:\/\/www.facebook.com\/IstudSanita\/\" \/>\n<meta property=\"article:modified_time\" content=\"2019-11-14T17:42:28+00:00\" \/>\n<meta property=\"og:image\" content=\"https:\/\/www.istud.it\/sanita\/wp-content\/uploads\/2019\/11\/progetto-praxis.jpg\" \/>\n\t<meta property=\"og:image:width\" content=\"789\" \/>\n\t<meta property=\"og:image:height\" content=\"780\" \/>\n\t<meta property=\"og:image:type\" content=\"image\/jpeg\" \/>\n<meta name=\"twitter:card\" content=\"summary\" \/>\n<meta name=\"twitter:site\" content=\"@istud_sanita\" \/>\n<meta name=\"twitter:label1\" content=\"Tempo di lettura stimato\" \/>\n\t<meta name=\"twitter:data1\" content=\"1 minuto\" \/>\n<script type=\"application\/ld+json\" class=\"yoast-schema-graph\">{\"@context\":\"https:\/\/schema.org\",\"@graph\":[{\"@type\":\"WebSite\",\"@id\":\"https:\/\/www.istud.it\/sanita\/#website\",\"url\":\"https:\/\/www.istud.it\/sanita\/\",\"name\":\"ISTUD Sanit\u00e0\",\"description\":\"\",\"potentialAction\":[{\"@type\":\"SearchAction\",\"target\":{\"@type\":\"EntryPoint\",\"urlTemplate\":\"https:\/\/www.istud.it\/sanita\/?s={search_term_string}\"},\"query-input\":\"required name=search_term_string\"}],\"inLanguage\":\"it-IT\"},{\"@type\":\"ImageObject\",\"@id\":\"https:\/\/www.istud.it\/sanita\/ricerca\/praxis-prader-willi-excellence-in-care-with-story-taking\/#primaryimage\",\"inLanguage\":\"it-IT\",\"url\":\"https:\/\/www.istud.it\/sanita\/wp-content\/uploads\/2019\/11\/progetto-praxis.jpg\",\"contentUrl\":\"https:\/\/www.istud.it\/sanita\/wp-content\/uploads\/2019\/11\/progetto-praxis.jpg\",\"width\":789,\"height\":780,\"caption\":\"progetto praxis\"},{\"@type\":\"WebPage\",\"@id\":\"https:\/\/www.istud.it\/sanita\/ricerca\/praxis-prader-willi-excellence-in-care-with-story-taking\/#webpage\",\"url\":\"https:\/\/www.istud.it\/sanita\/ricerca\/praxis-prader-willi-excellence-in-care-with-story-taking\/\",\"name\":\"PRAXIS - PRADER WILLI EXCELLENCE IN CARE WITH STORY TAKING - ISTUD Sanit\u00e0\",\"isPartOf\":{\"@id\":\"https:\/\/www.istud.it\/sanita\/#website\"},\"primaryImageOfPage\":{\"@id\":\"https:\/\/www.istud.it\/sanita\/ricerca\/praxis-prader-willi-excellence-in-care-with-story-taking\/#primaryimage\"},\"datePublished\":\"2019-11-14T17:30:35+00:00\",\"dateModified\":\"2019-11-14T17:42:28+00:00\",\"description\":\"Un progetto che raccoglie le esperienze sul\u00a0vissuto di cura di persone con Prader-Willi, dei loro familiari e dei professionisti sanitari.\",\"breadcrumb\":{\"@id\":\"https:\/\/www.istud.it\/sanita\/ricerca\/praxis-prader-willi-excellence-in-care-with-story-taking\/#breadcrumb\"},\"inLanguage\":\"it-IT\",\"potentialAction\":[{\"@type\":\"ReadAction\",\"target\":[\"https:\/\/www.istud.it\/sanita\/ricerca\/praxis-prader-willi-excellence-in-care-with-story-taking\/\"]}]},{\"@type\":\"BreadcrumbList\",\"@id\":\"https:\/\/www.istud.it\/sanita\/ricerca\/praxis-prader-willi-excellence-in-care-with-story-taking\/#breadcrumb\",\"itemListElement\":[{\"@type\":\"ListItem\",\"position\":1,\"name\":\"Home\",\"item\":\"https:\/\/www.istud.it\/sanita\/\"},{\"@type\":\"ListItem\",\"position\":2,\"name\":\"Ricerca\",\"item\":\"https:\/\/www.istud.it\/sanita\/ricerca\/\"},{\"@type\":\"ListItem\",\"position\":3,\"name\":\"PRAXIS &#8211; PRADER WILLI EXCELLENCE IN CARE WITH STORY TAKING\"}]}]}<\/script>\n<!-- \/ Yoast SEO plugin. -->","yoast_head_json":{"title":"PRAXIS - PRADER WILLI EXCELLENCE IN CARE WITH STORY TAKING - ISTUD Sanit\u00e0","description":"Un progetto che raccoglie le esperienze sul\u00a0vissuto di cura di persone con Prader-Willi, dei loro familiari e dei professionisti sanitari.","robots":{"index":"index","follow":"follow","max-snippet":"max-snippet:-1","max-image-preview":"max-image-preview:large","max-video-preview":"max-video-preview:-1"},"canonical":"https:\/\/www.istud.it\/sanita\/ricerca\/praxis-prader-willi-excellence-in-care-with-story-taking\/","og_locale":"it_IT","og_type":"article","og_title":"PRAXIS - PRADER WILLI EXCELLENCE IN CARE WITH STORY TAKING - ISTUD Sanit\u00e0","og_description":"Un progetto che raccoglie le esperienze sul\u00a0vissuto di cura di persone con Prader-Willi, dei loro familiari e dei professionisti sanitari.","og_url":"https:\/\/www.istud.it\/sanita\/ricerca\/praxis-prader-willi-excellence-in-care-with-story-taking\/","og_site_name":"ISTUD Sanit\u00e0","article_publisher":"https:\/\/www.facebook.com\/IstudSanita\/","article_modified_time":"2019-11-14T17:42:28+00:00","og_image":[{"width":789,"height":780,"url":"https:\/\/www.istud.it\/sanita\/wp-content\/uploads\/2019\/11\/progetto-praxis.jpg","type":"image\/jpeg"}],"twitter_card":"summary","twitter_site":"@istud_sanita","twitter_misc":{"Tempo di lettura stimato":"1 minuto"},"schema":{"@context":"https:\/\/schema.org","@graph":[{"@type":"WebSite","@id":"https:\/\/www.istud.it\/sanita\/#website","url":"https:\/\/www.istud.it\/sanita\/","name":"ISTUD Sanit\u00e0","description":"","potentialAction":[{"@type":"SearchAction","target":{"@type":"EntryPoint","urlTemplate":"https:\/\/www.istud.it\/sanita\/?s={search_term_string}"},"query-input":"required name=search_term_string"}],"inLanguage":"it-IT"},{"@type":"ImageObject","@id":"https:\/\/www.istud.it\/sanita\/ricerca\/praxis-prader-willi-excellence-in-care-with-story-taking\/#primaryimage","inLanguage":"it-IT","url":"https:\/\/www.istud.it\/sanita\/wp-content\/uploads\/2019\/11\/progetto-praxis.jpg","contentUrl":"https:\/\/www.istud.it\/sanita\/wp-content\/uploads\/2019\/11\/progetto-praxis.jpg","width":789,"height":780,"caption":"progetto praxis"},{"@type":"WebPage","@id":"https:\/\/www.istud.it\/sanita\/ricerca\/praxis-prader-willi-excellence-in-care-with-story-taking\/#webpage","url":"https:\/\/www.istud.it\/sanita\/ricerca\/praxis-prader-willi-excellence-in-care-with-story-taking\/","name":"PRAXIS - PRADER WILLI EXCELLENCE IN CARE WITH STORY TAKING - ISTUD Sanit\u00e0","isPartOf":{"@id":"https:\/\/www.istud.it\/sanita\/#website"},"primaryImageOfPage":{"@id":"https:\/\/www.istud.it\/sanita\/ricerca\/praxis-prader-willi-excellence-in-care-with-story-taking\/#primaryimage"},"datePublished":"2019-11-14T17:30:35+00:00","dateModified":"2019-11-14T17:42:28+00:00","description":"Un progetto che raccoglie le esperienze sul\u00a0vissuto di cura di persone con Prader-Willi, dei loro familiari e dei professionisti sanitari.","breadcrumb":{"@id":"https:\/\/www.istud.it\/sanita\/ricerca\/praxis-prader-willi-excellence-in-care-with-story-taking\/#breadcrumb"},"inLanguage":"it-IT","potentialAction":[{"@type":"ReadAction","target":["https:\/\/www.istud.it\/sanita\/ricerca\/praxis-prader-willi-excellence-in-care-with-story-taking\/"]}]},{"@type":"BreadcrumbList","@id":"https:\/\/www.istud.it\/sanita\/ricerca\/praxis-prader-willi-excellence-in-care-with-story-taking\/#breadcrumb","itemListElement":[{"@type":"ListItem","position":1,"name":"Home","item":"https:\/\/www.istud.it\/sanita\/"},{"@type":"ListItem","position":2,"name":"Ricerca","item":"https:\/\/www.istud.it\/sanita\/ricerca\/"},{"@type":"ListItem","position":3,"name":"PRAXIS &#8211; PRADER WILLI EXCELLENCE IN CARE WITH STORY TAKING"}]}]}},"_links":{"self":[{"href":"https:\/\/www.istud.it\/sanita\/wp-json\/wp\/v2\/pages\/3374"}],"collection":[{"href":"https:\/\/www.istud.it\/sanita\/wp-json\/wp\/v2\/pages"}],"about":[{"href":"https:\/\/www.istud.it\/sanita\/wp-json\/wp\/v2\/types\/page"}],"author":[{"embeddable":true,"href":"https:\/\/www.istud.it\/sanita\/wp-json\/wp\/v2\/users\/3"}],"replies":[{"embeddable":true,"href":"https:\/\/www.istud.it\/sanita\/wp-json\/wp\/v2\/comments?post=3374"}],"version-history":[{"count":4,"href":"https:\/\/www.istud.it\/sanita\/wp-json\/wp\/v2\/pages\/3374\/revisions"}],"predecessor-version":[{"id":3380,"href":"https:\/\/www.istud.it\/sanita\/wp-json\/wp\/v2\/pages\/3374\/revisions\/3380"}],"up":[{"embeddable":true,"href":"https:\/\/www.istud.it\/sanita\/wp-json\/wp\/v2\/pages\/292"}],"wp:featuredmedia":[{"embeddable":true,"href":"https:\/\/www.istud.it\/sanita\/wp-json\/wp\/v2\/media\/3375"}],"wp:attachment":[{"href":"https:\/\/www.istud.it\/sanita\/wp-json\/wp\/v2\/media?parent=3374"}],"wp:term":[{"taxonomy":"category","embeddable":true,"href":"https:\/\/www.istud.it\/sanita\/wp-json\/wp\/v2\/categories?post=3374"}],"curies":[{"name":"wp","href":"https:\/\/api.w.org\/{rel}","templated":true}]}}