{"id":3127,"date":"2019-06-28T14:35:15","date_gmt":"2019-06-28T12:35:15","guid":{"rendered":"https:\/\/www.istud.it\/sanita\/?page_id=3127"},"modified":"2026-02-10T15:28:16","modified_gmt":"2026-02-10T14:28:16","slug":"medicina-narrativa-colmare-il-divario-tra-cure-basate-sulle-evidenze-e-humanitas-scientifica","status":"publish","type":"page","link":"https:\/\/www.istud.it\/sanita\/medicina-narrativa-colmare-il-divario-tra-cure-basate-sulle-evidenze-e-humanitas-scientifica\/","title":{"rendered":"Medicina Narrativa. Colmare il divario tra cure basate sulle evidenze e humanitas scientifica &#8211; Corso ECM FAD"},"content":{"rendered":"<p>[vc_row full_width=&#8221;stretch_row&#8221; full_height=&#8221;yes&#8221; css=&#8221;.vc_custom_1561726439761{margin-bottom: -35px !important;padding-top: 50px !important;padding-bottom: 20px !important;background-color: #21734c !important;}&#8221;][vc_column][vc_row_inner][vc_column_inner offset=&#8221;vc_hidden-md vc_hidden-sm vc_hidden-xs&#8221;]<div class=\"vc-extral_class white\"><div class=\"thim-widget-heading template-base\"><div class=\"sc_heading  \"><h2 class=\"title\">Medicina Narrativa. Colmare il divario tra cure basate sulle evidenze e humanitas scientifica<\/h2><\/div><\/div><\/div>[\/vc_column_inner][\/vc_row_inner][vc_row_inner equal_height=&#8221;yes&#8221; content_placement=&#8221;top&#8221;][vc_column_inner width=&#8221;1\/4&#8243;][vc_single_image image=&#8221;1689&#8243; img_size=&#8221;full&#8221;][\/vc_column_inner][vc_column_inner width=&#8221;1\/2&#8243;][vc_column_text el_class=&#8221;white&#8221;]<strong>Responsabile Scientifico:<\/strong> Maria Giulia Marini<\/p>\n<p><strong>Editore: <\/strong>Edizioni Effedi<\/p>\n<p><strong>ISBN:\u00a0<\/strong>8885950140<\/p>\n<p><strong>Codice ECM:<\/strong> <strong>475370<\/strong><\/p>\n<p>&nbsp;<\/p>\n<p>Maria Giulia Marini offre un approccio alla medicina narrativa innovativo. Questa metodologia \u00e8 paragonata all&#8217;atto di offrire un ponte &#8211; o meglio, una molteplicit\u00e0 di ponti diversi &#8211; tra la cura clinica e l&#8217;humanitas. Con un uso accorto di mitologia, letteratura e linguaggio metaforico da un lato, e di studi scientifici dall&#8217;altro, l&#8217;autrice mostra come il concetto guida di &#8220;narrazione&#8221; possa unificare le parti frammentate della cura, nella forma in cui viene praticata oggi.[\/vc_column_text]<div class=\"vc-extral_class centered\"><div class=\"thim-widget-button template-base\"><a class=\"widget-button very-rounded normal custom_style\" href=\"https:\/\/lr-sanita.istud.it\/\" target=\"_blank\" style=\"font-size: 14px;border-width: 1;color: #21734c;border-color: #ffffff;background-color: #ffffff;\" data-hover=\"font-size: 14px;border-width: 1;color: #ffffff;border-color: #ffffff;background-color: #21734c;\">Iscriviti ora<\/a><\/div><\/div>[\/vc_column_inner][vc_column_inner width=&#8221;1\/4&#8243;][vc_column_text el_class=&#8221;white&#8221;]<\/p>\n<h3 style=\"text-align: center;\">19 Crediti ECM<\/h3>\n<p><strong>A chi si rivolge:<\/strong> tutte le professioni<br \/>\n<strong>Obiettivo formativo:<\/strong> aspetti relazionali e umanizzazione delle cure<br \/>\n<strong>Validit\u00e0:<\/strong> <span data-olk-copy-source=\"MessageBody\">dal 21\/02\/2026 al 09\/12\/2026<\/span><br \/>\n<strong>Accreditato da ISTUD &#8211; Provider ID 2879<\/strong>[\/vc_column_text][vc_separator][vc_column_text el_class=&#8221;white&#8221;]<strong>Prezzo: <\/strong>59\u20ac + IVA<strong><br \/>\nVersioni disponibili:<\/strong> pdf, epub<br \/>\n<strong>Tutoraggio in differita:<\/strong> no<br \/>\n<strong>Ore di studio:<\/strong> 19<\/p>\n<p>L\u2019acquisto da diritto all\u2019accesso al questionario di valutazione delle competenze, al questionario di gradimento ECM e al rilascio dell&#8217;attestato in caso di superamento del test di apprendimento entro il 09\/12\/2026.[\/vc_column_text][\/vc_column_inner][\/vc_row_inner][\/vc_column][\/vc_row][vc_row el_class=&#8221;centered&#8221;][vc_column]<div class=\"thim-widget-heading template-base\"><div class=\"sc_heading  \"><h3 style=\"text-transform: uppercase;\" class=\"title\">Acquisizione competenze<\/h3><\/div><\/div>[vc_row_inner][vc_column_inner width=&#8221;1\/3&#8243;][vc_column_text]<\/p>\n<h4 style=\"text-align: left;\"><strong>Competenze tecnico-professionali<\/strong><\/h4>\n<p style=\"text-align: left;\">Fornire a tutte i professionisti della cura una panoramica completa sul valore della medicina narrativa in sanit\u00e0, in particolare su come le <em>humanities <\/em>possono integrare la Evidence base medicine per offrire cure pi\u00f9 efficaci, appropriate, condivise. Illustrare come utilizzare la medicina narrativa come un vero e proprio metodo scientifico per contribuire all\u2019umanizzazione e personalizzazione delle cure.<\/p>\n<p>[\/vc_column_text][\/vc_column_inner][vc_column_inner width=&#8221;1\/3&#8243;][vc_column_text]<\/p>\n<h4 style=\"text-align: left;\"><strong>Competenze di processo<\/strong><\/h4>\n<p style=\"text-align: left;\">Fortificare alcune competenze nel rapporto tra curante e curato, promuovere una conoscenza approfondita della persona, saper riconoscere gli stati d\u2019animo, fatti, valori, progettualit\u00e0 ed esperienze nel racconto scritto ed orale del paziente. Sviluppare un approccio sistemico per offrire una cura pi\u00f9 efficace che tenga conto degli effettivi bisogni della persona in relazione al suo contesto sociale di riferimento.<\/p>\n<p>[\/vc_column_text][\/vc_column_inner][vc_column_inner width=&#8221;1\/3&#8243;][vc_column_text]<\/p>\n<h4 style=\"text-align: left;\"><strong>Competenze di sistema<\/strong><\/h4>\n<p style=\"text-align: left;\">Sviluppare consapevolezza nei professionisti sanitari sull\u2019importanza di un approccio narrativo per costruire una relazione di cura pi\u00f9 efficiente ed efficace per il sistema sanitario. Costruire un ponte tra investimento economico e medical humanities superando timori e resistenze.<\/p>\n<p>[\/vc_column_text][\/vc_column_inner][\/vc_row_inner][\/vc_column][\/vc_row][vc_row full_width=&#8221;stretch_row&#8221; css=&#8221;.vc_custom_1645196318318{margin-bottom: -20px !important;padding-top: 30px !important;padding-bottom: 30px !important;background-color: #21734c !important;}&#8221; el_class=&#8221;centered&#8221;][vc_column width=&#8221;1\/4&#8243;][\/vc_column][vc_column width=&#8221;1\/4&#8243;]<div class=\"thim-widget-heading template-base\"><div class=\"sc_heading  text-center\"><h3 style=\"text-transform: uppercase;color:#ffffff;\" class=\"title\">Iscriviti ora<\/h3><\/div><\/div>[\/vc_column][vc_column width=&#8221;1\/4&#8243;]<div class=\" ubtn-ctn-center \"><a class=\"ubtn-link ult-adjust-bottom-margin ubtn-center ubtn-large \" href=\"https:\/\/lr.medicinanarrativa.eu\/course\/view.php?id=51\" target=\"_blank\" rel=\"  noopener\" ><button type=\"button\" id=\"ubtn-6171\" class=\"ubtn ult-adjust-bottom-margin ult-responsive ubtn-large ubtn-no-hover-bg  none  ubtn-sep-icon ubtn-sep-icon-at-left  ubtn-center  ubtn-only-icon   tooltip-69dc21b1d69e0\"  data-hover=\"\" data-border-color=\"#ffffff\" data-bg=\"#ffffff\" data-hover-bg=\"\" data-border-hover=\"#ffffff\" data-shadow-hover=\"\" data-shadow-click=\"none\" data-shadow=\"\" data-shd-shadow=\"\"  data-ultimate-target='#ubtn-6171'  data-responsive-json-new='{\"font-size\":\"desktop:28px;\",\"line-height\":\"\"}'  style=\"font-weight:bold;border-radius:15px;border-width:3px;border-color:#ffffff;border-style:solid;background: #ffffff;color: #21734c;\"><span class=\"ubtn-data ubtn-icon\"><i class=\"Defaults-cart-plus\" style=\"font-size:32px;color:#21734c;\"><\/i><\/span><span class=\"ubtn-hover\" style=\"background-color:\"><\/span><span class=\"ubtn-data ubtn-text \" ><\/span><\/button><\/a><\/div>[\/vc_column][vc_column width=&#8221;1\/4&#8243;][\/vc_column][\/vc_row][vc_row][vc_column width=&#8221;1\/6&#8243;][vc_single_image image=&#8221;987&#8243;][\/vc_column][vc_column width=&#8221;5\/6&#8243;][vc_column_text]Maria Giulia Marini \u00e8 una voce-chiave nel campo delle scienze umane per la salute in Italia, e, dal 2002, \u00e8 Direttrice dell&#8217;Innovazione dell\u2019Area Sanit\u00e0 e Salute di ISTUD, ente formativo e di ricerca la cui attivit\u00e0 \u00e8 principalmente focalizzata su temi quali la governance, i modelli di sostenibilit\u00e0 e la creazione di valore. &#8220;<em>Provenendo da una formazione liceale classica, e quindi umanistica<\/em>&#8220;, ricorda la dott.ssa Marini, &#8220;<em>ho scelto di integrare questo tipo di conoscenza con studi universitari scientifici<\/em>&#8220;. Laureatasi in Chimica Farmaceutica, ha conseguito una specializzazione in Farmacologia all\u2019Universit\u00e0 di Milano e un dottorato in Epidemiologia presso l\u2019Universit\u00e0 di Pavia; ha inoltre frequentato due stage presso il Brigham and Women\u2019s Hospital di Boston, sulla ricerca clinica e l\u2019organizzazione di processo. Dopo alcune esperienze negli Stati Uniti e in Germania, l\u2019Autrice ha frequentato il Centro Berne, l\u2019Istituto per la Gestalt e l\u2019Analisi Transazionale di Milano, conseguendo il titolo di Counselor.<br \/>\nHa lavorato per 28 anni nel settore sanitario in aziende internazionali, anche come consulente. &#8220;<em>L&#8217;Area Sanit\u00e0 e Salute di ISTUD, attraverso un approccio gestionale umanistico, ha rappresentato la possibilit\u00e0 di costruire un ponte tra la scienza e le discipline umanistiche nell\u2019assistenza sanitaria&#8221;,<\/em>\u00a0dichiara.<br \/>\nI principali ambiti di interesse dell\u2019Autrice sono lo sviluppo di modelli sostenibili di assistenza sanitaria, la valutazione delle prestazioni, le scienze umanistiche mediche e l\u2019umanizzazione delle cure.[\/vc_column_text][\/vc_column][\/vc_row][vc_row full_width=&#8221;stretch_row&#8221; css=&#8221;.vc_custom_1580928163558{margin-bottom: -20px !important;padding-top: 30px !important;padding-bottom: 30px !important;background-color: #21734c !important;}&#8221; el_id=&#8221;prenota&#8221; el_class=&#8221;centered&#8221;][vc_column]<div class=\"thim-widget-heading template-base\"><div class=\"sc_heading  \"><h3 style=\"text-transform: uppercase;color:#ffffff;\" class=\"title\">Richiedi informazioni<\/h3><\/div><\/div><div role=\"form\" class=\"wpcf7\" id=\"wpcf7-f4987-o1\" lang=\"it-IT\" dir=\"ltr\">\n<div class=\"screen-reader-response\"><p role=\"status\" aria-live=\"polite\" aria-atomic=\"true\"><\/p> <ul><\/ul><\/div>\n<form action=\"\/sanita\/wp-json\/wp\/v2\/pages\/3127#wpcf7-f4987-o1\" method=\"post\" class=\"wpcf7-form init\" novalidate=\"novalidate\" data-status=\"init\">\n<div style=\"display: none;\">\n<input type=\"hidden\" name=\"_wpcf7\" value=\"4987\" \/>\n<input type=\"hidden\" name=\"_wpcf7_version\" value=\"5.5.6\" \/>\n<input type=\"hidden\" name=\"_wpcf7_locale\" value=\"it_IT\" \/>\n<input type=\"hidden\" name=\"_wpcf7_unit_tag\" value=\"wpcf7-f4987-o1\" \/>\n<input type=\"hidden\" name=\"_wpcf7_container_post\" value=\"0\" \/>\n<input type=\"hidden\" name=\"_wpcf7_posted_data_hash\" value=\"\" \/>\n<input type=\"hidden\" name=\"_wpcf7_recaptcha_response\" value=\"\" \/>\n<\/div>\n<p><span class=\"wpcf7-form-control-wrap nome\"><input type=\"text\" name=\"nome\" value=\"\" size=\"40\" class=\"wpcf7-form-control wpcf7-text wpcf7-validates-as-required\" aria-required=\"true\" aria-invalid=\"false\" placeholder=\"Nome*\" \/><\/span><\/p>\n<p><span class=\"wpcf7-form-control-wrap cognome\"><input type=\"text\" name=\"cognome\" value=\"\" size=\"40\" class=\"wpcf7-form-control wpcf7-text wpcf7-validates-as-required\" aria-required=\"true\" aria-invalid=\"false\" placeholder=\"Cognome*\" \/><\/span><\/p>\n<p><span class=\"wpcf7-form-control-wrap email\"><input type=\"email\" name=\"email\" value=\"\" size=\"40\" class=\"wpcf7-form-control wpcf7-text wpcf7-email wpcf7-validates-as-required wpcf7-validates-as-email\" aria-required=\"true\" aria-invalid=\"false\" placeholder=\"E-mail*\" \/><\/span><\/p>\n<p><span class=\"wpcf7-form-control-wrap tel\"><input type=\"tel\" name=\"tel\" value=\"\" size=\"40\" class=\"wpcf7-form-control wpcf7-text wpcf7-tel wpcf7-validates-as-required wpcf7-validates-as-tel\" aria-required=\"true\" aria-invalid=\"false\" placeholder=\"Telefono*\" \/><\/span><\/p>\n<input type=\"hidden\" name=\"utm_source\" value=\"sito\" class=\"wpcf7-form-control wpcf7-hidden\" \/>\n<p align=\"left\"><font color=\"#ffffff\"><strong>Privacy*<\/strong><br \/>Ho letto l'<a href=\"https:\/\/www.istud.it\/privacy-informativa-e-richiesta-di-consenso-form\/\" target=\"_blank\" style=\"color:#ffffff; text-decoration: underline\"><strong>informativa<\/strong><\/a> e per quanto riguarda i trattamenti richiesti per consentire al Titolare del trattamento di realizzare la finalit\u00e0 di \u201cAttivit\u00e0 di Marketing\u201d (<em>informazioni pubblicitarie e promozionali, comunicazioni commerciali, newsletter e pubblicazioni periodiche, etc...<\/em>) mediante l\u2019impiego della posta cartacea, del telefono, del suo indirizzo di posta elettronica <span class=\"wpcf7-form-control-wrap privacy\"><span class=\"wpcf7-form-control wpcf7-checkbox wpcf7-validates-as-required wpcf7-exclusive-checkbox\"><span class=\"wpcf7-list-item first\"><input type=\"checkbox\" name=\"privacy\" value=\"Accetto\" \/><span class=\"wpcf7-list-item-label\">Accetto<\/span><\/span><span class=\"wpcf7-list-item last\"><input type=\"checkbox\" name=\"privacy\" value=\"Non accetto\" \/><span class=\"wpcf7-list-item-label\">Non accetto<\/span><\/span><\/span><\/span><\/font><\/p>\n<p><input type=\"submit\" value=\"Invia dati\" class=\"wpcf7-form-control has-spinner wpcf7-submit\" \/><\/p>\n<div class=\"wpcf7-response-output\" aria-hidden=\"true\"><\/div><\/form><\/div>[\/vc_column][\/vc_row]<\/p>\n","protected":false},"excerpt":{"rendered":"<p>[vc_row full_width=&#8221;stretch_row&#8221; full_height=&#8221;yes&#8221; css=&#8221;.vc_custom_1561726439761{margin-bottom: -35px !important;padding-top: 50px !important;padding-bottom: 20px !important;background-color: #21734c !important;}&#8221;][vc_column][vc_row_inner][vc_column_inner offset=&#8221;vc_hidden-md vc_hidden-sm vc_hidden-xs&#8221;][\/vc_column_inner][\/vc_row_inner][vc_row_inner equal_height=&#8221;yes&#8221; content_placement=&#8221;top&#8221;][vc_column_inner width=&#8221;1\/4&#8243;][vc_single_image image=&#8221;1689&#8243; img_size=&#8221;full&#8221;][\/vc_column_inner][vc_column_inner width=&#8221;1\/2&#8243;][vc_column_text el_class=&#8221;white&#8221;]Responsabile Scientifico: Maria Giulia Marini Editore: Edizioni Effedi ISBN:\u00a08885950140 &hellip; <\/p>\n","protected":false},"author":3,"featured_media":1689,"parent":0,"menu_order":0,"comment_status":"closed","ping_status":"closed","template":"","meta":[],"categories":[11,60],"yoast_head":"<!-- This site is optimized with the Yoast SEO plugin v18.4.1 - https:\/\/yoast.com\/wordpress\/plugins\/seo\/ -->\n<title>Corso ECM FAD - Libro Medicina Narrativa - ISTUD Sanit\u00e0 e Salute<\/title>\n<meta name=\"description\" content=\"Medicina Narrativa. Colmare il divario tra cure basate sulle evidenze e humanitas scientifica - Corso ECM FAD per tutte le professioni sanitarie. Acquista ora\" \/>\n<meta name=\"robots\" content=\"index, follow, max-snippet:-1, max-image-preview:large, max-video-preview:-1\" \/>\n<link rel=\"canonical\" href=\"https:\/\/www.istud.it\/sanita\/medicina-narrativa-colmare-il-divario-tra-cure-basate-sulle-evidenze-e-humanitas-scientifica\/\" \/>\n<meta property=\"og:locale\" content=\"it_IT\" \/>\n<meta property=\"og:type\" content=\"article\" \/>\n<meta property=\"og:title\" content=\"Corso ECM FAD - Libro Medicina Narrativa - ISTUD Sanit\u00e0 e Salute\" \/>\n<meta property=\"og:description\" content=\"Medicina Narrativa. Colmare il divario tra cure basate sulle evidenze e humanitas scientifica - Corso ECM FAD per tutte le professioni sanitarie. Acquista ora\" \/>\n<meta property=\"og:url\" content=\"https:\/\/www.istud.it\/sanita\/medicina-narrativa-colmare-il-divario-tra-cure-basate-sulle-evidenze-e-humanitas-scientifica\/\" \/>\n<meta property=\"og:site_name\" content=\"ISTUD Sanit\u00e0\" \/>\n<meta property=\"article:publisher\" content=\"https:\/\/www.facebook.com\/IstudSanita\/\" \/>\n<meta property=\"article:modified_time\" content=\"2026-02-10T14:28:16+00:00\" \/>\n<meta property=\"og:image\" content=\"https:\/\/www.istud.it\/sanita\/wp-content\/uploads\/2018\/05\/copertina-marini-ita.jpg\" \/>\n\t<meta property=\"og:image:width\" content=\"423\" \/>\n\t<meta property=\"og:image:height\" content=\"645\" \/>\n\t<meta property=\"og:image:type\" content=\"image\/jpeg\" \/>\n<meta name=\"twitter:card\" content=\"summary\" \/>\n<meta name=\"twitter:site\" content=\"@istud_sanita\" \/>\n<meta name=\"twitter:label1\" content=\"Tempo di lettura stimato\" \/>\n\t<meta name=\"twitter:data1\" content=\"4 minuti\" \/>\n<script type=\"application\/ld+json\" class=\"yoast-schema-graph\">{\"@context\":\"https:\/\/schema.org\",\"@graph\":[{\"@type\":\"WebSite\",\"@id\":\"https:\/\/www.istud.it\/sanita\/#website\",\"url\":\"https:\/\/www.istud.it\/sanita\/\",\"name\":\"ISTUD Sanit\u00e0\",\"description\":\"\",\"potentialAction\":[{\"@type\":\"SearchAction\",\"target\":{\"@type\":\"EntryPoint\",\"urlTemplate\":\"https:\/\/www.istud.it\/sanita\/?s={search_term_string}\"},\"query-input\":\"required name=search_term_string\"}],\"inLanguage\":\"it-IT\"},{\"@type\":\"ImageObject\",\"@id\":\"https:\/\/www.istud.it\/sanita\/medicina-narrativa-colmare-il-divario-tra-cure-basate-sulle-evidenze-e-humanitas-scientifica\/#primaryimage\",\"inLanguage\":\"it-IT\",\"url\":\"https:\/\/www.istud.it\/sanita\/wp-content\/uploads\/2018\/05\/copertina-marini-ita.jpg\",\"contentUrl\":\"https:\/\/www.istud.it\/sanita\/wp-content\/uploads\/2018\/05\/copertina-marini-ita.jpg\",\"width\":423,\"height\":645,\"caption\":\"Libro Medicina Narrativa Maria Giulia Marini\"},{\"@type\":\"WebPage\",\"@id\":\"https:\/\/www.istud.it\/sanita\/medicina-narrativa-colmare-il-divario-tra-cure-basate-sulle-evidenze-e-humanitas-scientifica\/#webpage\",\"url\":\"https:\/\/www.istud.it\/sanita\/medicina-narrativa-colmare-il-divario-tra-cure-basate-sulle-evidenze-e-humanitas-scientifica\/\",\"name\":\"Corso ECM FAD - Libro Medicina Narrativa - ISTUD Sanit\u00e0 e Salute\",\"isPartOf\":{\"@id\":\"https:\/\/www.istud.it\/sanita\/#website\"},\"primaryImageOfPage\":{\"@id\":\"https:\/\/www.istud.it\/sanita\/medicina-narrativa-colmare-il-divario-tra-cure-basate-sulle-evidenze-e-humanitas-scientifica\/#primaryimage\"},\"datePublished\":\"2019-06-28T12:35:15+00:00\",\"dateModified\":\"2026-02-10T14:28:16+00:00\",\"description\":\"Medicina Narrativa. Colmare il divario tra cure basate sulle evidenze e humanitas scientifica - Corso ECM FAD per tutte le professioni sanitarie. Acquista ora\",\"breadcrumb\":{\"@id\":\"https:\/\/www.istud.it\/sanita\/medicina-narrativa-colmare-il-divario-tra-cure-basate-sulle-evidenze-e-humanitas-scientifica\/#breadcrumb\"},\"inLanguage\":\"it-IT\",\"potentialAction\":[{\"@type\":\"ReadAction\",\"target\":[\"https:\/\/www.istud.it\/sanita\/medicina-narrativa-colmare-il-divario-tra-cure-basate-sulle-evidenze-e-humanitas-scientifica\/\"]}]},{\"@type\":\"BreadcrumbList\",\"@id\":\"https:\/\/www.istud.it\/sanita\/medicina-narrativa-colmare-il-divario-tra-cure-basate-sulle-evidenze-e-humanitas-scientifica\/#breadcrumb\",\"itemListElement\":[{\"@type\":\"ListItem\",\"position\":1,\"name\":\"Home\",\"item\":\"https:\/\/www.istud.it\/sanita\/\"},{\"@type\":\"ListItem\",\"position\":2,\"name\":\"Medicina Narrativa. Colmare il divario tra cure basate sulle evidenze e humanitas scientifica &#8211; Corso ECM FAD\"}]}]}<\/script>\n<!-- \/ Yoast SEO plugin. -->","yoast_head_json":{"title":"Corso ECM FAD - Libro Medicina Narrativa - ISTUD Sanit\u00e0 e Salute","description":"Medicina Narrativa. Colmare il divario tra cure basate sulle evidenze e humanitas scientifica - Corso ECM FAD per tutte le professioni sanitarie. Acquista ora","robots":{"index":"index","follow":"follow","max-snippet":"max-snippet:-1","max-image-preview":"max-image-preview:large","max-video-preview":"max-video-preview:-1"},"canonical":"https:\/\/www.istud.it\/sanita\/medicina-narrativa-colmare-il-divario-tra-cure-basate-sulle-evidenze-e-humanitas-scientifica\/","og_locale":"it_IT","og_type":"article","og_title":"Corso ECM FAD - Libro Medicina Narrativa - ISTUD Sanit\u00e0 e Salute","og_description":"Medicina Narrativa. Colmare il divario tra cure basate sulle evidenze e humanitas scientifica - Corso ECM FAD per tutte le professioni sanitarie. Acquista ora","og_url":"https:\/\/www.istud.it\/sanita\/medicina-narrativa-colmare-il-divario-tra-cure-basate-sulle-evidenze-e-humanitas-scientifica\/","og_site_name":"ISTUD Sanit\u00e0","article_publisher":"https:\/\/www.facebook.com\/IstudSanita\/","article_modified_time":"2026-02-10T14:28:16+00:00","og_image":[{"width":423,"height":645,"url":"https:\/\/www.istud.it\/sanita\/wp-content\/uploads\/2018\/05\/copertina-marini-ita.jpg","type":"image\/jpeg"}],"twitter_card":"summary","twitter_site":"@istud_sanita","twitter_misc":{"Tempo di lettura stimato":"4 minuti"},"schema":{"@context":"https:\/\/schema.org","@graph":[{"@type":"WebSite","@id":"https:\/\/www.istud.it\/sanita\/#website","url":"https:\/\/www.istud.it\/sanita\/","name":"ISTUD Sanit\u00e0","description":"","potentialAction":[{"@type":"SearchAction","target":{"@type":"EntryPoint","urlTemplate":"https:\/\/www.istud.it\/sanita\/?s={search_term_string}"},"query-input":"required name=search_term_string"}],"inLanguage":"it-IT"},{"@type":"ImageObject","@id":"https:\/\/www.istud.it\/sanita\/medicina-narrativa-colmare-il-divario-tra-cure-basate-sulle-evidenze-e-humanitas-scientifica\/#primaryimage","inLanguage":"it-IT","url":"https:\/\/www.istud.it\/sanita\/wp-content\/uploads\/2018\/05\/copertina-marini-ita.jpg","contentUrl":"https:\/\/www.istud.it\/sanita\/wp-content\/uploads\/2018\/05\/copertina-marini-ita.jpg","width":423,"height":645,"caption":"Libro Medicina Narrativa Maria Giulia Marini"},{"@type":"WebPage","@id":"https:\/\/www.istud.it\/sanita\/medicina-narrativa-colmare-il-divario-tra-cure-basate-sulle-evidenze-e-humanitas-scientifica\/#webpage","url":"https:\/\/www.istud.it\/sanita\/medicina-narrativa-colmare-il-divario-tra-cure-basate-sulle-evidenze-e-humanitas-scientifica\/","name":"Corso ECM FAD - Libro Medicina Narrativa - ISTUD Sanit\u00e0 e Salute","isPartOf":{"@id":"https:\/\/www.istud.it\/sanita\/#website"},"primaryImageOfPage":{"@id":"https:\/\/www.istud.it\/sanita\/medicina-narrativa-colmare-il-divario-tra-cure-basate-sulle-evidenze-e-humanitas-scientifica\/#primaryimage"},"datePublished":"2019-06-28T12:35:15+00:00","dateModified":"2026-02-10T14:28:16+00:00","description":"Medicina Narrativa. Colmare il divario tra cure basate sulle evidenze e humanitas scientifica - Corso ECM FAD per tutte le professioni sanitarie. Acquista ora","breadcrumb":{"@id":"https:\/\/www.istud.it\/sanita\/medicina-narrativa-colmare-il-divario-tra-cure-basate-sulle-evidenze-e-humanitas-scientifica\/#breadcrumb"},"inLanguage":"it-IT","potentialAction":[{"@type":"ReadAction","target":["https:\/\/www.istud.it\/sanita\/medicina-narrativa-colmare-il-divario-tra-cure-basate-sulle-evidenze-e-humanitas-scientifica\/"]}]},{"@type":"BreadcrumbList","@id":"https:\/\/www.istud.it\/sanita\/medicina-narrativa-colmare-il-divario-tra-cure-basate-sulle-evidenze-e-humanitas-scientifica\/#breadcrumb","itemListElement":[{"@type":"ListItem","position":1,"name":"Home","item":"https:\/\/www.istud.it\/sanita\/"},{"@type":"ListItem","position":2,"name":"Medicina Narrativa. Colmare il divario tra cure basate sulle evidenze e humanitas scientifica &#8211; Corso ECM FAD"}]}]}},"_links":{"self":[{"href":"https:\/\/www.istud.it\/sanita\/wp-json\/wp\/v2\/pages\/3127"}],"collection":[{"href":"https:\/\/www.istud.it\/sanita\/wp-json\/wp\/v2\/pages"}],"about":[{"href":"https:\/\/www.istud.it\/sanita\/wp-json\/wp\/v2\/types\/page"}],"author":[{"embeddable":true,"href":"https:\/\/www.istud.it\/sanita\/wp-json\/wp\/v2\/users\/3"}],"replies":[{"embeddable":true,"href":"https:\/\/www.istud.it\/sanita\/wp-json\/wp\/v2\/comments?post=3127"}],"version-history":[{"count":68,"href":"https:\/\/www.istud.it\/sanita\/wp-json\/wp\/v2\/pages\/3127\/revisions"}],"predecessor-version":[{"id":7591,"href":"https:\/\/www.istud.it\/sanita\/wp-json\/wp\/v2\/pages\/3127\/revisions\/7591"}],"wp:featuredmedia":[{"embeddable":true,"href":"https:\/\/www.istud.it\/sanita\/wp-json\/wp\/v2\/media\/1689"}],"wp:attachment":[{"href":"https:\/\/www.istud.it\/sanita\/wp-json\/wp\/v2\/media?parent=3127"}],"wp:term":[{"taxonomy":"category","embeddable":true,"href":"https:\/\/www.istud.it\/sanita\/wp-json\/wp\/v2\/categories?post=3127"}],"curies":[{"name":"wp","href":"https:\/\/api.w.org\/{rel}","templated":true}]}}