{"id":1252,"date":"2014-03-02T14:42:42","date_gmt":"2014-03-02T13:42:42","guid":{"rendered":"https:\/\/www.istud.it\/sanita\/?page_id=1252"},"modified":"2018-03-16T18:59:06","modified_gmt":"2018-03-16T17:59:06","slug":"la-robotica-al-servizio-delle-persone-lesione-midollare","status":"publish","type":"page","link":"https:\/\/www.istud.it\/sanita\/ricerca\/la-robotica-al-servizio-delle-persone-lesione-midollare\/","title":{"rendered":"La Robotica al servizio delle persone con lesione midollare"},"content":{"rendered":"<p>[vc_row][vc_column]<div class=\"thim-widget-heading template-base\"><div class=\"sc_heading  \"><h3 style=\"text-transform: uppercase;\" class=\"title\">La Robotica al servizio delle persone con lesione midollare<\/h3><p class=\"sub-heading\" style=\"\">Data conclusione progetto: 2014<\/p><\/div><\/div>[\/vc_column][\/vc_row][vc_row][vc_column width=&#8221;2\/3&#8243;][vc_column_text]Il Centro Protesi INAIL ha avviato una collaborazione con l\u2019Istituto Italiano di Tecnologia per la realizzazione di un esoscheletro motorizzato al servizio delle persone con lesione midollare. L\u2019esoscheletro \u00e8 un dispositivo che nasce per supportare le persone con lesione midollare nel recupero del cammino. Prima della sua realizzazione, con il supporto metodologico dell\u2019Area Sanit\u00e0 e Salute della Fondazione ISTUD, ente di ricerca impegnato da diversi anni nel mondo della disabilit\u00e0 ed in particolare della lesione midollare, \u00e8 stato predisposto un questionario da sottoporre a persone con lesione midollare per conoscere quali sono le loro reali esigenze ed in che modo un esoscheletro possa rispondere ai bisogni di mobilit\u00e0 e partecipazione nella vita di tutti i giorni.[\/vc_column_text][\/vc_column][vc_column width=&#8221;1\/3&#8243; el_class=&#8221;centered&#8221;][\/vc_column][\/vc_row]<\/p>\n","protected":false},"excerpt":{"rendered":"<p>[vc_row][vc_column][\/vc_column][\/vc_row][vc_row][vc_column width=&#8221;2\/3&#8243;][vc_column_text]Il Centro Protesi INAIL ha avviato una collaborazione con l\u2019Istituto Italiano di Tecnologia per la realizzazione di un esoscheletro motorizzato al servizio delle persone con lesione midollare. L\u2019esoscheletro \u00e8 &hellip; <\/p>\n","protected":false},"author":89,"featured_media":1253,"parent":292,"menu_order":0,"comment_status":"closed","ping_status":"closed","template":"","meta":[],"categories":[9,33],"yoast_head":"<!-- This site is optimized with the Yoast SEO plugin v18.4.1 - https:\/\/yoast.com\/wordpress\/plugins\/seo\/ -->\n<title>La Robotica al servizio delle persone con lesione midollare<\/title>\n<meta name=\"description\" content=\"Il Centro Protesi INAIL ha avviato una collaborazione con l\u2019Istituto Italiano di Tecnologia per la realizzazione di un esoscheletro motorizzato al servizio delle persone con lesione midollare.\" \/>\n<meta name=\"robots\" content=\"index, follow, max-snippet:-1, max-image-preview:large, max-video-preview:-1\" \/>\n<link rel=\"canonical\" href=\"https:\/\/www.istud.it\/sanita\/ricerca\/la-robotica-al-servizio-delle-persone-lesione-midollare\/\" \/>\n<meta property=\"og:locale\" content=\"it_IT\" \/>\n<meta property=\"og:type\" content=\"article\" \/>\n<meta property=\"og:title\" content=\"La Robotica al servizio delle persone con lesione midollare\" \/>\n<meta property=\"og:description\" content=\"Il Centro Protesi INAIL ha avviato una collaborazione con l\u2019Istituto Italiano di Tecnologia per la realizzazione di un esoscheletro motorizzato al servizio delle persone con lesione midollare.\" \/>\n<meta property=\"og:url\" content=\"https:\/\/www.istud.it\/sanita\/ricerca\/la-robotica-al-servizio-delle-persone-lesione-midollare\/\" \/>\n<meta property=\"og:site_name\" content=\"ISTUD Sanit\u00e0\" \/>\n<meta property=\"article:publisher\" content=\"https:\/\/www.facebook.com\/IstudSanita\/\" \/>\n<meta property=\"article:modified_time\" content=\"2018-03-16T17:59:06+00:00\" \/>\n<meta property=\"og:image\" content=\"https:\/\/www.istud.it\/sanita\/wp-content\/uploads\/2018\/03\/gi01a201312221800-e1519998363486.png\" \/>\n\t<meta property=\"og:image:width\" content=\"1900\" \/>\n\t<meta property=\"og:image:height\" content=\"1920\" \/>\n\t<meta property=\"og:image:type\" content=\"image\/png\" \/>\n<meta name=\"twitter:card\" content=\"summary\" \/>\n<meta name=\"twitter:site\" content=\"@istud_sanita\" \/>\n<meta name=\"twitter:label1\" content=\"Tempo di lettura stimato\" \/>\n\t<meta name=\"twitter:data1\" content=\"1 minuto\" \/>\n<script type=\"application\/ld+json\" class=\"yoast-schema-graph\">{\"@context\":\"https:\/\/schema.org\",\"@graph\":[{\"@type\":\"WebSite\",\"@id\":\"https:\/\/www.istud.it\/sanita\/#website\",\"url\":\"https:\/\/www.istud.it\/sanita\/\",\"name\":\"ISTUD Sanit\u00e0\",\"description\":\"\",\"potentialAction\":[{\"@type\":\"SearchAction\",\"target\":{\"@type\":\"EntryPoint\",\"urlTemplate\":\"https:\/\/www.istud.it\/sanita\/?s={search_term_string}\"},\"query-input\":\"required name=search_term_string\"}],\"inLanguage\":\"it-IT\"},{\"@type\":\"ImageObject\",\"@id\":\"https:\/\/www.istud.it\/sanita\/ricerca\/la-robotica-al-servizio-delle-persone-lesione-midollare\/#primaryimage\",\"inLanguage\":\"it-IT\",\"url\":\"https:\/\/www.istud.it\/sanita\/wp-content\/uploads\/2018\/03\/gi01a201312221800-e1519998363486.png\",\"contentUrl\":\"https:\/\/www.istud.it\/sanita\/wp-content\/uploads\/2018\/03\/gi01a201312221800-e1519998363486.png\",\"width\":1900,\"height\":1920,\"caption\":\"La Robotica al servizio delle persone con lesione midollare\"},{\"@type\":\"WebPage\",\"@id\":\"https:\/\/www.istud.it\/sanita\/ricerca\/la-robotica-al-servizio-delle-persone-lesione-midollare\/#webpage\",\"url\":\"https:\/\/www.istud.it\/sanita\/ricerca\/la-robotica-al-servizio-delle-persone-lesione-midollare\/\",\"name\":\"La Robotica al servizio delle persone con lesione midollare\",\"isPartOf\":{\"@id\":\"https:\/\/www.istud.it\/sanita\/#website\"},\"primaryImageOfPage\":{\"@id\":\"https:\/\/www.istud.it\/sanita\/ricerca\/la-robotica-al-servizio-delle-persone-lesione-midollare\/#primaryimage\"},\"datePublished\":\"2014-03-02T13:42:42+00:00\",\"dateModified\":\"2018-03-16T17:59:06+00:00\",\"description\":\"Il Centro Protesi INAIL ha avviato una collaborazione con l\u2019Istituto Italiano di Tecnologia per la realizzazione di un esoscheletro motorizzato al servizio delle persone con lesione midollare.\",\"breadcrumb\":{\"@id\":\"https:\/\/www.istud.it\/sanita\/ricerca\/la-robotica-al-servizio-delle-persone-lesione-midollare\/#breadcrumb\"},\"inLanguage\":\"it-IT\",\"potentialAction\":[{\"@type\":\"ReadAction\",\"target\":[\"https:\/\/www.istud.it\/sanita\/ricerca\/la-robotica-al-servizio-delle-persone-lesione-midollare\/\"]}]},{\"@type\":\"BreadcrumbList\",\"@id\":\"https:\/\/www.istud.it\/sanita\/ricerca\/la-robotica-al-servizio-delle-persone-lesione-midollare\/#breadcrumb\",\"itemListElement\":[{\"@type\":\"ListItem\",\"position\":1,\"name\":\"Home\",\"item\":\"https:\/\/www.istud.it\/sanita\/\"},{\"@type\":\"ListItem\",\"position\":2,\"name\":\"Ricerca\",\"item\":\"https:\/\/www.istud.it\/sanita\/ricerca\/\"},{\"@type\":\"ListItem\",\"position\":3,\"name\":\"La Robotica al servizio delle persone con lesione midollare\"}]}]}<\/script>\n<!-- \/ Yoast SEO plugin. -->","yoast_head_json":{"title":"La Robotica al servizio delle persone con lesione midollare","description":"Il Centro Protesi INAIL ha avviato una collaborazione con l\u2019Istituto Italiano di Tecnologia per la realizzazione di un esoscheletro motorizzato al servizio delle persone con lesione midollare.","robots":{"index":"index","follow":"follow","max-snippet":"max-snippet:-1","max-image-preview":"max-image-preview:large","max-video-preview":"max-video-preview:-1"},"canonical":"https:\/\/www.istud.it\/sanita\/ricerca\/la-robotica-al-servizio-delle-persone-lesione-midollare\/","og_locale":"it_IT","og_type":"article","og_title":"La Robotica al servizio delle persone con lesione midollare","og_description":"Il Centro Protesi INAIL ha avviato una collaborazione con l\u2019Istituto Italiano di Tecnologia per la realizzazione di un esoscheletro motorizzato al servizio delle persone con lesione midollare.","og_url":"https:\/\/www.istud.it\/sanita\/ricerca\/la-robotica-al-servizio-delle-persone-lesione-midollare\/","og_site_name":"ISTUD Sanit\u00e0","article_publisher":"https:\/\/www.facebook.com\/IstudSanita\/","article_modified_time":"2018-03-16T17:59:06+00:00","og_image":[{"width":1900,"height":1920,"url":"https:\/\/www.istud.it\/sanita\/wp-content\/uploads\/2018\/03\/gi01a201312221800-e1519998363486.png","type":"image\/png"}],"twitter_card":"summary","twitter_site":"@istud_sanita","twitter_misc":{"Tempo di lettura stimato":"1 minuto"},"schema":{"@context":"https:\/\/schema.org","@graph":[{"@type":"WebSite","@id":"https:\/\/www.istud.it\/sanita\/#website","url":"https:\/\/www.istud.it\/sanita\/","name":"ISTUD Sanit\u00e0","description":"","potentialAction":[{"@type":"SearchAction","target":{"@type":"EntryPoint","urlTemplate":"https:\/\/www.istud.it\/sanita\/?s={search_term_string}"},"query-input":"required name=search_term_string"}],"inLanguage":"it-IT"},{"@type":"ImageObject","@id":"https:\/\/www.istud.it\/sanita\/ricerca\/la-robotica-al-servizio-delle-persone-lesione-midollare\/#primaryimage","inLanguage":"it-IT","url":"https:\/\/www.istud.it\/sanita\/wp-content\/uploads\/2018\/03\/gi01a201312221800-e1519998363486.png","contentUrl":"https:\/\/www.istud.it\/sanita\/wp-content\/uploads\/2018\/03\/gi01a201312221800-e1519998363486.png","width":1900,"height":1920,"caption":"La Robotica al servizio delle persone con lesione midollare"},{"@type":"WebPage","@id":"https:\/\/www.istud.it\/sanita\/ricerca\/la-robotica-al-servizio-delle-persone-lesione-midollare\/#webpage","url":"https:\/\/www.istud.it\/sanita\/ricerca\/la-robotica-al-servizio-delle-persone-lesione-midollare\/","name":"La Robotica al servizio delle persone con lesione midollare","isPartOf":{"@id":"https:\/\/www.istud.it\/sanita\/#website"},"primaryImageOfPage":{"@id":"https:\/\/www.istud.it\/sanita\/ricerca\/la-robotica-al-servizio-delle-persone-lesione-midollare\/#primaryimage"},"datePublished":"2014-03-02T13:42:42+00:00","dateModified":"2018-03-16T17:59:06+00:00","description":"Il Centro Protesi INAIL ha avviato una collaborazione con l\u2019Istituto Italiano di Tecnologia per la realizzazione di un esoscheletro motorizzato al servizio delle persone con lesione midollare.","breadcrumb":{"@id":"https:\/\/www.istud.it\/sanita\/ricerca\/la-robotica-al-servizio-delle-persone-lesione-midollare\/#breadcrumb"},"inLanguage":"it-IT","potentialAction":[{"@type":"ReadAction","target":["https:\/\/www.istud.it\/sanita\/ricerca\/la-robotica-al-servizio-delle-persone-lesione-midollare\/"]}]},{"@type":"BreadcrumbList","@id":"https:\/\/www.istud.it\/sanita\/ricerca\/la-robotica-al-servizio-delle-persone-lesione-midollare\/#breadcrumb","itemListElement":[{"@type":"ListItem","position":1,"name":"Home","item":"https:\/\/www.istud.it\/sanita\/"},{"@type":"ListItem","position":2,"name":"Ricerca","item":"https:\/\/www.istud.it\/sanita\/ricerca\/"},{"@type":"ListItem","position":3,"name":"La Robotica al servizio delle persone con lesione midollare"}]}]}},"_links":{"self":[{"href":"https:\/\/www.istud.it\/sanita\/wp-json\/wp\/v2\/pages\/1252"}],"collection":[{"href":"https:\/\/www.istud.it\/sanita\/wp-json\/wp\/v2\/pages"}],"about":[{"href":"https:\/\/www.istud.it\/sanita\/wp-json\/wp\/v2\/types\/page"}],"author":[{"embeddable":true,"href":"https:\/\/www.istud.it\/sanita\/wp-json\/wp\/v2\/users\/89"}],"replies":[{"embeddable":true,"href":"https:\/\/www.istud.it\/sanita\/wp-json\/wp\/v2\/comments?post=1252"}],"version-history":[{"count":1,"href":"https:\/\/www.istud.it\/sanita\/wp-json\/wp\/v2\/pages\/1252\/revisions"}],"predecessor-version":[{"id":1254,"href":"https:\/\/www.istud.it\/sanita\/wp-json\/wp\/v2\/pages\/1252\/revisions\/1254"}],"up":[{"embeddable":true,"href":"https:\/\/www.istud.it\/sanita\/wp-json\/wp\/v2\/pages\/292"}],"wp:featuredmedia":[{"embeddable":true,"href":"https:\/\/www.istud.it\/sanita\/wp-json\/wp\/v2\/media\/1253"}],"wp:attachment":[{"href":"https:\/\/www.istud.it\/sanita\/wp-json\/wp\/v2\/media?parent=1252"}],"wp:term":[{"taxonomy":"category","embeddable":true,"href":"https:\/\/www.istud.it\/sanita\/wp-json\/wp\/v2\/categories?post=1252"}],"curies":[{"name":"wp","href":"https:\/\/api.w.org\/{rel}","templated":true}]}}