{"id":1163,"date":"2018-02-05T19:49:49","date_gmt":"2018-02-05T18:49:49","guid":{"rendered":"https:\/\/www.istud.it\/sanita\/?page_id=1163"},"modified":"2021-09-30T17:33:30","modified_gmt":"2021-09-30T15:33:30","slug":"iscrizione-ai-seminari","status":"publish","type":"page","link":"https:\/\/www.istud.it\/sanita\/iscrizione-ai-seminari\/","title":{"rendered":"Iscrizione ai seminari"},"content":{"rendered":"<p>[vc_row][vc_column][vc_column_text]<strong>Per iscriversi ai seminari ISTUD \u00e8 sufficiente inviare la scheda di iscrizione, compilata, timbrata e firmata da persona avente i poteri di firma entro 10 giorni dalla data di inizio corso via mail all\u2019indirizzo\u00a0<a href=\"mailto:info@istud.it\">info@istud.it<\/a>\u00a0o via fax al numero 0323 933805<\/strong>[\/vc_column_text]<div class=\"vc-extral_class centered\"><div class=\"thim-widget-button template-base\"><a class=\"widget-button very-rounded normal custom_style\" href=\"http:\/\/www.istud.it\/up_media\/schedacat.asp\" target=\"_blank\" style=\"font-size: 14px;border-width: 1;color: #ffffff;border-color: #21734c;background-color: #21734c;\" data-hover=\"font-size: 14px;border-width: 1;color: #ffffff;border-color: #21734c;background-color: #21734c;\">Scheda di Iscrizione on line<\/a><\/div><\/div>[\/vc_column][\/vc_row][vc_row][vc_column][vc_column_text]L\u2019accettazione dell\u2019iscrizione al seminario \u00e8 tacita, salvo differente comunicazione da parte di ISTUD. Al partecipante verr\u00e0 inviata la conferma di erogazione del corso tramite e-mail.[\/vc_column_text][\/vc_column][\/vc_row][vc_row][vc_column]<div class=\"thim-widget-heading template-base\"><div class=\"sc_heading  \"><h3 style=\"text-transform: uppercase;\" class=\"title\">CONDIZIONI DI PAGAMENTO<\/h3><\/div><\/div>[vc_column_text]Il pagamento della quota di partecipazione deve essere effettuato prima dell\u2019inizio del seminario tramite bonifico bancario intestato a ISTUD. Le coordinate bancarie verranno comunicate a seguito dell&#8217;invio del modulo di iscrizione.<\/p>\n<p>In caso di pagamento non pervenuto all\u2019atto di inizio del corso, ISTUD si riserva la facolt\u00e0 di concedere al partecipante di accedere ugualmente al corso, addebitando gli interessi di mora commisurati al tasso bancario corrente, per ogni giorno di ritardato pagamento intercorrente dalla data di inizio del corso alla data di incasso della quota di partecipazione.[\/vc_column_text][\/vc_column][\/vc_row][vc_row][vc_column width=&#8221;1\/2&#8243;]<div class=\"thim-widget-heading template-base\"><div class=\"sc_heading  \"><h3 style=\"text-transform: uppercase;\" class=\"title\">SCONTI E CONVENZIONI<\/h3><\/div><\/div>[vc_column_text]Per i seminari dell\u2019offerta interaziendale sono previste particolari condizioni di favore:<\/p>\n<div>\n<ul>\n<li>Sconti e agevolazioni per i soci SIMEN &#8211; Societ\u00e0 Italiana Medicina Narrativa<\/li>\n<\/ul>\n<\/div>\n<p>[\/vc_column_text][\/vc_column][vc_column width=&#8221;1\/2&#8243;]<div class=\"thim-widget-heading template-base\"><div class=\"sc_heading  \"><h3 style=\"text-transform: uppercase;\" class=\"title\">Disdetta di partecipazione<\/h3><\/div><\/div>[vc_column_text]In caso di disdetta di partecipazione inviata fino\u00a0a 20 giorni dalla data d\u2019inizio seminario nessun importo sar\u00e0 addebitato. Fino a 10 giorni prima della data di inizio del seminario verr\u00e0 addebitato il 50% della quota di iscrizione, oltre tale data verr\u00e0\u00a0addebitato\u00a0l\u2019intero ammontare della quota di partecipazione.<\/p>\n<p>La sostituzione del Partecipante iscritto con un altro nominativo \u00e8 consentita, ma deve essere segnalata a ISTUD prima dell\u2019inizio del seminario.<\/p>\n<p>ISTUD si riserva la facolt\u00e0 di annullare i seminari dandone comunicazione via e-mail ai partecipanti entro 5 gg. lavorativi prima della data di inizio del corso. In tal caso, la quota di partecipazione gi\u00e0 versata sar\u00e0 restituita per intero o potr\u00e0 essere utilizzata per la partecipazione a un altro seminario dell\u2019offerta interaziendale.<\/p>\n<p>Il foro competente per l\u2019interpretazione ed esecuzione del presente contratto \u00e8 quello di Milano.[\/vc_column_text][\/vc_column][\/vc_row]<\/p>\n","protected":false},"excerpt":{"rendered":"<p>[vc_row][vc_column][vc_column_text]Per iscriversi ai seminari ISTUD \u00e8 sufficiente inviare la scheda di iscrizione, compilata, timbrata e firmata da persona avente i poteri di firma entro 10 giorni dalla data di inizio &hellip; <\/p>\n","protected":false},"author":89,"featured_media":0,"parent":0,"menu_order":0,"comment_status":"closed","ping_status":"closed","template":"","meta":[],"categories":[],"yoast_head":"<!-- This site is optimized with the Yoast SEO plugin v18.4.1 - https:\/\/yoast.com\/wordpress\/plugins\/seo\/ -->\n<title>Iscrizione ai seminari - ISTUD Sanit\u00e0<\/title>\n<meta name=\"robots\" content=\"index, follow, max-snippet:-1, max-image-preview:large, max-video-preview:-1\" \/>\n<link rel=\"canonical\" href=\"https:\/\/www.istud.it\/sanita\/iscrizione-ai-seminari\/\" \/>\n<meta property=\"og:locale\" content=\"it_IT\" \/>\n<meta property=\"og:type\" content=\"article\" \/>\n<meta property=\"og:title\" content=\"Iscrizione ai seminari - ISTUD Sanit\u00e0\" \/>\n<meta property=\"og:description\" content=\"[vc_row][vc_column][vc_column_text]Per iscriversi ai seminari ISTUD \u00e8 sufficiente inviare la scheda di iscrizione, compilata, timbrata e firmata da persona avente i poteri di firma entro 10 giorni dalla data di inizio &hellip;\" \/>\n<meta property=\"og:url\" content=\"https:\/\/www.istud.it\/sanita\/iscrizione-ai-seminari\/\" \/>\n<meta property=\"og:site_name\" content=\"ISTUD Sanit\u00e0\" \/>\n<meta property=\"article:publisher\" content=\"https:\/\/www.facebook.com\/IstudSanita\/\" \/>\n<meta property=\"article:modified_time\" content=\"2021-09-30T15:33:30+00:00\" \/>\n<meta name=\"twitter:card\" content=\"summary\" \/>\n<meta name=\"twitter:site\" content=\"@istud_sanita\" \/>\n<meta name=\"twitter:label1\" content=\"Tempo di lettura stimato\" \/>\n\t<meta name=\"twitter:data1\" content=\"2 minuti\" \/>\n<script type=\"application\/ld+json\" class=\"yoast-schema-graph\">{\"@context\":\"https:\/\/schema.org\",\"@graph\":[{\"@type\":\"WebSite\",\"@id\":\"https:\/\/www.istud.it\/sanita\/#website\",\"url\":\"https:\/\/www.istud.it\/sanita\/\",\"name\":\"ISTUD Sanit\u00e0\",\"description\":\"\",\"potentialAction\":[{\"@type\":\"SearchAction\",\"target\":{\"@type\":\"EntryPoint\",\"urlTemplate\":\"https:\/\/www.istud.it\/sanita\/?s={search_term_string}\"},\"query-input\":\"required name=search_term_string\"}],\"inLanguage\":\"it-IT\"},{\"@type\":\"WebPage\",\"@id\":\"https:\/\/www.istud.it\/sanita\/iscrizione-ai-seminari\/#webpage\",\"url\":\"https:\/\/www.istud.it\/sanita\/iscrizione-ai-seminari\/\",\"name\":\"Iscrizione ai seminari - ISTUD Sanit\u00e0\",\"isPartOf\":{\"@id\":\"https:\/\/www.istud.it\/sanita\/#website\"},\"datePublished\":\"2018-02-05T18:49:49+00:00\",\"dateModified\":\"2021-09-30T15:33:30+00:00\",\"breadcrumb\":{\"@id\":\"https:\/\/www.istud.it\/sanita\/iscrizione-ai-seminari\/#breadcrumb\"},\"inLanguage\":\"it-IT\",\"potentialAction\":[{\"@type\":\"ReadAction\",\"target\":[\"https:\/\/www.istud.it\/sanita\/iscrizione-ai-seminari\/\"]}]},{\"@type\":\"BreadcrumbList\",\"@id\":\"https:\/\/www.istud.it\/sanita\/iscrizione-ai-seminari\/#breadcrumb\",\"itemListElement\":[{\"@type\":\"ListItem\",\"position\":1,\"name\":\"Home\",\"item\":\"https:\/\/www.istud.it\/sanita\/\"},{\"@type\":\"ListItem\",\"position\":2,\"name\":\"Iscrizione ai seminari\"}]}]}<\/script>\n<!-- \/ Yoast SEO plugin. -->","yoast_head_json":{"title":"Iscrizione ai seminari - ISTUD Sanit\u00e0","robots":{"index":"index","follow":"follow","max-snippet":"max-snippet:-1","max-image-preview":"max-image-preview:large","max-video-preview":"max-video-preview:-1"},"canonical":"https:\/\/www.istud.it\/sanita\/iscrizione-ai-seminari\/","og_locale":"it_IT","og_type":"article","og_title":"Iscrizione ai seminari - ISTUD Sanit\u00e0","og_description":"[vc_row][vc_column][vc_column_text]Per iscriversi ai seminari ISTUD \u00e8 sufficiente inviare la scheda di iscrizione, compilata, timbrata e firmata da persona avente i poteri di firma entro 10 giorni dalla data di inizio &hellip;","og_url":"https:\/\/www.istud.it\/sanita\/iscrizione-ai-seminari\/","og_site_name":"ISTUD Sanit\u00e0","article_publisher":"https:\/\/www.facebook.com\/IstudSanita\/","article_modified_time":"2021-09-30T15:33:30+00:00","twitter_card":"summary","twitter_site":"@istud_sanita","twitter_misc":{"Tempo di lettura stimato":"2 minuti"},"schema":{"@context":"https:\/\/schema.org","@graph":[{"@type":"WebSite","@id":"https:\/\/www.istud.it\/sanita\/#website","url":"https:\/\/www.istud.it\/sanita\/","name":"ISTUD Sanit\u00e0","description":"","potentialAction":[{"@type":"SearchAction","target":{"@type":"EntryPoint","urlTemplate":"https:\/\/www.istud.it\/sanita\/?s={search_term_string}"},"query-input":"required name=search_term_string"}],"inLanguage":"it-IT"},{"@type":"WebPage","@id":"https:\/\/www.istud.it\/sanita\/iscrizione-ai-seminari\/#webpage","url":"https:\/\/www.istud.it\/sanita\/iscrizione-ai-seminari\/","name":"Iscrizione ai seminari - ISTUD Sanit\u00e0","isPartOf":{"@id":"https:\/\/www.istud.it\/sanita\/#website"},"datePublished":"2018-02-05T18:49:49+00:00","dateModified":"2021-09-30T15:33:30+00:00","breadcrumb":{"@id":"https:\/\/www.istud.it\/sanita\/iscrizione-ai-seminari\/#breadcrumb"},"inLanguage":"it-IT","potentialAction":[{"@type":"ReadAction","target":["https:\/\/www.istud.it\/sanita\/iscrizione-ai-seminari\/"]}]},{"@type":"BreadcrumbList","@id":"https:\/\/www.istud.it\/sanita\/iscrizione-ai-seminari\/#breadcrumb","itemListElement":[{"@type":"ListItem","position":1,"name":"Home","item":"https:\/\/www.istud.it\/sanita\/"},{"@type":"ListItem","position":2,"name":"Iscrizione ai seminari"}]}]}},"_links":{"self":[{"href":"https:\/\/www.istud.it\/sanita\/wp-json\/wp\/v2\/pages\/1163"}],"collection":[{"href":"https:\/\/www.istud.it\/sanita\/wp-json\/wp\/v2\/pages"}],"about":[{"href":"https:\/\/www.istud.it\/sanita\/wp-json\/wp\/v2\/types\/page"}],"author":[{"embeddable":true,"href":"https:\/\/www.istud.it\/sanita\/wp-json\/wp\/v2\/users\/89"}],"replies":[{"embeddable":true,"href":"https:\/\/www.istud.it\/sanita\/wp-json\/wp\/v2\/comments?post=1163"}],"version-history":[{"count":6,"href":"https:\/\/www.istud.it\/sanita\/wp-json\/wp\/v2\/pages\/1163\/revisions"}],"predecessor-version":[{"id":4349,"href":"https:\/\/www.istud.it\/sanita\/wp-json\/wp\/v2\/pages\/1163\/revisions\/4349"}],"wp:attachment":[{"href":"https:\/\/www.istud.it\/sanita\/wp-json\/wp\/v2\/media?parent=1163"}],"wp:term":[{"taxonomy":"category","embeddable":true,"href":"https:\/\/www.istud.it\/sanita\/wp-json\/wp\/v2\/categories?post=1163"}],"curies":[{"name":"wp","href":"https:\/\/api.w.org\/{rel}","templated":true}]}}