{"id":23834,"date":"2025-01-16T09:40:38","date_gmt":"2025-01-16T08:40:38","guid":{"rendered":"https:\/\/www.istud.it\/master\/?page_id=23834"},"modified":"2025-01-16T09:40:38","modified_gmt":"2025-01-16T08:40:38","slug":"informativa-privacy-dei-corsi-sincroni-in-sede","status":"publish","type":"page","link":"https:\/\/www.istud.it\/master\/informativa-privacy-dei-corsi-sincroni-in-sede\/","title":{"rendered":"Informativa privacy dei corsi sincroni in sede"},"content":{"rendered":"<p>[vc_row][vc_column][vc_column_text]<\/p>\n<h1><\/h1>\n<h1 style=\"text-align: center\"><strong>Informativa in materia di protezione dei dati personali<\/strong><\/h1>\n<p>&nbsp;<\/p>\n<p><strong>\u00a0<\/strong><\/p>\n<p>La sua iscrizione e la sua eventuale partecipazione ai corsi da lei selezionati, implica il trattamento di alcuni suoi dati personali da parte di ISTUD, Titolare del trattamento di tali dati per i quali \u00e8 resa la presente informativa ai sensi del Regolamento Europeo 2016\/679 (detto anche <em>GDPR<\/em>) e del decreto legislativo 196\/2003, per quanto ancora applicabile (da qui in poi, cumulativamente,<em> \u201cla Normativa privacy<\/em>\u201d)<\/p>\n<p><strong>\u00a0<\/strong><\/p>\n<ol>\n<li><strong> Identit\u00e0 e dati di contatto del Titolare del trattamento<\/strong><\/li>\n<\/ol>\n<p>Titolare del trattamento dei dati \u00e8 ISTUD s.r.l., Sede legale: Via Pietro Giannone n. 9, 20154 Milano (MI) che pu\u00f2 essere contattata all\u2019indirizzo postale con lettera inviata all\u2019attenzione del Responsabile privacy, oppure tramite e-mail all\u2019indirizzo Email: responsabileprivacy@istud.it.<\/p>\n<p><strong>\u00a0<\/strong><\/p>\n<ol>\n<li><strong> Finalit\u00e0, base giuridica del trattamento cui sono destinati i dati e obbligo o facolt\u00e0 del conferimento<\/strong><\/li>\n<\/ol>\n<p>ISTUD tratter\u00e0 i Suoi dati personali strettamente necessari per le seguenti finalit\u00e0:<\/p>\n<ol>\n<li><strong>Contrattuali, di legge, e amministrative interne<\/strong><\/li>\n<\/ol>\n<ul>\n<li>finalit\u00e0 connesse e strumentali all\u2019instaurazione e all\u2019esecuzione del rapporto contrattuale (es. selezione, ove prevista, comunicazioni di segreteria relative alla gestione del corso, erogazione del corso), nonch\u00e9 per adempiere a tutti gli obblighi dallo stesso derivanti, compresa la gestione di eventuali reclami e contenziosi e in generale per la tutela dei rispettivi diritti. Il trattamento dei dati personali per questa finalit\u00e0 trova la sua base giuridica nell\u2019art 6.1.b (<strong>esecuzione del contratto<\/strong>) del GDPR e non richiede il suo consenso;<\/li>\n<li>finalit\u00e0 connesse all\u2019esecuzione di obblighi previsti da leggi nei confronti delle Pubbliche Amministrazioni, tra cui rientra la tenuta della contabilit\u00e0 aziendale sia a fini civilistici che fiscali quali ad esempio le operazioni di contabilizzazione dei dati fiscali, gli atti e le procedure diretti alla predisposizione dei documenti di bilancio. nonch\u00e9 da disposizioni impartite da autorit\u00e0 a ci\u00f2 legittimate dalla legge. Il trattamento dei dati personali per questa finalit\u00e0 trova la sua base giuridica nell\u2019art 6.1.c (<strong>obbligo di legge<\/strong>) del GDPR e non richiede il suo consenso;<\/li>\n<li>finalit\u00e0 connesse alle operazioni di natura amministrativa, finanziaria e contabile volte ad adempiere agli obblighi descritti in precedenza oltre che connesse ad esigenze organizzative interne, alla tenuta della contabilit\u00e0 interna, nonch\u00e9 elaborazioni a fini statistici destinate anche alla pubblicazione in forma anonima. Il trattamento dei dati personali per questa finalit\u00e0 trova la sua base giuridica nell\u2019art 6.1.c (<strong>legittimo interesse<\/strong>) del GDPR e non richiede il suo consenso. Il legittimo interesse \u00e8 proprio il corretto funzionamento dell\u2019organizzazione interna e coincide con la finalit\u00e0 indicata;<\/li>\n<li>unicamente quando previsto e pubblicizzato nel regolamento del corso, la stesura di un profilo psicologico ai fini della valutazione della sua ammissibilit\u00e0 al corso medesimo, effettuata tramite test psicoattitudinale e colloquio da parte di professionista specializzato e qualificato. Il suo profilo psicologico non sar\u00e0 comunicato ad alcuno e non sar\u00e0 diffuso, ma sar\u00e0 utilizzato unicamente dal personale incaricato di ISTUD al fine di valutare l\u2019ammissibilit\u00e0 al corso. Il trattamento dei dati personali per questa finalit\u00e0 trova la sua base giuridica nell\u2019art 6.1.b (<strong>esecuzione del contratto o di misure precontrattuali adottate in base alla sua richiesta di partecipazione al corso<\/strong>) del GDPR e non richiede il suo consenso; Il suo profilo psicologico sar\u00e0 conservato al solo fine di poter gestire eventuali reclami e verr\u00e0 distrutto solo a seguito di sua richiesta scritta;<\/li>\n<li>per determinate tipologie di corso, potrebbe essere richiesta la compilazione di questionari somministrati ed elaborati anche da aziende esterne qualificate; le informazioni raccolte verranno trattate in forma anonima vale a dire senza alcuna possibilit\u00e0 di riferimento diretto o indiretto alla sua persona fisica e non consentiranno dunque l\u2019identificazione dell\u2019interessato che le ha fornite. Tali informazioni sono escluse dall\u2019applicazione del GDPR.<\/li>\n<\/ul>\n<p>&nbsp;<\/p>\n<p>Il conferimento dei suoi dati per le finalit\u00e0 1a, 1b, 1c, 1d, 1e, di cui sopra \u00e8 facoltativo, tuttavia il mancato conferimento comporta l\u2019impossibilit\u00e0 di concludere il contratto o di fornirle i servizi da lei richiesti.<\/p>\n<p>&nbsp;<\/p>\n<ol start=\"2\">\n<li><strong>Proposte di servizi analoghi<\/strong>. Per informarla su ulteriori iniziative, prodotti e servizi ISTUD analoghi a quelli oggetto di un precedente contratto (es. aggiornamenti su corsi, workshop, giornate di incontro con nostri Partner e Clienti, ecc.), tramite attivit\u00e0 di marketing diretto alle coordinate e-mail da lei fornite all\u2019atto del precedente contratto ; potr\u00e0 comunque richiedere in ogni momento di non ricevere pi\u00f9 le nostre comunicazioni Il trattamento dei dati personali per questa finalit\u00e0 trova la sua base giuridica nell\u2019art 130.3 <strong>(comunicazioni indesiderate-c.d. opt-out<\/strong>) del Codice della privacy e non richiede il suo consenso preventivo;<\/li>\n<\/ol>\n<p>Il conferimento dei suoi dati per le finalit\u00e0 di cui al presente punto \u00e8 facoltativo. Il mancato conferimento dei suoi dati per tali finalit\u00e0 e il suo mancato consenso non pregiudica la conclusione del contratto o l\u2019erogazione dei servizi da lei richiesti ma comporta l\u2019impossibilit\u00e0 di inviarle comunicazioni sulle ulteriori iniziative ISTUD<\/p>\n<p><strong>\u00a0<\/strong><\/p>\n<ol start=\"3\">\n<li><strong> Ulteriori Finalit\u00e0.<\/strong> ISTUD potr\u00e0 inoltre trattare i suoi dati personali per le finalit\u00e0 descritte di seguito:<\/li>\n<li><strong>Marketing Diretto:<\/strong> per consentire l\u2019invio di informazioni pubblicitarie e promozionali, vendita diretta, compimento di ricerche di mercato, comunicazioni commerciali, Newsletter e pubblicazioni periodiche\u2026, ISTUD mediante l\u2019impiego di tutti i mezzi di comunicazione disponibili, automatizzati e non (quali ad es: suo indirizzo di posta elettronica, fax, sms, mms, chat, social network e simili, telefono o posta tradizionale ai recapiti da lei forniti). Il trattamento dei dati personali per questa finalit\u00e0 trova la sua base giuridica nell\u2019art 6.1.a del GDPR e richiede il suo<strong> consenso preventivo. <\/strong>In assenza di espresso consenso potremo comunicarle le informazioni per i servizi analoghi come indicato sopra al punto 2. unicamente tramite email;<\/li>\n<li><strong>Customer Satisfaction<\/strong>. Rilevazione del suo grado di soddisfazione sulla qualit\u00e0 dei servizi resi eseguita, dopo il periodo d\u2019aula, direttamente o attraverso l\u2019opera di societ\u00e0 specializzate, mediante interviste personali, telefoniche, invio di questionari, etc., ai recapiti da lei forniti;<\/li>\n<li><strong>Comunicazione e diffusione a terzi<\/strong> Comunicazione alle aziende interessate e\/o diffusione del curriculum vitae e\/o di elaborati progettuali che ha realizzato o contribuito a realizzare, in caso di partecipazione a Premi\/Concorsi\/Project Work, per scopi didattici e per favorire il contatto con le Aziende. Dati ed elaborati non saranno mai utilizzati in contesti che possano pregiudicare la dignit\u00e0 personale ed il decoro dell\u2019interessato.<\/li>\n<li><strong>Annuari di ex allievi. <\/strong>Compilazione e pubblicazione, anche sul nostro sito web e relativi canali di diffusione (social media, stampa, piattaforma on line del master, etc.), di annuari di ex allievi;<\/li>\n<li>Pubblicazione, anche sul nostro sito web e relativi canali di diffusione (social media, stampa, piattaforma on line del master, etc.), di annuari di ex allievi, di sue immagini (video o foto) riprese durante lo svolgimento delle selezioni\/concorsi\/premi\/lezioni in aula\/project work. Si evidenzia che tali immagini non saranno mai utilizzate in contesti che possano pregiudicare la dignit\u00e0 personale ed il decoro dei soggetti ripresi. Il suo eventuale consenso costituisce liberatoria anche ai sensi degli artt. 10 e 320 cod. civ. e degli artt. 96 e 97 legge 22\/4\/1941, n. 633 (Legge sul diritto d\u2019autore) e non d\u00e0 adito a rivalse economiche di alcun tipo.<\/li>\n<\/ol>\n<p>&nbsp;<\/p>\n<p>Il trattamento dei dati personali per le finalit\u00e0 di cui ai punti 3b, 3c, 3d, 3e di cui sopra trova la sua base giuridica nell\u2019art 6.1.a del GDPR e richiede il suo<strong> consenso<\/strong> preventivo che pu\u00f2 esprimere apponendo il flag nell\u2019apposito check-box presente nella scheda di iscrizione Il mancato conferimento dei suoi dati per tali finalit\u00e0 e il suo mancato consenso non pregiudica la conclusione del contratto o l\u2019erogazione dei servizi da lei richiesti ma comporta l\u2019impossibilit\u00e0 di realizzare le finalit\u00e0 illustrate<\/p>\n<p>&nbsp;<\/p>\n<ol>\n<li><strong> Modalit\u00e0 del trattamento e periodo di conservazione <\/strong><\/li>\n<\/ol>\n<p>I suoi dati personali sono trattati da personale specificatamente incaricato mediante strumenti manuali su supporto cartaceo, elettronici e telematici, nel rispetto della normativa vigente e con modalit\u00e0 atte a garantirne la sicurezza e la riservatezza.<\/p>\n<p>Fatto salvo quanto detto sopra per il profilo psicologico, tutti gli altri dati saranno conservati per tutta la durata dei rapporti contrattuali instaurati ed anche successivamente nella misura sufficiente e necessaria per l\u2019espletamento di tutti gli adempimenti di legge, per informarla sulle nostre iniziative e per dar corso ai trattamenti supplementari da lei autorizzati.<\/p>\n<p><strong>\u00a0<\/strong><\/p>\n<ol>\n<li><strong> Destinatari dei dati personali. Soggetti che possono venirne a conoscenza<\/strong><\/li>\n<\/ol>\n<p>Ferme restando le comunicazioni effettuate in esecuzione di obblighi di legge, i suoi dati potranno essere comunicati, nella misura strettamente necessaria e sufficiente all\u2019espletamento delle finalit\u00e0 sopra menzionate:<\/p>\n<ul>\n<li>ai nostri dipendenti del settore commerciale, marketing, amministrativo e tecnico oltre a collaboratori esterni che agiscono sotto la nostra autorit\u00e0 e che risultano autorizzati a trattarli in qualit\u00e0 di Incaricati del trattamento (es. professionisti cui ISTUD abbia affidato l\u2019incarico di elaborare i profili psicologici, quando previsti, e di partecipare alle attivit\u00e0 di selezione; docenti ed enti eroganti la formazione;)<\/li>\n<li>ai soggetti la cui attivit\u00e0 \u00e8 necessaria per l\u2019esecuzione dei contratti di cui lei \u00e8 parte o per adempiere a richieste prima della conclusione del contratto (es: organizzazioni presso le quali sar\u00e0 svolto lo stage, quando previsto, istituti bancari per la gestione di incassi dei pagamenti derivanti dall\u2019esecuzione di contratti, alberghi per la gestione dei pernottamenti se oggetto del contratto, Societ\u00e0 di recapito della corrispondenza, studi legali in caso di reclami e contenziosi; ecc.);<\/li>\n<li>a soggetti terzi a cui ISTUD eventualmente esternalizza talune attivit\u00e0 e che di conseguenza erogano alla stessa determinati servizi strumentali, comunque correlati ai trattamenti e alle finalit\u00e0 sopra descritte al punto B1 (finalit\u00e0 contrattuali, di legge e amministrative), quali ad esempio servizi amministrativi, contabili, fiscali, di revisione, di gestione del sistema informativo, di riscossione del credito, di archiviazione di massa, Tali soggetti terzi effettuano trattamenti per conto della nostra azienda e risultano autorizzati a trattarli in qualit\u00e0 di Responsabili del trattamento secondo quanto previsto dall\u2019art 28 del GDPR<\/li>\n<li>ai soggetti terzi a cui ISTUD eventualmente esternalizza talune attivit\u00e0 e che di conseguenza erogano alla stessa determinati servizi strumentali, comunque correlati ai trattamenti e alle finalit\u00e0 sopra descritte ai punti B2 <em>(proposte di servizi analoghi<\/em>), B3a <em>(Marketing diretto<\/em>) e B3b <em>(customer satisfaction<\/em>), a condizione che lei abbia fornito il suo consenso per il perseguimento di tali finalit\u00e0. Tali soggetti terzi effettuano trattamenti per conto della nostra azienda e risultano autorizzati a trattarli in qualit\u00e0 di Responsabili del trattamento secondo quanto previsto dall\u2019art 28 del GDPR<\/li>\n<li>alle Aziende interessate a valutare il suo curriculum e\/o i suoi elaborati progettuali che potranno essere anche diffusi secondo quanto descritto al punto B3c, solo qualora lei abbia fornito il suo consenso per tale finalit\u00e0;<\/li>\n<li>Infine, i suoi dati comprese foto e\/o video potranno essere diffusi tramite inserimento in nostre pubblicazioni, anche mediante pubblicazione sul nostro sito web e relativi canali di diffusione (social media, stampa, piattaforma on line del master, etc.), solo qualora lei abbia fornito il suo consenso per tale finalit\u00e0, secondo quanto descritto al punto B3d, B3e<\/li>\n<\/ul>\n<p>&nbsp;<\/p>\n<ol>\n<li><strong> Diritti dell\u2019interessato<\/strong><\/li>\n<\/ol>\n<p>Le rammentiamo che in qualit\u00e0 di \u201cinteressato\u201d potr\u00e0 esercitare i diritti previsti dal GDPR. In particolare:<\/p>\n<ul>\n<li>revocare il consenso al trattamento dei propri dati personali precedentemente espresso, senza pregiudicare la liceit\u00e0 del trattamento basata sul consenso prestato prima della revoca (art 7.3);<\/li>\n<li>ottenere informazioni sui propri dati trattati dal Titolare, su determinati aspetti del trattamento ed a ricevere una copia dei dati trattati (cd. Diritto di accesso art 15);<\/li>\n<li>verificare la correttezza dei propri dati personali e richiederne l\u2019aggiornamento o la correzione (cd. Diritto di rettifica art 16);<\/li>\n<li>quando ricorrono determinate condizioni, ottenere la cancellazione o rimozione dei propri dati personali (cd. diritto di cancellazione o oblio art 17);<\/li>\n<li>quando ricorrono determinate condizioni, richiedere la limitazione del trattamento dei propri dati personali; in tal caso il Titolare non tratter\u00e0 tali dati per alcun altro scopo se non la loro conservazione (cd. Diritto di limitazione del trattamento art 18);<\/li>\n<li>ricevere i propri Dati in formato strutturato, di uso comune e leggibile da dispositivo automatico e, ove tecnicamente fattibile, di ottenerne il trasferimento senza ostacoli ad un altro titolare. Questa disposizione \u00e8 applicabile quando i dati sono trattati con strumenti automatizzati ed il trattamento \u00e8 basato sul consenso dell\u2019interessato, su un contratto di cui l\u2019interessato \u00e8 parte o su misure contrattuali ad esso connesse (cd diritto alla portabilit\u00e0 dei dati art 20);<\/li>\n<li>opporsi al trattamento dei propri dati, quando esso avviene su una base giuridica diversa dal consenso (cd Diritto di opposizione art 21);<\/li>\n<li>opporsi a una decisione basata unicamente sul trattamento automatizzato (art. 22);<\/li>\n<li>il diritto di conoscere i soggetti esterni al Titolare, che trattano i suoi dati in qualit\u00e0 di Responsabili del trattamento (art 13.1, e);<\/li>\n<\/ul>\n<p>Potr\u00e0 ottenere ci\u00f2 inviando una richiesta scritta indirizzata al Titolare del trattamento, all\u2019attenzione del Responsabile Privacy, utilizzando i dati di contatto indicati al precedente punto A.<\/p>\n<p>&nbsp;<\/p>\n<p>Inoltre:<\/p>\n<ul>\n<li>il diritto di proporre un reclamo all\u2019Autorit\u00e0 Garante della protezione dei dati qualora ritenga che il trattamento dei suoi dati sia contrario alla normativa in vigore (<a href=\"http:\/\/www.garanteprivacy.it\">garanteprivacy.it<\/a>) o agire in sede giudiziale.<\/li>\n<\/ul>\n<p>&nbsp;<\/p>\n<p>Tali diritti potranno essere esercitati inviando comunicazione scritta al Titolare del trattamento, all\u2019indirizzo Strada Nazionale del Sempione Oltrefiume n. 25 \u2013 28831 Baveno (VB) o e-mail responsabileprivacy@istud.it.[\/vc_column_text][\/vc_column][\/vc_row]<\/p>\n","protected":false},"excerpt":{"rendered":"<p>[vc_row][vc_column][vc_column_text] Informativa in materia di protezione dei dati personali &nbsp; \u00a0 La sua iscrizione e la sua eventuale partecipazione ai corsi da lei selezionati, implica il trattamento di alcuni suoi &hellip; <\/p>\n","protected":false},"author":147,"featured_media":0,"parent":0,"menu_order":0,"comment_status":"closed","ping_status":"closed","template":"page-templates\/maintenance.php","meta":[],"categories":[],"tags":[],"yoast_head":"<!-- This site is optimized with the Yoast SEO plugin v18.4.1 - https:\/\/yoast.com\/wordpress\/plugins\/seo\/ -->\n<title>Informativa privacy dei corsi sincroni in sede - ISTUD Master<\/title>\n<meta name=\"robots\" content=\"noindex, nofollow\" \/>\n<meta property=\"og:locale\" content=\"it_IT\" \/>\n<meta property=\"og:type\" content=\"article\" \/>\n<meta property=\"og:title\" content=\"Informativa privacy dei corsi sincroni in sede - ISTUD Master\" \/>\n<meta property=\"og:description\" content=\"[vc_row][vc_column][vc_column_text] Informativa in materia di protezione dei dati personali &nbsp; \u00a0 La sua iscrizione e la sua eventuale partecipazione ai corsi da lei selezionati, implica il trattamento di alcuni suoi &hellip;\" \/>\n<meta property=\"og:url\" content=\"https:\/\/www.istud.it\/master\/informativa-privacy-dei-corsi-sincroni-in-sede\/\" \/>\n<meta property=\"og:site_name\" content=\"ISTUD Master\" \/>\n<meta property=\"article:publisher\" content=\"https:\/\/www.facebook.com\/fondazioneistud\/\" \/>\n<meta name=\"twitter:card\" content=\"summary\" \/>\n<meta name=\"twitter:site\" content=\"@istud_it\" \/>\n<meta name=\"twitter:label1\" content=\"Tempo di lettura stimato\" \/>\n\t<meta name=\"twitter:data1\" content=\"12 minuti\" \/>\n<script type=\"application\/ld+json\" class=\"yoast-schema-graph\">{\"@context\":\"https:\/\/schema.org\",\"@graph\":[{\"@type\":\"WebSite\",\"@id\":\"https:\/\/www.istud.it\/master\/#website\",\"url\":\"https:\/\/www.istud.it\/master\/\",\"name\":\"ISTUD Master\",\"description\":\"\",\"potentialAction\":[{\"@type\":\"SearchAction\",\"target\":{\"@type\":\"EntryPoint\",\"urlTemplate\":\"https:\/\/www.istud.it\/master\/?s={search_term_string}\"},\"query-input\":\"required name=search_term_string\"}],\"inLanguage\":\"it-IT\"},{\"@type\":\"WebPage\",\"@id\":\"https:\/\/www.istud.it\/master\/informativa-privacy-dei-corsi-sincroni-in-sede\/#webpage\",\"url\":\"https:\/\/www.istud.it\/master\/informativa-privacy-dei-corsi-sincroni-in-sede\/\",\"name\":\"Informativa privacy dei corsi sincroni in sede - ISTUD Master\",\"isPartOf\":{\"@id\":\"https:\/\/www.istud.it\/master\/#website\"},\"datePublished\":\"2025-01-16T08:40:38+00:00\",\"dateModified\":\"2025-01-16T08:40:38+00:00\",\"breadcrumb\":{\"@id\":\"https:\/\/www.istud.it\/master\/informativa-privacy-dei-corsi-sincroni-in-sede\/#breadcrumb\"},\"inLanguage\":\"it-IT\",\"potentialAction\":[{\"@type\":\"ReadAction\",\"target\":[\"https:\/\/www.istud.it\/master\/informativa-privacy-dei-corsi-sincroni-in-sede\/\"]}]},{\"@type\":\"BreadcrumbList\",\"@id\":\"https:\/\/www.istud.it\/master\/informativa-privacy-dei-corsi-sincroni-in-sede\/#breadcrumb\",\"itemListElement\":[{\"@type\":\"ListItem\",\"position\":1,\"name\":\"Home\",\"item\":\"https:\/\/www.istud.it\/master\/\"},{\"@type\":\"ListItem\",\"position\":2,\"name\":\"Informativa privacy dei corsi sincroni in sede\"}]}]}<\/script>\n<!-- \/ Yoast SEO plugin. -->","yoast_head_json":{"title":"Informativa privacy dei corsi sincroni in sede - ISTUD Master","robots":{"index":"noindex","follow":"nofollow"},"og_locale":"it_IT","og_type":"article","og_title":"Informativa privacy dei corsi sincroni in sede - ISTUD Master","og_description":"[vc_row][vc_column][vc_column_text] Informativa in materia di protezione dei dati personali &nbsp; \u00a0 La sua iscrizione e la sua eventuale partecipazione ai corsi da lei selezionati, implica il trattamento di alcuni suoi &hellip;","og_url":"https:\/\/www.istud.it\/master\/informativa-privacy-dei-corsi-sincroni-in-sede\/","og_site_name":"ISTUD Master","article_publisher":"https:\/\/www.facebook.com\/fondazioneistud\/","twitter_card":"summary","twitter_site":"@istud_it","twitter_misc":{"Tempo di lettura stimato":"12 minuti"},"schema":{"@context":"https:\/\/schema.org","@graph":[{"@type":"WebSite","@id":"https:\/\/www.istud.it\/master\/#website","url":"https:\/\/www.istud.it\/master\/","name":"ISTUD Master","description":"","potentialAction":[{"@type":"SearchAction","target":{"@type":"EntryPoint","urlTemplate":"https:\/\/www.istud.it\/master\/?s={search_term_string}"},"query-input":"required name=search_term_string"}],"inLanguage":"it-IT"},{"@type":"WebPage","@id":"https:\/\/www.istud.it\/master\/informativa-privacy-dei-corsi-sincroni-in-sede\/#webpage","url":"https:\/\/www.istud.it\/master\/informativa-privacy-dei-corsi-sincroni-in-sede\/","name":"Informativa privacy dei corsi sincroni in sede - ISTUD Master","isPartOf":{"@id":"https:\/\/www.istud.it\/master\/#website"},"datePublished":"2025-01-16T08:40:38+00:00","dateModified":"2025-01-16T08:40:38+00:00","breadcrumb":{"@id":"https:\/\/www.istud.it\/master\/informativa-privacy-dei-corsi-sincroni-in-sede\/#breadcrumb"},"inLanguage":"it-IT","potentialAction":[{"@type":"ReadAction","target":["https:\/\/www.istud.it\/master\/informativa-privacy-dei-corsi-sincroni-in-sede\/"]}]},{"@type":"BreadcrumbList","@id":"https:\/\/www.istud.it\/master\/informativa-privacy-dei-corsi-sincroni-in-sede\/#breadcrumb","itemListElement":[{"@type":"ListItem","position":1,"name":"Home","item":"https:\/\/www.istud.it\/master\/"},{"@type":"ListItem","position":2,"name":"Informativa privacy dei corsi sincroni in sede"}]}]}},"_links":{"self":[{"href":"https:\/\/www.istud.it\/master\/wp-json\/wp\/v2\/pages\/23834"}],"collection":[{"href":"https:\/\/www.istud.it\/master\/wp-json\/wp\/v2\/pages"}],"about":[{"href":"https:\/\/www.istud.it\/master\/wp-json\/wp\/v2\/types\/page"}],"author":[{"embeddable":true,"href":"https:\/\/www.istud.it\/master\/wp-json\/wp\/v2\/users\/147"}],"replies":[{"embeddable":true,"href":"https:\/\/www.istud.it\/master\/wp-json\/wp\/v2\/comments?post=23834"}],"version-history":[{"count":1,"href":"https:\/\/www.istud.it\/master\/wp-json\/wp\/v2\/pages\/23834\/revisions"}],"predecessor-version":[{"id":23835,"href":"https:\/\/www.istud.it\/master\/wp-json\/wp\/v2\/pages\/23834\/revisions\/23835"}],"wp:attachment":[{"href":"https:\/\/www.istud.it\/master\/wp-json\/wp\/v2\/media?parent=23834"}],"wp:term":[{"taxonomy":"category","embeddable":true,"href":"https:\/\/www.istud.it\/master\/wp-json\/wp\/v2\/categories?post=23834"},{"taxonomy":"post_tag","embeddable":true,"href":"https:\/\/www.istud.it\/master\/wp-json\/wp\/v2\/tags?post=23834"}],"curies":[{"name":"wp","href":"https:\/\/api.w.org\/{rel}","templated":true}]}}