{"id":23571,"date":"2024-12-18T15:24:54","date_gmt":"2024-12-18T14:24:54","guid":{"rendered":"https:\/\/www.istud.it\/master\/?page_id=23571"},"modified":"2024-12-18T15:35:28","modified_gmt":"2024-12-18T14:35:28","slug":"informativa-privacy-dei-corsi-fad-in-learning-room","status":"publish","type":"page","link":"https:\/\/www.istud.it\/master\/informativa-privacy-dei-corsi-fad-in-learning-room\/","title":{"rendered":"Informativa privacy dei corsi FAD in Learning Room"},"content":{"rendered":"<p>[vc_row][vc_column][vc_column_text]<\/p>\n<p align=\"center\">\n<p align=\"center\">\n<p align=\"center\">\n<p id=\"yui_3_17_2_1_1734519172662_1263\" align=\"center\"><b id=\"yui_3_17_2_1_1734519172662_1264\"><span id=\"yui_3_17_2_1_1734519172662_1265\" lang=\"EN-US\">Informativa Privacy per Learning Room<\/span><\/b><\/p>\n<p id=\"yui_3_17_2_1_1734519172662_1108\">L\u2019iscrizione alla Learning Room e il suo successivo utilizzo comportano l\u2019acquisizione e il trattamento da parte di ISTUD S.r.l., Titolare del trattamento, di alcuni Suoi dati personali, come illustrato qui di seguito.<\/p>\n<p id=\"yui_3_17_2_1_1734519172662_1266\"><b id=\"yui_3_17_2_1_1734519172662_1267\">a)\u00a0\u00a0\u00a0\u00a0\u00a0\u00a0\u00a0\u00a0<\/b><b id=\"yui_3_17_2_1_1734519172662_1268\">DATI TRATTATI E FINALIT\u00c0 DEL TRATTAMENTO<\/b><\/p>\n<p id=\"yui_3_17_2_1_1734519172662_1269\"><b id=\"yui_3_17_2_1_1734519172662_1270\">a.1) Learning Room<\/b><\/p>\n<p id=\"yui_3_17_2_1_1734519172662_1271\">Per l\u2019iscrizione alla Learning Room sono richiesti i dati identificativi e di contatto (nome, cognome, e-mail). Ulteriori dati sono richiesti in accordo alla vigente normativa in caso di iscrizione ai corsi ECM (codice fiscale, professione &#8211; disciplina, indirizzo, comune, CAP, provincia, attivit\u00e0, codice SDI, partita IVA, indirizzo mail PEC, luogo di nascita, data di nascita, genere, telefono).<\/p>\n<p id=\"yui_3_17_2_1_1734519172662_1272\">Le successive interazioni con la Learning Room comportano la raccolta automatica, da parte della piattaforma, di ulteriori Suoi dati quali: l\u2019orario di accesso; il numero di accessi; il tempo trascorso sulla piattaforma; la percentuale di completamento delle attivit\u00e0 dei corsi seguiti; le interazioni all\u2019interno di forum pubblici se abilitate per le finalit\u00e0 del corso; le eventuali interazioni con l\u2019amministratore della piattaforma.<\/p>\n<p id=\"yui_3_17_2_1_1734519172662_1273\">Il trattamento di questi dati ha le seguenti finalit\u00e0:<\/p>\n<p id=\"yui_3_17_2_1_1734519172662_1274\">\u00b7\u00a0\u00a0\u00a0\u00a0\u00a0\u00a0\u00a0consentire alle sole persone iscritte l\u2019accesso alla Learning Room e al corso a cui sono abilitate; monitorare la corretta erogazione del corso; consentire il rilascio dell\u2019attestato finale; adempiere a tutti gli ulteriori obblighi contrattuali, compresa la gestione di eventuali reclami e contenziosi e in generale per la tutela dei rispettivi diritti. La base giuridica di questo trattamento \u00e8 l\u2019art. 6.1.b) del GDPR\u00a0<i id=\"yui_3_17_2_1_1734519172662_1275\">(\u201cIl trattamento \u00e8 necessario all&#8217;esecuzione di un contratto di cui l&#8217;interessato \u00e8 parte o all&#8217;esecuzione di misure precontrattuali adottate su richiesta dello stesso\u201d<\/i>) e non richiede il Suo consenso;<\/p>\n<p id=\"yui_3_17_2_1_1734519172662_1276\">\u00b7\u00a0\u00a0\u00a0\u00a0\u00a0\u00a0\u00a0finalit\u00e0 connesse all\u2019esecuzione di obblighi previsti da leggi nei confronti delle Pubbliche Amministrazioni, nonch\u00e9 da disposizioni impartite da autorit\u00e0 a ci\u00f2 legittimate dalla legge, quali le operazioni di natura amministrativa, finanziaria, contabile e di sicurezza informatica, volte ad adempiere a tali obblighi. La base giuridica di questo trattamento \u00e8 l\u2019art 6.1.c) del GDPR\u00a0<i id=\"yui_3_17_2_1_1734519172662_1277\">(\u201cIl trattamento \u00e8 necessario per adempiere un obbligo legale al quale \u00e8 soggetto il titolare del trattamento\u201d<\/i>) e non richiede il Suo consenso;<\/p>\n<p id=\"yui_3_17_2_1_1734519172662_1278\">\u00b7\u00a0\u00a0\u00a0\u00a0\u00a0\u00a0\u00a0finalit\u00e0 connesse ad esigenze organizzative interne e al miglioramento dei servizi offerti, nonch\u00e9 elaborazioni a fini statistici destinate anche a pubblicazione in forma anonima. La base giuridica di questo trattamento \u00e8 l\u2019art 6.1.f) del GDPR (\u201c<i id=\"yui_3_17_2_1_1734519172662_1279\">Il trattamento \u00e8 necessario per il perseguimento del legittimo interesse del titolare del trattamento o di terzi<\/i>\u201d) e non richiede il Suo consenso. Il legittimo interesse \u00e8 il corretto funzionamento dell\u2019organizzazione interna e coincide con la finalit\u00e0 indicata;<\/p>\n<p id=\"yui_3_17_2_1_1734519172662_1281\">\u00b7\u00a0\u00a0\u00a0\u00a0\u00a0\u00a0\u00a0per informarLa su ulteriori iniziative, prodotti e servizi ISTUD analoghi (es. aggiornamenti su corsi, workshop, giornate di incontro con nostri Partner e Clienti, ecc.), tramite attivit\u00e0 di marketing diretto alle coordinate di posta elettronica fornite per l\u2019iscrizione (c.d. \u201csoft-spam\u201d); potr\u00e0 comunque richiedere agevolmente e in ogni momento di non ricevere pi\u00f9 tali comunicazioni. La base giuridica di questo trattamento \u00e8 l\u2019art. 130 comma 4 del D.lgs. 196\/2003 (comunicazioni indesiderate &#8211; c.d. opt-out) e non richiede il Suo consenso, fermo restando l\u2019obbligo per ISTUD di cessare le comunicazioni alla Sua prima richiesta in tal senso.<\/p>\n<p id=\"yui_3_17_2_1_1734519172662_1282\">Il mancato conferimento dei dati richiesti comporta l\u2019impossibilit\u00e0 di concludere il contratto e di fornirLe i servizi offerti tramite Learning Room.<\/p>\n<p id=\"yui_3_17_2_1_1734519172662_1283\"><b id=\"yui_3_17_2_1_1734519172662_1284\">a.2) Pagamenti<\/b><\/p>\n<p id=\"yui_3_17_2_1_1734519172662_1285\">L\u2019acquisto degli eventi di interesse pu\u00f2 essere effettuato on-line tramite lo strumento di pagamento sicuro Stripe (che agir\u00e0 in qualit\u00e0 di autonomo titolare del trattamento di tali dati), unicamente in euro.<\/p>\n<p id=\"yui_3_17_2_1_1734519172662_1286\">Per il pagamento verr\u00e0 quindi reindirizzato a una pagina esterna al sito ISTUD, nella quale dovr\u00e0 indicare i dati richiesti da Stripe per completare il procedimento di acquisto. Link al sito:\u00a0<a id=\"yui_3_17_2_1_1734519172662_1287\" href=\"https:\/\/stripe.com\/it\/legal\/privacy-center\">Stripe Privacy Center<\/a><\/p>\n<p>I dati richiesti da Stripe e forniti dall\u2019utente a Stripe non transiteranno dai server di ISTUD e non saranno trattati da ISTUD. ISTUD ricever\u00e0 da Stripe unicamente le seguenti informazioni, necessarie per dar seguito all\u2019ordine: nominativo e indirizzo di posta elettronica della persona che ha effettuato il pagamento; prodotto acquistato.<\/p>\n<p>Il trattamento di questi dati personali \u00e8 necessario per consentire la conclusione del contratto di acquisto on-line. La base giuridica di questo trattamento \u00e8 l\u2019art. 6.1.b) del GDPR (\u201c<i>Il trattamento \u00e8 necessario all&#8217;esecuzione di un contratto di cui l&#8217;interessato \u00e8 parte o all&#8217;esecuzione di misure precontrattuali adottate su richiesta dello stesso<\/i>\u201d) e non richiede il Suo consenso; il mancato conferimento di questi dati, pertanto, non consente di completare il processo di acquisto online.<\/p>\n<p><b>a.3) Marketing diretto<\/b><\/p>\n<p>Previo Suo espresso consenso, i Suoi dati di contatto potranno essere utilizzati da ISTUD per effettuare attivit\u00e0 di marketing diretto (quali invio informazioni pubblicitarie e promozionali, comunicazioni commerciali, newsletter e pubblicazioni periodiche, etc), mediante l\u2019impiego di tutti i mezzi di comunicazione disponibili, automatizzati e non (quali ad esempio: posta elettronica, fax, SMS, MMS, chat, social network e simili, telefono o posta tradizionale). La base giuridica di questo trattamento \u00e8 l\u2019art 6.1.a) del GDPR (<i>\u201cL&#8217;interessato ha espresso il consenso al trattamento dei propri dati personali per una o pi\u00f9 specifiche finalit\u00e0\u201d<\/i>) e richiede il Suo preventivo consenso, che Le chiederemo di esprimere al Suo primo accesso alla Sua area personale della Learning Room.<\/p>\n<p>Il mancato consenso per le finalit\u00e0 di marketing diretto non pregiudicher\u00e0 l\u2019erogazione dei servizi acquistati, ma comporta l\u2019impossibilit\u00e0 per ISTUD di inviarLe comunicazioni su nuove iniziative e offerte.<\/p>\n<p>Se desidera modificare le Sue preferenze, potr\u00e0 farlo in qualsiasi momento accedendo al proprio Profilo, cliccare su <em>Modifica<\/em> nella sezione <em>Dettaglio utente, <\/em>e infine aggiornando il flag relativo al consenso nella sezione <em>Privacy<\/em>. Dopodich\u00e9, \u00e8 necessario andare in fondo alla pagina e cliccare su <em>Aggiornamento profilo<\/em>, per salvare le modifiche.<\/p>\n<p><b>a.4) Pubblicazioni<\/b><\/p>\n<p>Durante lo svolgimento delle attivit\u00e0 nella Learning Room, potrebbero essere effettuate registrazioni audio o video o catturate foto che ISTUD utilizzer\u00e0 per finalit\u00e0 didattiche, divulgative e di marketing, e a tal fine essere pubblicate nel proprio sito internet o tramite altri canali di diffusione (social media, stampa, etc.).<\/p>\n<p>Tali registrazioni e immagini verranno effettuate previo Suo esplicito consenso.<\/p>\n<p><b>Si evidenzia che tali immagini non saranno mai utilizzate in contesti che possano pregiudicare la dignit\u00e0 personale ed il decoro dei soggetti ripresi. L\u2019eventuale consenso costituisce liberatoria anche ai sensi degli artt. 10 e 320 cod. civ. e degli artt. 96 e 97 legge 22\/4\/1941, n. 633 (Legge sul diritto d\u2019autore) e non d\u00e0 adito a rivalse economiche di alcun tipo.<\/b><\/p>\n<p>La base giuridica di questo trattamento \u00e8 l\u2019art 6.1.a) del GDPR (<i>\u201cL&#8217;interessato ha espresso il consenso al trattamento dei propri dati personali per una o pi\u00f9 specifiche finalit\u00e0\u201d<\/i>) e richiede il Suo preventivo consenso, che Le chiederemo di esprimere al Suo primo accesso alla Sua area personale della Learning Room.<\/p>\n<p>Il mancato consenso alla pubblicazione di Sue immagini non pregiudicher\u00e0 l\u2019erogazione dei servizi acquistati; in caso di pubblicazione, tali immagini verranno processate per eliminarle o nasconderle.<\/p>\n<p>Se desidera modificare le Sue preferenze, potr\u00e0 farlo in qualsiasi momento accedendo al proprio Profilo, cliccare su <em>Modifica<\/em> nella sezione <em>Dettaglio utente, <\/em>e infine aggiornando il flag relativo al consenso nella sezione <em>Privacy<\/em>. Dopodich\u00e9, \u00e8 necessario andare in fondo alla pagina e cliccare su <em>Aggiornamento profilo<\/em>, per salvare le modifiche.<\/p>\n<p><b>B) MODALITA\u2019 DI TRATTAMENTO E PERIODO DI CONSERVAZIONE<\/b><br \/>\nI Suoi dati personali sono trattati da personale specificatamente incaricato mediante strumenti manuali su supporto cartaceo, elettronici e telematici, nel rispetto della normativa vigente e con modalit\u00e0 atte a garantirne la sicurezza e la riservatezza.<\/p>\n<p>I dati saranno conservati per tutta la durata dei rapporti contrattuali instaurati ed anche successivamente nella misura sufficiente e necessaria per l\u2019espletamento di tutti gli adempimenti di legge, per informarLa su iniziative analoghe e per dar corso ai trattamenti supplementari da Lei autorizzati.<\/p>\n<p><b>C) DESTINATARI DEI DATI PERSONALI. SOGGETTI CHE POSSONO VENIRNE A CONOSCENZA<i>.<\/i><\/b><br \/>\nAllo scopo di consentire la realizzazione delle finalit\u00e0 indicate sopra, i dati potranno essere resi conoscibili ai seguenti soggetti:<\/p>\n<ol start=\"1\" type=\"1\">\n<li>a dipendenti e collaboratori di ISTUD del settore commerciale, marketing, amministrativo e tecnico, che agiscono sotto l\u2019autorit\u00e0 di ISTUD e sono autorizzati a trattarli in qualit\u00e0 di Incaricati del trattamento;<\/li>\n<li>a soggetti terzi a cui ISTUD eventualmente esternalizza talune attivit\u00e0 e che di conseguenza erogano determinati servizi strumentali, comunque correlati ai trattamenti e alle finalit\u00e0 sopra descritte, quali ad esempio servizi amministrativi, contabili, fiscali, di revisione, di gestione del sistema informativo, di riscossione del credito, di archiviazione di massa, servizi di supporto al cliente. Tali soggetti terzi effettuano trattamenti per conto di ISTUD e sono autorizzati a trattarli in qualit\u00e0 di Responsabili del trattamento secondo quanto previsto dall\u2019art 28 del GDPR;<\/li>\n<li>alle Pubbliche Amministrazioni, alle autorit\u00e0 di sicurezza, ispettive e, pi\u00f9 in generale, ai soggetti ai quali la facolt\u00e0 di accedere ai dati sia riconosciuta da specifiche disposizioni di legge o da un provvedimento emesso da una autorit\u00e0 a ci\u00f2 legittimata dalla legge;<\/li>\n<li>fatta salva la pubblicazione, se da Lei autorizzata, come descritto sopra al punto a.4), i suoi dati non saranno diffusi, vale a dire che non saranno resi conoscibili a soggetti indeterminati.<\/li>\n<\/ol>\n<p><b>D) DIRITTI DELL\u2019INTERESSATO<i><\/i><\/b><br \/>\nIl GDPR Le riconosce i seguenti diritti in relazione ai suoi dati personali che potr\u00e0 esercitare nei limiti e in conformit\u00e0 a quanto previsto dalla normativa:<\/p>\n<ol start=\"1\" type=\"1\">\n<li>diritto di accesso ai suoi dati personali (art. 15);<\/li>\n<li>diritto di rettifica (art. 16);<\/li>\n<li>diritto di cancellazione (diritto all\u2019oblio) (art. 17);<\/li>\n<li>diritto di limitazione di trattamento (art. 18);<\/li>\n<li>diritto alla portabilit\u00e0 dei dati (art. 20);<\/li>\n<li>diritto di opposizione (art. 21);<\/li>\n<li>diritto di opporsi a una decisione basata unicamente sul trattamento automatizzato (art. 22);<\/li>\n<li>diritto di revocare, in qualsiasi momento, il consenso rilasciato, senza pregiudicare la liceit\u00e0 del trattamento basata sul consenso prestato prima della revoca (art. 7);<\/li>\n<\/ol>\n<p>9.\u00a0\u00a0\u00a0\u00a0\u00a0\u00a0diritto di conoscere i soggetti esterni al Titolare, che trattano i suoi dati in qualit\u00e0 di Responsabili del trattamento (art 13.1, e);<\/p>\n<ol start=\"10\" type=\"1\">\n<li>diritto di proporre reclamo all\u2019Autorit\u00e0 Garante della protezione dei dati (<a href=\"http:\/\/www.garanteprivacy.it\/\">www.garanteprivacy.it<\/a>) qualora ritenga che il trattamento dei suoi dati sia contrario alla normativa in vigore (art. 77) o agire in sede giudiziale (art. 79).<\/li>\n<\/ol>\n<p>Potr\u00e0 esercitare tali diritti inviando comunicazione scritta al Titolare del trattamento, all\u2019attenzione del Responsabile Privacy, ai recapiti indicati al successivo punto E).<\/p>\n<p><b>E) IDENTIT\u00c0 E DATI DI CONTATTO DEL TITOLARE DEL TRATTAMENTO<\/b><br \/>\nTitolare del trattamento \u00e8 ISTUD s.r.l., Sede Legale: Via Pietro Giannone, 9 20154 Milano; Direzione, Amministrazione, Centro didattico: Strada Nazionale del Sempione Oltrefiume n. 25 \u2013 28831 Baveno (VB); Sede operativa: Via Paolo Lomazzo, 19 \u2013 Milano (MI).<\/p>\n<p>Dati di contatto per l\u2019esercizio dei diritti di cui alla lettera D):<\/p>\n<p>\u00b7\u00a0\u00a0\u00a0\u00a0\u00a0\u00a0\u00a0posta cartacea: Strada Nazionale del Sempione Oltrefiume n. 25 \u2013 28831 Baveno (VB)<\/p>\n<p>\u00b7\u00a0\u00a0\u00a0\u00a0\u00a0\u00a0\u00a0e-mail:\u00a0<a href=\"mailto:responsabileprivacy@istud.it\">responsabileprivacy@istud.it<\/a><\/p>\n<p>&nbsp;<\/p>\n<p>&nbsp;<\/p>\n<p>&nbsp;[\/vc_column_text][\/vc_column][\/vc_row]<\/p>\n","protected":false},"excerpt":{"rendered":"<p>[vc_row][vc_column][vc_column_text] Informativa Privacy per Learning Room L\u2019iscrizione alla Learning Room e il suo successivo utilizzo comportano l\u2019acquisizione e il trattamento da parte di ISTUD S.r.l., Titolare del trattamento, di alcuni &hellip; <\/p>\n","protected":false},"author":147,"featured_media":0,"parent":0,"menu_order":0,"comment_status":"closed","ping_status":"closed","template":"page-templates\/maintenance.php","meta":[],"categories":[],"tags":[],"yoast_head":"<!-- This site is optimized with the Yoast SEO plugin v18.4.1 - https:\/\/yoast.com\/wordpress\/plugins\/seo\/ -->\n<title>Informativa privacy dei corsi FAD in Learning Room - ISTUD Master<\/title>\n<meta name=\"robots\" content=\"noindex, nofollow\" \/>\n<meta property=\"og:locale\" content=\"it_IT\" \/>\n<meta property=\"og:type\" content=\"article\" \/>\n<meta property=\"og:title\" content=\"Informativa privacy dei corsi FAD in Learning Room - ISTUD Master\" \/>\n<meta property=\"og:description\" content=\"[vc_row][vc_column][vc_column_text] Informativa Privacy per Learning Room L\u2019iscrizione alla Learning Room e il suo successivo utilizzo comportano l\u2019acquisizione e il trattamento da parte di ISTUD S.r.l., Titolare del trattamento, di alcuni &hellip;\" \/>\n<meta property=\"og:url\" content=\"https:\/\/www.istud.it\/master\/informativa-privacy-dei-corsi-fad-in-learning-room\/\" \/>\n<meta property=\"og:site_name\" content=\"ISTUD Master\" \/>\n<meta property=\"article:publisher\" content=\"https:\/\/www.facebook.com\/fondazioneistud\/\" \/>\n<meta property=\"article:modified_time\" content=\"2024-12-18T14:35:28+00:00\" \/>\n<meta name=\"twitter:card\" content=\"summary\" \/>\n<meta name=\"twitter:site\" content=\"@istud_it\" \/>\n<meta name=\"twitter:label1\" content=\"Tempo di lettura stimato\" \/>\n\t<meta name=\"twitter:data1\" content=\"10 minuti\" \/>\n<script type=\"application\/ld+json\" class=\"yoast-schema-graph\">{\"@context\":\"https:\/\/schema.org\",\"@graph\":[{\"@type\":\"WebSite\",\"@id\":\"https:\/\/www.istud.it\/master\/#website\",\"url\":\"https:\/\/www.istud.it\/master\/\",\"name\":\"ISTUD Master\",\"description\":\"\",\"potentialAction\":[{\"@type\":\"SearchAction\",\"target\":{\"@type\":\"EntryPoint\",\"urlTemplate\":\"https:\/\/www.istud.it\/master\/?s={search_term_string}\"},\"query-input\":\"required name=search_term_string\"}],\"inLanguage\":\"it-IT\"},{\"@type\":\"WebPage\",\"@id\":\"https:\/\/www.istud.it\/master\/informativa-privacy-dei-corsi-fad-in-learning-room\/#webpage\",\"url\":\"https:\/\/www.istud.it\/master\/informativa-privacy-dei-corsi-fad-in-learning-room\/\",\"name\":\"Informativa privacy dei corsi FAD in Learning Room - ISTUD Master\",\"isPartOf\":{\"@id\":\"https:\/\/www.istud.it\/master\/#website\"},\"datePublished\":\"2024-12-18T14:24:54+00:00\",\"dateModified\":\"2024-12-18T14:35:28+00:00\",\"breadcrumb\":{\"@id\":\"https:\/\/www.istud.it\/master\/informativa-privacy-dei-corsi-fad-in-learning-room\/#breadcrumb\"},\"inLanguage\":\"it-IT\",\"potentialAction\":[{\"@type\":\"ReadAction\",\"target\":[\"https:\/\/www.istud.it\/master\/informativa-privacy-dei-corsi-fad-in-learning-room\/\"]}]},{\"@type\":\"BreadcrumbList\",\"@id\":\"https:\/\/www.istud.it\/master\/informativa-privacy-dei-corsi-fad-in-learning-room\/#breadcrumb\",\"itemListElement\":[{\"@type\":\"ListItem\",\"position\":1,\"name\":\"Home\",\"item\":\"https:\/\/www.istud.it\/master\/\"},{\"@type\":\"ListItem\",\"position\":2,\"name\":\"Informativa privacy dei corsi FAD in Learning Room\"}]}]}<\/script>\n<!-- \/ Yoast SEO plugin. -->","yoast_head_json":{"title":"Informativa privacy dei corsi FAD in Learning Room - ISTUD Master","robots":{"index":"noindex","follow":"nofollow"},"og_locale":"it_IT","og_type":"article","og_title":"Informativa privacy dei corsi FAD in Learning Room - ISTUD Master","og_description":"[vc_row][vc_column][vc_column_text] Informativa Privacy per Learning Room L\u2019iscrizione alla Learning Room e il suo successivo utilizzo comportano l\u2019acquisizione e il trattamento da parte di ISTUD S.r.l., Titolare del trattamento, di alcuni &hellip;","og_url":"https:\/\/www.istud.it\/master\/informativa-privacy-dei-corsi-fad-in-learning-room\/","og_site_name":"ISTUD Master","article_publisher":"https:\/\/www.facebook.com\/fondazioneistud\/","article_modified_time":"2024-12-18T14:35:28+00:00","twitter_card":"summary","twitter_site":"@istud_it","twitter_misc":{"Tempo di lettura stimato":"10 minuti"},"schema":{"@context":"https:\/\/schema.org","@graph":[{"@type":"WebSite","@id":"https:\/\/www.istud.it\/master\/#website","url":"https:\/\/www.istud.it\/master\/","name":"ISTUD Master","description":"","potentialAction":[{"@type":"SearchAction","target":{"@type":"EntryPoint","urlTemplate":"https:\/\/www.istud.it\/master\/?s={search_term_string}"},"query-input":"required name=search_term_string"}],"inLanguage":"it-IT"},{"@type":"WebPage","@id":"https:\/\/www.istud.it\/master\/informativa-privacy-dei-corsi-fad-in-learning-room\/#webpage","url":"https:\/\/www.istud.it\/master\/informativa-privacy-dei-corsi-fad-in-learning-room\/","name":"Informativa privacy dei corsi FAD in Learning Room - ISTUD Master","isPartOf":{"@id":"https:\/\/www.istud.it\/master\/#website"},"datePublished":"2024-12-18T14:24:54+00:00","dateModified":"2024-12-18T14:35:28+00:00","breadcrumb":{"@id":"https:\/\/www.istud.it\/master\/informativa-privacy-dei-corsi-fad-in-learning-room\/#breadcrumb"},"inLanguage":"it-IT","potentialAction":[{"@type":"ReadAction","target":["https:\/\/www.istud.it\/master\/informativa-privacy-dei-corsi-fad-in-learning-room\/"]}]},{"@type":"BreadcrumbList","@id":"https:\/\/www.istud.it\/master\/informativa-privacy-dei-corsi-fad-in-learning-room\/#breadcrumb","itemListElement":[{"@type":"ListItem","position":1,"name":"Home","item":"https:\/\/www.istud.it\/master\/"},{"@type":"ListItem","position":2,"name":"Informativa privacy dei corsi FAD in Learning Room"}]}]}},"_links":{"self":[{"href":"https:\/\/www.istud.it\/master\/wp-json\/wp\/v2\/pages\/23571"}],"collection":[{"href":"https:\/\/www.istud.it\/master\/wp-json\/wp\/v2\/pages"}],"about":[{"href":"https:\/\/www.istud.it\/master\/wp-json\/wp\/v2\/types\/page"}],"author":[{"embeddable":true,"href":"https:\/\/www.istud.it\/master\/wp-json\/wp\/v2\/users\/147"}],"replies":[{"embeddable":true,"href":"https:\/\/www.istud.it\/master\/wp-json\/wp\/v2\/comments?post=23571"}],"version-history":[{"count":3,"href":"https:\/\/www.istud.it\/master\/wp-json\/wp\/v2\/pages\/23571\/revisions"}],"predecessor-version":[{"id":23576,"href":"https:\/\/www.istud.it\/master\/wp-json\/wp\/v2\/pages\/23571\/revisions\/23576"}],"wp:attachment":[{"href":"https:\/\/www.istud.it\/master\/wp-json\/wp\/v2\/media?parent=23571"}],"wp:term":[{"taxonomy":"category","embeddable":true,"href":"https:\/\/www.istud.it\/master\/wp-json\/wp\/v2\/categories?post=23571"},{"taxonomy":"post_tag","embeddable":true,"href":"https:\/\/www.istud.it\/master\/wp-json\/wp\/v2\/tags?post=23571"}],"curies":[{"name":"wp","href":"https:\/\/api.w.org\/{rel}","templated":true}]}}