{"id":1727,"date":"2008-02-01T21:05:08","date_gmt":"2008-02-01T20:05:08","guid":{"rendered":"https:\/\/www.istud.it\/master\/?page_id=1727"},"modified":"2018-03-16T19:11:17","modified_gmt":"2018-03-16T18:11:17","slug":"giovani-lavoro-la-ricerca-senso-flessibilita-appartenenza","status":"publish","type":"page","link":"https:\/\/www.istud.it\/master\/osservatorio-giovani-lavoro\/giovani-lavoro-la-ricerca-senso-flessibilita-appartenenza\/","title":{"rendered":"I giovani e il lavoro: la ricerca di senso tra flessibilit\u00e0 e appartenenza"},"content":{"rendered":"<p>[vc_row][vc_column]<div class=\"thim-widget-heading template-base\"><div class=\"sc_heading  \"><h3 style=\"text-transform: uppercase;\" class=\"title\">I giovani e il lavoro: la ricerca di senso tra flessibilit\u00e0 e appartenenza<\/h3><p class=\"sub-heading\" style=\"\">Data inizio progetto: 2008<\/p><\/div><\/div>[\/vc_column][\/vc_row][vc_row][vc_column width=&#8221;2\/3&#8243;][vc_column_text]Il lavoro \u00e8 ancora per i giovani una delle principali fonti di realizzazione? &#8216;Entrare in azienda&#8217; rappresenta un traguardo e la realizzazione di un&#8217;aspirazione professionale? Esiste ancora il valore della carriera? E poi: quanto si \u00e8 disposti ad interpretare la flessibilit\u00e0 in termini di opportunit\u00e0 e a investire nella propria professionalit\u00e0 quando non esiste pi\u00f9 la garanzia del ritorno dell&#8217;investimento fatto in termini di denaro? Per provare a rispondere a queste domande \u00e8 stata realizzata un&#8217;indagine dalla Fondazione ISTUD, con il contributo di un gruppo di importanti aziende italiane nazionali e multinazionali operanti in diversi settori e protagoniste di primo piano nel contesto internazionale.[\/vc_column_text][\/vc_column][vc_column width=&#8221;1\/3&#8243; el_class=&#8221;centered&#8221;]<div class=\"thim-widget-button template-base\"><a class=\"widget-button very-rounded small custom_style\" href=\"http:\/\/www.istud.it\/up_media\/ricerche\/giovani.pdf\" target=\"_blank\" style=\"font-size: 14px;border-width: 1;color: #333333;border-color: #333333;background-color: #ffffff;\" data-hover=\"font-size: 14px;border-width: 1;color: #ffffff;border-color: #af0f2c;background-color: #af0f2c;\">Report di ricerca<\/a><\/div>[\/vc_column][\/vc_row]<\/p>\n","protected":false},"excerpt":{"rendered":"<p>[vc_row][vc_column][\/vc_column][\/vc_row][vc_row][vc_column width=&#8221;2\/3&#8243;][vc_column_text]Il lavoro \u00e8 ancora per i giovani una delle principali fonti di realizzazione? &#8216;Entrare in azienda&#8217; rappresenta un traguardo e la realizzazione di un&#8217;aspirazione professionale? Esiste ancora il valore &hellip; <\/p>\n","protected":false},"author":89,"featured_media":1728,"parent":389,"menu_order":0,"comment_status":"closed","ping_status":"closed","template":"","meta":[],"categories":[43],"tags":[],"yoast_head":"<!-- This site is optimized with the Yoast SEO plugin v18.4.1 - https:\/\/yoast.com\/wordpress\/plugins\/seo\/ -->\n<title>I giovani e il lavoro: la ricerca di senso tra flessibilit\u00e0 e appartenenza - ISTUD Master<\/title>\n<meta name=\"robots\" content=\"index, follow, max-snippet:-1, max-image-preview:large, max-video-preview:-1\" \/>\n<link rel=\"canonical\" href=\"https:\/\/www.istud.it\/master\/osservatorio-giovani-lavoro\/giovani-lavoro-la-ricerca-senso-flessibilita-appartenenza\/\" \/>\n<meta property=\"og:locale\" content=\"it_IT\" \/>\n<meta property=\"og:type\" content=\"article\" \/>\n<meta property=\"og:title\" content=\"I giovani e il lavoro: la ricerca di senso tra flessibilit\u00e0 e appartenenza - ISTUD Master\" \/>\n<meta property=\"og:description\" content=\"[vc_row][vc_column][\/vc_column][\/vc_row][vc_row][vc_column width=&#8221;2\/3&#8243;][vc_column_text]Il lavoro \u00e8 ancora per i giovani una delle principali fonti di realizzazione? &#8216;Entrare in azienda&#8217; rappresenta un traguardo e la realizzazione di un&#8217;aspirazione professionale? Esiste ancora il valore &hellip;\" \/>\n<meta property=\"og:url\" content=\"https:\/\/www.istud.it\/master\/osservatorio-giovani-lavoro\/giovani-lavoro-la-ricerca-senso-flessibilita-appartenenza\/\" \/>\n<meta property=\"og:site_name\" content=\"ISTUD Master\" \/>\n<meta property=\"article:publisher\" content=\"https:\/\/www.facebook.com\/fondazioneistud\/\" \/>\n<meta property=\"article:modified_time\" content=\"2018-03-16T18:11:17+00:00\" \/>\n<meta property=\"og:image\" content=\"https:\/\/www.istud.it\/master\/wp-content\/uploads\/2018\/02\/ricerca-giovani-2008.jpg\" \/>\n\t<meta property=\"og:image:width\" content=\"717\" \/>\n\t<meta property=\"og:image:height\" content=\"717\" \/>\n\t<meta property=\"og:image:type\" content=\"image\/jpeg\" \/>\n<meta name=\"twitter:card\" content=\"summary\" \/>\n<meta name=\"twitter:site\" content=\"@istud_it\" \/>\n<meta name=\"twitter:label1\" content=\"Tempo di lettura stimato\" \/>\n\t<meta name=\"twitter:data1\" content=\"1 minuto\" \/>\n<script type=\"application\/ld+json\" class=\"yoast-schema-graph\">{\"@context\":\"https:\/\/schema.org\",\"@graph\":[{\"@type\":\"WebSite\",\"@id\":\"https:\/\/www.istud.it\/master\/#website\",\"url\":\"https:\/\/www.istud.it\/master\/\",\"name\":\"ISTUD Master\",\"description\":\"\",\"potentialAction\":[{\"@type\":\"SearchAction\",\"target\":{\"@type\":\"EntryPoint\",\"urlTemplate\":\"https:\/\/www.istud.it\/master\/?s={search_term_string}\"},\"query-input\":\"required name=search_term_string\"}],\"inLanguage\":\"it-IT\"},{\"@type\":\"ImageObject\",\"@id\":\"https:\/\/www.istud.it\/master\/osservatorio-giovani-lavoro\/giovani-lavoro-la-ricerca-senso-flessibilita-appartenenza\/#primaryimage\",\"inLanguage\":\"it-IT\",\"url\":\"https:\/\/www.istud.it\/master\/wp-content\/uploads\/2018\/02\/ricerca-giovani-2008.jpg\",\"contentUrl\":\"https:\/\/www.istud.it\/master\/wp-content\/uploads\/2018\/02\/ricerca-giovani-2008.jpg\",\"width\":717,\"height\":717,\"caption\":\"ricerca giovani 2008\"},{\"@type\":\"WebPage\",\"@id\":\"https:\/\/www.istud.it\/master\/osservatorio-giovani-lavoro\/giovani-lavoro-la-ricerca-senso-flessibilita-appartenenza\/#webpage\",\"url\":\"https:\/\/www.istud.it\/master\/osservatorio-giovani-lavoro\/giovani-lavoro-la-ricerca-senso-flessibilita-appartenenza\/\",\"name\":\"I giovani e il lavoro: la ricerca di senso tra flessibilit\u00e0 e appartenenza - ISTUD Master\",\"isPartOf\":{\"@id\":\"https:\/\/www.istud.it\/master\/#website\"},\"primaryImageOfPage\":{\"@id\":\"https:\/\/www.istud.it\/master\/osservatorio-giovani-lavoro\/giovani-lavoro-la-ricerca-senso-flessibilita-appartenenza\/#primaryimage\"},\"datePublished\":\"2008-02-01T20:05:08+00:00\",\"dateModified\":\"2018-03-16T18:11:17+00:00\",\"breadcrumb\":{\"@id\":\"https:\/\/www.istud.it\/master\/osservatorio-giovani-lavoro\/giovani-lavoro-la-ricerca-senso-flessibilita-appartenenza\/#breadcrumb\"},\"inLanguage\":\"it-IT\",\"potentialAction\":[{\"@type\":\"ReadAction\",\"target\":[\"https:\/\/www.istud.it\/master\/osservatorio-giovani-lavoro\/giovani-lavoro-la-ricerca-senso-flessibilita-appartenenza\/\"]}]},{\"@type\":\"BreadcrumbList\",\"@id\":\"https:\/\/www.istud.it\/master\/osservatorio-giovani-lavoro\/giovani-lavoro-la-ricerca-senso-flessibilita-appartenenza\/#breadcrumb\",\"itemListElement\":[{\"@type\":\"ListItem\",\"position\":1,\"name\":\"Home\",\"item\":\"https:\/\/www.istud.it\/master\/\"},{\"@type\":\"ListItem\",\"position\":2,\"name\":\"Osservatorio Giovani e Lavoro\",\"item\":\"https:\/\/www.istud.it\/master\/osservatorio-giovani-lavoro\/\"},{\"@type\":\"ListItem\",\"position\":3,\"name\":\"I giovani e il lavoro: la ricerca di senso tra flessibilit\u00e0 e appartenenza\"}]}]}<\/script>\n<!-- \/ Yoast SEO plugin. -->","yoast_head_json":{"title":"I giovani e il lavoro: la ricerca di senso tra flessibilit\u00e0 e appartenenza - ISTUD Master","robots":{"index":"index","follow":"follow","max-snippet":"max-snippet:-1","max-image-preview":"max-image-preview:large","max-video-preview":"max-video-preview:-1"},"canonical":"https:\/\/www.istud.it\/master\/osservatorio-giovani-lavoro\/giovani-lavoro-la-ricerca-senso-flessibilita-appartenenza\/","og_locale":"it_IT","og_type":"article","og_title":"I giovani e il lavoro: la ricerca di senso tra flessibilit\u00e0 e appartenenza - ISTUD Master","og_description":"[vc_row][vc_column][\/vc_column][\/vc_row][vc_row][vc_column width=&#8221;2\/3&#8243;][vc_column_text]Il lavoro \u00e8 ancora per i giovani una delle principali fonti di realizzazione? &#8216;Entrare in azienda&#8217; rappresenta un traguardo e la realizzazione di un&#8217;aspirazione professionale? Esiste ancora il valore &hellip;","og_url":"https:\/\/www.istud.it\/master\/osservatorio-giovani-lavoro\/giovani-lavoro-la-ricerca-senso-flessibilita-appartenenza\/","og_site_name":"ISTUD Master","article_publisher":"https:\/\/www.facebook.com\/fondazioneistud\/","article_modified_time":"2018-03-16T18:11:17+00:00","og_image":[{"width":717,"height":717,"url":"https:\/\/www.istud.it\/master\/wp-content\/uploads\/2018\/02\/ricerca-giovani-2008.jpg","type":"image\/jpeg"}],"twitter_card":"summary","twitter_site":"@istud_it","twitter_misc":{"Tempo di lettura stimato":"1 minuto"},"schema":{"@context":"https:\/\/schema.org","@graph":[{"@type":"WebSite","@id":"https:\/\/www.istud.it\/master\/#website","url":"https:\/\/www.istud.it\/master\/","name":"ISTUD Master","description":"","potentialAction":[{"@type":"SearchAction","target":{"@type":"EntryPoint","urlTemplate":"https:\/\/www.istud.it\/master\/?s={search_term_string}"},"query-input":"required name=search_term_string"}],"inLanguage":"it-IT"},{"@type":"ImageObject","@id":"https:\/\/www.istud.it\/master\/osservatorio-giovani-lavoro\/giovani-lavoro-la-ricerca-senso-flessibilita-appartenenza\/#primaryimage","inLanguage":"it-IT","url":"https:\/\/www.istud.it\/master\/wp-content\/uploads\/2018\/02\/ricerca-giovani-2008.jpg","contentUrl":"https:\/\/www.istud.it\/master\/wp-content\/uploads\/2018\/02\/ricerca-giovani-2008.jpg","width":717,"height":717,"caption":"ricerca giovani 2008"},{"@type":"WebPage","@id":"https:\/\/www.istud.it\/master\/osservatorio-giovani-lavoro\/giovani-lavoro-la-ricerca-senso-flessibilita-appartenenza\/#webpage","url":"https:\/\/www.istud.it\/master\/osservatorio-giovani-lavoro\/giovani-lavoro-la-ricerca-senso-flessibilita-appartenenza\/","name":"I giovani e il lavoro: la ricerca di senso tra flessibilit\u00e0 e appartenenza - ISTUD Master","isPartOf":{"@id":"https:\/\/www.istud.it\/master\/#website"},"primaryImageOfPage":{"@id":"https:\/\/www.istud.it\/master\/osservatorio-giovani-lavoro\/giovani-lavoro-la-ricerca-senso-flessibilita-appartenenza\/#primaryimage"},"datePublished":"2008-02-01T20:05:08+00:00","dateModified":"2018-03-16T18:11:17+00:00","breadcrumb":{"@id":"https:\/\/www.istud.it\/master\/osservatorio-giovani-lavoro\/giovani-lavoro-la-ricerca-senso-flessibilita-appartenenza\/#breadcrumb"},"inLanguage":"it-IT","potentialAction":[{"@type":"ReadAction","target":["https:\/\/www.istud.it\/master\/osservatorio-giovani-lavoro\/giovani-lavoro-la-ricerca-senso-flessibilita-appartenenza\/"]}]},{"@type":"BreadcrumbList","@id":"https:\/\/www.istud.it\/master\/osservatorio-giovani-lavoro\/giovani-lavoro-la-ricerca-senso-flessibilita-appartenenza\/#breadcrumb","itemListElement":[{"@type":"ListItem","position":1,"name":"Home","item":"https:\/\/www.istud.it\/master\/"},{"@type":"ListItem","position":2,"name":"Osservatorio Giovani e Lavoro","item":"https:\/\/www.istud.it\/master\/osservatorio-giovani-lavoro\/"},{"@type":"ListItem","position":3,"name":"I giovani e il lavoro: la ricerca di senso tra flessibilit\u00e0 e appartenenza"}]}]}},"_links":{"self":[{"href":"https:\/\/www.istud.it\/master\/wp-json\/wp\/v2\/pages\/1727"}],"collection":[{"href":"https:\/\/www.istud.it\/master\/wp-json\/wp\/v2\/pages"}],"about":[{"href":"https:\/\/www.istud.it\/master\/wp-json\/wp\/v2\/types\/page"}],"author":[{"embeddable":true,"href":"https:\/\/www.istud.it\/master\/wp-json\/wp\/v2\/users\/89"}],"replies":[{"embeddable":true,"href":"https:\/\/www.istud.it\/master\/wp-json\/wp\/v2\/comments?post=1727"}],"version-history":[{"count":1,"href":"https:\/\/www.istud.it\/master\/wp-json\/wp\/v2\/pages\/1727\/revisions"}],"predecessor-version":[{"id":1729,"href":"https:\/\/www.istud.it\/master\/wp-json\/wp\/v2\/pages\/1727\/revisions\/1729"}],"up":[{"embeddable":true,"href":"https:\/\/www.istud.it\/master\/wp-json\/wp\/v2\/pages\/389"}],"wp:featuredmedia":[{"embeddable":true,"href":"https:\/\/www.istud.it\/master\/wp-json\/wp\/v2\/media\/1728"}],"wp:attachment":[{"href":"https:\/\/www.istud.it\/master\/wp-json\/wp\/v2\/media?parent=1727"}],"wp:term":[{"taxonomy":"category","embeddable":true,"href":"https:\/\/www.istud.it\/master\/wp-json\/wp\/v2\/categories?post=1727"},{"taxonomy":"post_tag","embeddable":true,"href":"https:\/\/www.istud.it\/master\/wp-json\/wp\/v2\/tags?post=1727"}],"curies":[{"name":"wp","href":"https:\/\/api.w.org\/{rel}","templated":true}]}}