{"id":6700,"date":"2020-05-07T11:35:20","date_gmt":"2020-05-07T09:35:20","guid":{"rendered":"https:\/\/www.istud.it\/imprese\/?page_id=6700"},"modified":"2020-10-29T14:52:49","modified_gmt":"2020-10-29T13:52:49","slug":"aware","status":"publish","type":"page","link":"https:\/\/www.istud.it\/imprese\/soluzioni-in-house\/aware\/","title":{"rendered":"AWARE"},"content":{"rendered":"<p>[vc_row full_width=&#8221;stretch_row&#8221; css=&#8221;.vc_custom_1520449575263{padding-top: 150px !important;padding-bottom: 20px !important;background-color: #194a87 !important;}&#8221;][vc_column][vc_row_inner][vc_column_inner offset=&#8221;vc_hidden-md vc_hidden-sm vc_hidden-xs&#8221;][vc_column_text el_class=&#8221;white big-title&#8221;]<\/p>\n<h1>AWARE<\/h1>\n<div class=\"non-h3-min\">The performance pentagon programme for managers<\/div>\n<p>[\/vc_column_text][\/vc_column_inner][\/vc_row_inner][vc_row_inner][vc_column_inner offset=&#8221;vc_hidden-lg&#8221;][vc_column_text el_class=&#8221;white big-title&#8221;]<\/p>\n<h1 style=\"font-size: 30px;\">AWARE<\/h1>\n<div class=\"non-h3-min\">The performance pentagon programme for managers<\/div>\n<p>[\/vc_column_text][\/vc_column_inner][\/vc_row_inner][\/vc_column][\/vc_row][vc_row][vc_column][vc_column_text]In periodi di forte incertezza come quelli che stiamo attraversando, i <strong>paradigmi organizzativi<\/strong> di riferimento <strong>stanno cambiando<\/strong> e i modelli di competenza a cui siamo abituati rischiano di perdere di significato.<\/p>\n<p>Per rispondere con efficacia a queste questioni, essere consapevoli di se stessi diventa un requisito indispensabile per navigare lo scenario attuale, avendo chiari quali siano i punti fermi ai quali affidarsi.<\/p>\n<p><strong>Sviluppare intelligenza emotiva, resilienza, capacit\u00e0 di apprezzare i punti di forza dei propri collaboratori e avere ben chiaro il purpose della propria organizzazione<\/strong>, ci permette di essere in grado di reagire ai tempi instabili che stiamo vivendo.<\/p>\n<p>Per questo ISTUD ha progettato<strong> AWARE<\/strong>, il percorso di formazione indirizzato ai manager e agli aspiranti leader del domani che vogliano acquisire ulteriori competenze indirizzate al cuore delle questioni organizzative del nostro presente.[\/vc_column_text][\/vc_column][\/vc_row][vc_row][vc_column width=&#8221;1\/3&#8243;][vc_single_image image=&#8221;6718&#8243; img_size=&#8221;full&#8221;][\/vc_column][vc_column width=&#8221;2\/3&#8243;][vc_column_text el_class=&#8221;non-h3-min&#8221;]Obiettivi[\/vc_column_text][vc_column_text]<\/p>\n<ul>\n<li>Aggiungere alla propria &#8220;tool box&#8221; nuove skills di management e leadership<\/li>\n<li>Imparare velocemente e in modo efficace<\/li>\n<li>Mettere in pratica da subito quanto appreso<\/li>\n<li>Gestire i processi aziendali con empatia ed efficacia<\/li>\n<\/ul>\n<p>[\/vc_column_text][vc_column_text el_class=&#8221;non-h3-min&#8221;]A chi si rivolge[\/vc_column_text][vc_column_text]AWARE \u00e8 rivolto a manager e team interessati al proprio auto sviluppo.<\/p>\n<p>Il percorso pu\u00f2 essere progettato e personalizzato sia a livello individuale che di team o gruppo.[\/vc_column_text][\/vc_column][\/vc_row][vc_row][vc_column][vc_column_text el_class=&#8221;non-h3-min&#8221;]La nostra proposta[\/vc_column_text][vc_row_inner][vc_column_inner width=&#8221;1\/2&#8243;][vc_column_text]ISTUD presenta un set di strumenti e modelli pratici pensato per migliorare competenze di leadership e incrementare empatia e efficacia, combinando apprendimento digitale sincrono e asincrono e tutoring individuale.<\/p>\n<p>Il percorso \u00e8 composto da cinque moduli, uno per ciascuna area del <strong>modello di performance AWARE<\/strong>:<\/p>\n<ul>\n<li><strong>A<\/strong>ppreciative<\/li>\n<li><strong>W<\/strong>ise<\/li>\n<li><strong>A<\/strong>ctive<\/li>\n<li><strong>R<\/strong>esilient<\/li>\n<li><strong>E<\/strong>motionally Intelligent<\/li>\n<\/ul>\n<p>[\/vc_column_text][\/vc_column_inner][vc_column_inner width=&#8221;1\/2&#8243;][vc_single_image image=&#8221;6721&#8243; img_size=&#8221;full&#8221;][\/vc_column_inner][\/vc_row_inner][vc_column_text]All&#8217;interno di ogni modulo sono previsti:<\/p>\n<ul>\n<li>4 unit\u00e0 di studio individuale<\/li>\n<li>Materiali di approfondimento<\/li>\n<li>Coaching individuale<\/li>\n<\/ul>\n<p>Ogni partecipante avr\u00e0 a disposizione una area online personale, dove potr\u00e0 creare, pianificare e aggiornare le proprie attivit\u00e0 di formazione.[\/vc_column_text][\/vc_column][\/vc_row][vc_row equal_height=&#8221;yes&#8221; content_placement=&#8221;middle&#8221;][vc_column width=&#8221;2\/3&#8243;][vc_column_text]<\/p>\n<p style=\"text-align: right;\"><em>AWARE \u00e8 realizzato in collaborazione con<\/em><\/p>\n<p>[\/vc_column_text][\/vc_column][vc_column width=&#8221;1\/3&#8243;][vc_single_image image=&#8221;6773&#8243; img_size=&#8221;medium&#8221;][\/vc_column][\/vc_row][vc_row full_width=&#8221;stretch_row&#8221; css=&#8221;.vc_custom_1520449664214{margin-bottom: 0px !important;background-color: #194a87 !important;}&#8221; el_class=&#8221;centered&#8221;][vc_column width=&#8221;1\/6&#8243;][\/vc_column][vc_column width=&#8221;2\/3&#8243;]<div class=\"thim-widget-heading template-base\"><div class=\"sc_heading  \"><h3 style=\"text-transform: uppercase;color:#ffffff;\" class=\"title\">Richiedi informazioni<\/h3><\/div><\/div><div role=\"form\" class=\"wpcf7\" id=\"wpcf7-f2740-o1\" lang=\"it-IT\" dir=\"ltr\">\n<div class=\"screen-reader-response\"><p role=\"status\" aria-live=\"polite\" aria-atomic=\"true\"><\/p> <ul><\/ul><\/div>\n<form action=\"\/imprese\/wp-json\/wp\/v2\/pages\/6700#wpcf7-f2740-o1\" method=\"post\" class=\"wpcf7-form init\" novalidate=\"novalidate\" data-status=\"init\">\n<div style=\"display: none;\">\n<input type=\"hidden\" name=\"_wpcf7\" value=\"2740\" \/>\n<input type=\"hidden\" name=\"_wpcf7_version\" value=\"5.5.6\" \/>\n<input type=\"hidden\" name=\"_wpcf7_locale\" value=\"it_IT\" \/>\n<input type=\"hidden\" name=\"_wpcf7_unit_tag\" value=\"wpcf7-f2740-o1\" \/>\n<input type=\"hidden\" name=\"_wpcf7_container_post\" value=\"0\" \/>\n<input type=\"hidden\" name=\"_wpcf7_posted_data_hash\" value=\"\" \/>\n<input type=\"hidden\" name=\"_wpcf7_recaptcha_response\" value=\"\" \/>\n<\/div>\n<p><span class=\"wpcf7-form-control-wrap your-name\"><input type=\"text\" name=\"your-name\" value=\"\" size=\"40\" class=\"wpcf7-form-control wpcf7-text wpcf7-validates-as-required\" aria-required=\"true\" aria-invalid=\"false\" placeholder=\"Nome *\" \/><\/span> <\/p>\n<p><span class=\"wpcf7-form-control-wrap your-email\"><input type=\"email\" name=\"your-email\" value=\"\" size=\"40\" class=\"wpcf7-form-control wpcf7-text wpcf7-email wpcf7-validates-as-required wpcf7-validates-as-email\" aria-required=\"true\" aria-invalid=\"false\" placeholder=\"Email *\" \/><\/span> <\/p>\n<p><span class=\"wpcf7-form-control-wrap your-subject\"><input type=\"text\" name=\"your-subject\" value=\"\" size=\"40\" class=\"wpcf7-form-control wpcf7-text wpcf7-validates-as-required\" aria-required=\"true\" aria-invalid=\"false\" placeholder=\"Oggetto *\" \/><\/span> <\/p>\n<p><span class=\"wpcf7-form-control-wrap your-message\"><textarea name=\"your-message\" cols=\"40\" rows=\"10\" class=\"wpcf7-form-control wpcf7-textarea wpcf7-validates-as-required\" aria-required=\"true\" aria-invalid=\"false\" placeholder=\"Messaggio *\"><\/textarea><\/span> <\/p>\n<p align=\"left\"><font color=\"#ffffff\"><strong>Privacy*<\/strong><br \/>Ho letto l'<a href=\"https:\/\/www.istud.it\/privacy-informativa-e-richiesta-di-consenso-form\/\" target=\"_blank\" style=\"color:#ffffff; text-decoration: underline\"><strong>informativa<\/strong><\/a> e per quanto riguarda i trattamenti richiesti per consentire al Titolare del trattamento di realizzare la finalit\u00e0 di \u201cAttivit\u00e0 di Marketing\u201d (<em>informazioni pubblicitarie e promozionali, comunicazioni commerciali, newsletter e pubblicazioni periodiche, etc...<\/em>) mediante l\u2019impiego della posta cartacea, del telefono, del suo indirizzo di posta elettronica <span class=\"wpcf7-form-control-wrap privacy\"><span class=\"wpcf7-form-control wpcf7-checkbox wpcf7-validates-as-required wpcf7-exclusive-checkbox\"><span class=\"wpcf7-list-item first\"><input type=\"checkbox\" name=\"privacy\" value=\"Accetto\" \/><span class=\"wpcf7-list-item-label\">Accetto<\/span><\/span><span class=\"wpcf7-list-item last\"><input type=\"checkbox\" name=\"privacy\" value=\"Non accetto\" \/><span class=\"wpcf7-list-item-label\">Non accetto<\/span><\/span><\/span><\/span><\/font><\/p>\n<p><input type=\"submit\" value=\"Invia\" class=\"wpcf7-form-control has-spinner wpcf7-submit\" \/><\/p>\n<div class=\"wpcf7-response-output\" aria-hidden=\"true\"><\/div><\/form><\/div>[\/vc_column][vc_column width=&#8221;1\/6&#8243;][\/vc_column][\/vc_row]<\/p>\n","protected":false},"excerpt":{"rendered":"<p>[vc_row full_width=&#8221;stretch_row&#8221; css=&#8221;.vc_custom_1520449575263{padding-top: 150px !important;padding-bottom: 20px !important;background-color: #194a87 !important;}&#8221;][vc_column][vc_row_inner][vc_column_inner offset=&#8221;vc_hidden-md vc_hidden-sm vc_hidden-xs&#8221;][vc_column_text el_class=&#8221;white big-title&#8221;] AWARE The performance pentagon programme for managers [\/vc_column_text][\/vc_column_inner][\/vc_row_inner][vc_row_inner][vc_column_inner offset=&#8221;vc_hidden-lg&#8221;][vc_column_text el_class=&#8221;white big-title&#8221;] AWARE The performance pentagon programme &hellip; <\/p>\n","protected":false},"author":3,"featured_media":6718,"parent":1948,"menu_order":0,"comment_status":"closed","ping_status":"closed","template":"","meta":[],"categories":[],"yoast_head":"<!-- This site is optimized with the Yoast SEO plugin v18.4.1 - https:\/\/yoast.com\/wordpress\/plugins\/seo\/ -->\n<title>AWARE - ISTUD Imprese<\/title>\n<meta name=\"description\" content=\"Un set di strumenti e modelli pratici per migliorare competenze di leadership e incrementare empatia e efficacia, con apprendimento digitale e coaching.\" \/>\n<meta name=\"robots\" content=\"index, follow, max-snippet:-1, max-image-preview:large, max-video-preview:-1\" \/>\n<link rel=\"canonical\" href=\"https:\/\/www.istud.it\/imprese\/soluzioni-in-house\/aware\/\" \/>\n<meta property=\"og:locale\" content=\"it_IT\" \/>\n<meta property=\"og:type\" content=\"article\" \/>\n<meta property=\"og:title\" content=\"AWARE - ISTUD Imprese\" \/>\n<meta property=\"og:description\" content=\"Un set di strumenti e modelli pratici per migliorare competenze di leadership e incrementare empatia e efficacia, con apprendimento digitale e coaching.\" \/>\n<meta property=\"og:url\" content=\"https:\/\/www.istud.it\/imprese\/soluzioni-in-house\/aware\/\" \/>\n<meta property=\"og:site_name\" content=\"ISTUD Imprese\" \/>\n<meta property=\"article:publisher\" content=\"https:\/\/www.facebook.com\/fondazioneistud\/\" \/>\n<meta property=\"article:modified_time\" content=\"2020-10-29T13:52:49+00:00\" \/>\n<meta property=\"og:image\" content=\"https:\/\/www.istud.it\/imprese\/wp-content\/uploads\/2020\/05\/ryoji-iwata-n31JPLu8_Pw-unsplash-1-e1588859854594.jpg\" \/>\n\t<meta property=\"og:image:width\" content=\"1708\" \/>\n\t<meta property=\"og:image:height\" content=\"1747\" \/>\n\t<meta property=\"og:image:type\" content=\"image\/jpeg\" \/>\n<meta name=\"twitter:card\" content=\"summary\" \/>\n<meta name=\"twitter:site\" content=\"@istud_it\" \/>\n<meta name=\"twitter:label1\" content=\"Tempo di lettura stimato\" \/>\n\t<meta name=\"twitter:data1\" content=\"3 minuti\" \/>\n<script type=\"application\/ld+json\" class=\"yoast-schema-graph\">{\"@context\":\"https:\/\/schema.org\",\"@graph\":[{\"@type\":\"WebSite\",\"@id\":\"https:\/\/www.istud.it\/imprese\/#website\",\"url\":\"https:\/\/www.istud.it\/imprese\/\",\"name\":\"ISTUD Imprese\",\"description\":\"\",\"potentialAction\":[{\"@type\":\"SearchAction\",\"target\":{\"@type\":\"EntryPoint\",\"urlTemplate\":\"https:\/\/www.istud.it\/imprese\/?s={search_term_string}\"},\"query-input\":\"required name=search_term_string\"}],\"inLanguage\":\"it-IT\"},{\"@type\":\"ImageObject\",\"@id\":\"https:\/\/www.istud.it\/imprese\/soluzioni-in-house\/aware\/#primaryimage\",\"inLanguage\":\"it-IT\",\"url\":\"https:\/\/www.istud.it\/imprese\/wp-content\/uploads\/2020\/05\/ryoji-iwata-n31JPLu8_Pw-unsplash-1-e1588859854594.jpg\",\"contentUrl\":\"https:\/\/www.istud.it\/imprese\/wp-content\/uploads\/2020\/05\/ryoji-iwata-n31JPLu8_Pw-unsplash-1-e1588859854594.jpg\",\"width\":1708,\"height\":1747},{\"@type\":\"WebPage\",\"@id\":\"https:\/\/www.istud.it\/imprese\/soluzioni-in-house\/aware\/#webpage\",\"url\":\"https:\/\/www.istud.it\/imprese\/soluzioni-in-house\/aware\/\",\"name\":\"AWARE - ISTUD Imprese\",\"isPartOf\":{\"@id\":\"https:\/\/www.istud.it\/imprese\/#website\"},\"primaryImageOfPage\":{\"@id\":\"https:\/\/www.istud.it\/imprese\/soluzioni-in-house\/aware\/#primaryimage\"},\"datePublished\":\"2020-05-07T09:35:20+00:00\",\"dateModified\":\"2020-10-29T13:52:49+00:00\",\"description\":\"Un set di strumenti e modelli pratici per migliorare competenze di leadership e incrementare empatia e efficacia, con apprendimento digitale e coaching.\",\"breadcrumb\":{\"@id\":\"https:\/\/www.istud.it\/imprese\/soluzioni-in-house\/aware\/#breadcrumb\"},\"inLanguage\":\"it-IT\",\"potentialAction\":[{\"@type\":\"ReadAction\",\"target\":[\"https:\/\/www.istud.it\/imprese\/soluzioni-in-house\/aware\/\"]}]},{\"@type\":\"BreadcrumbList\",\"@id\":\"https:\/\/www.istud.it\/imprese\/soluzioni-in-house\/aware\/#breadcrumb\",\"itemListElement\":[{\"@type\":\"ListItem\",\"position\":1,\"name\":\"Home\",\"item\":\"https:\/\/www.istud.it\/imprese\/\"},{\"@type\":\"ListItem\",\"position\":2,\"name\":\"Soluzioni in house\",\"item\":\"https:\/\/www.istud.it\/imprese\/soluzioni-in-house\/\"},{\"@type\":\"ListItem\",\"position\":3,\"name\":\"AWARE\"}]}]}<\/script>\n<!-- \/ Yoast SEO plugin. -->","yoast_head_json":{"title":"AWARE - ISTUD Imprese","description":"Un set di strumenti e modelli pratici per migliorare competenze di leadership e incrementare empatia e efficacia, con apprendimento digitale e coaching.","robots":{"index":"index","follow":"follow","max-snippet":"max-snippet:-1","max-image-preview":"max-image-preview:large","max-video-preview":"max-video-preview:-1"},"canonical":"https:\/\/www.istud.it\/imprese\/soluzioni-in-house\/aware\/","og_locale":"it_IT","og_type":"article","og_title":"AWARE - ISTUD Imprese","og_description":"Un set di strumenti e modelli pratici per migliorare competenze di leadership e incrementare empatia e efficacia, con apprendimento digitale e coaching.","og_url":"https:\/\/www.istud.it\/imprese\/soluzioni-in-house\/aware\/","og_site_name":"ISTUD Imprese","article_publisher":"https:\/\/www.facebook.com\/fondazioneistud\/","article_modified_time":"2020-10-29T13:52:49+00:00","og_image":[{"width":1708,"height":1747,"url":"https:\/\/www.istud.it\/imprese\/wp-content\/uploads\/2020\/05\/ryoji-iwata-n31JPLu8_Pw-unsplash-1-e1588859854594.jpg","type":"image\/jpeg"}],"twitter_card":"summary","twitter_site":"@istud_it","twitter_misc":{"Tempo di lettura stimato":"3 minuti"},"schema":{"@context":"https:\/\/schema.org","@graph":[{"@type":"WebSite","@id":"https:\/\/www.istud.it\/imprese\/#website","url":"https:\/\/www.istud.it\/imprese\/","name":"ISTUD Imprese","description":"","potentialAction":[{"@type":"SearchAction","target":{"@type":"EntryPoint","urlTemplate":"https:\/\/www.istud.it\/imprese\/?s={search_term_string}"},"query-input":"required name=search_term_string"}],"inLanguage":"it-IT"},{"@type":"ImageObject","@id":"https:\/\/www.istud.it\/imprese\/soluzioni-in-house\/aware\/#primaryimage","inLanguage":"it-IT","url":"https:\/\/www.istud.it\/imprese\/wp-content\/uploads\/2020\/05\/ryoji-iwata-n31JPLu8_Pw-unsplash-1-e1588859854594.jpg","contentUrl":"https:\/\/www.istud.it\/imprese\/wp-content\/uploads\/2020\/05\/ryoji-iwata-n31JPLu8_Pw-unsplash-1-e1588859854594.jpg","width":1708,"height":1747},{"@type":"WebPage","@id":"https:\/\/www.istud.it\/imprese\/soluzioni-in-house\/aware\/#webpage","url":"https:\/\/www.istud.it\/imprese\/soluzioni-in-house\/aware\/","name":"AWARE - ISTUD Imprese","isPartOf":{"@id":"https:\/\/www.istud.it\/imprese\/#website"},"primaryImageOfPage":{"@id":"https:\/\/www.istud.it\/imprese\/soluzioni-in-house\/aware\/#primaryimage"},"datePublished":"2020-05-07T09:35:20+00:00","dateModified":"2020-10-29T13:52:49+00:00","description":"Un set di strumenti e modelli pratici per migliorare competenze di leadership e incrementare empatia e efficacia, con apprendimento digitale e coaching.","breadcrumb":{"@id":"https:\/\/www.istud.it\/imprese\/soluzioni-in-house\/aware\/#breadcrumb"},"inLanguage":"it-IT","potentialAction":[{"@type":"ReadAction","target":["https:\/\/www.istud.it\/imprese\/soluzioni-in-house\/aware\/"]}]},{"@type":"BreadcrumbList","@id":"https:\/\/www.istud.it\/imprese\/soluzioni-in-house\/aware\/#breadcrumb","itemListElement":[{"@type":"ListItem","position":1,"name":"Home","item":"https:\/\/www.istud.it\/imprese\/"},{"@type":"ListItem","position":2,"name":"Soluzioni in house","item":"https:\/\/www.istud.it\/imprese\/soluzioni-in-house\/"},{"@type":"ListItem","position":3,"name":"AWARE"}]}]}},"_links":{"self":[{"href":"https:\/\/www.istud.it\/imprese\/wp-json\/wp\/v2\/pages\/6700"}],"collection":[{"href":"https:\/\/www.istud.it\/imprese\/wp-json\/wp\/v2\/pages"}],"about":[{"href":"https:\/\/www.istud.it\/imprese\/wp-json\/wp\/v2\/types\/page"}],"author":[{"embeddable":true,"href":"https:\/\/www.istud.it\/imprese\/wp-json\/wp\/v2\/users\/3"}],"replies":[{"embeddable":true,"href":"https:\/\/www.istud.it\/imprese\/wp-json\/wp\/v2\/comments?post=6700"}],"version-history":[{"count":20,"href":"https:\/\/www.istud.it\/imprese\/wp-json\/wp\/v2\/pages\/6700\/revisions"}],"predecessor-version":[{"id":6775,"href":"https:\/\/www.istud.it\/imprese\/wp-json\/wp\/v2\/pages\/6700\/revisions\/6775"}],"up":[{"embeddable":true,"href":"https:\/\/www.istud.it\/imprese\/wp-json\/wp\/v2\/pages\/1948"}],"wp:featuredmedia":[{"embeddable":true,"href":"https:\/\/www.istud.it\/imprese\/wp-json\/wp\/v2\/media\/6718"}],"wp:attachment":[{"href":"https:\/\/www.istud.it\/imprese\/wp-json\/wp\/v2\/media?parent=6700"}],"wp:term":[{"taxonomy":"category","embeddable":true,"href":"https:\/\/www.istud.it\/imprese\/wp-json\/wp\/v2\/categories?post=6700"}],"curies":[{"name":"wp","href":"https:\/\/api.w.org\/{rel}","templated":true}]}}