{"id":6569,"date":"2020-04-22T14:06:43","date_gmt":"2020-04-22T12:06:43","guid":{"rendered":"https:\/\/www.istud.it\/imprese\/?page_id=6569"},"modified":"2020-10-29T14:53:37","modified_gmt":"2020-10-29T13:53:37","slug":"a4g-awareness-for-growth-self-assessment","status":"publish","type":"page","link":"https:\/\/www.istud.it\/imprese\/soluzioni-in-house\/a4g-awareness-for-growth-self-assessment\/","title":{"rendered":"A4G &#8211; Awareness for Growth"},"content":{"rendered":"<p>[vc_row full_width=&#8221;stretch_row&#8221; css=&#8221;.vc_custom_1520449575263{padding-top: 150px !important;padding-bottom: 20px !important;background-color: #194a87 !important;}&#8221;][vc_column][vc_row_inner][vc_column_inner offset=&#8221;vc_hidden-md vc_hidden-sm vc_hidden-xs&#8221;][vc_column_text el_class=&#8221;white big-title&#8221;]<\/p>\n<h2>A4G &#8211; Awareness for Growth <sup>\u00a9<\/sup><\/h2>\n<p>[\/vc_column_text][\/vc_column_inner][\/vc_row_inner][vc_row_inner][vc_column_inner offset=&#8221;vc_hidden-lg&#8221;][vc_column_text el_class=&#8221;white big-title&#8221;]<\/p>\n<h1 style=\"font-size: 30px;\">A4G &#8211; Awareness for Growth <sup>\u00a9<\/sup><\/h1>\n<p>[\/vc_column_text][\/vc_column_inner][\/vc_row_inner][\/vc_column][\/vc_row][vc_row][vc_column][vc_column_text]L&#8217;ambiente in cui operiamo \u00e8 oggi pi\u00f9 complesso che mai, difficile da controllare, altamente volatile, incerto e ambiguo. Molte industrie hanno dovuto interrompere nelle ultime settimane la produzione o l\u2019erogazione dei propri servizi e molte altre sono a rischio per l\u2019immediato futuro.<br \/>\nLe priorit\u00e0 si sono capovolte e la capacit\u00e0 di comprensione e interpretazione del momento e degli scenari \u00e8 diventata tanto importante quanto l\u2019execution di piani e strategie.<\/p>\n<p>La <strong>negative capability<\/strong> (ovvero la capacit\u00e0 di stare nell&#8217;incertezza e in qualche modo \u201cabitarla\u201d) diventa vitale in questi tempi imprevedibili. Queste capacit\u00e0 e attitudini sono la vera risorsa chiave per le persone in azienda.<\/p>\n<p>Molti studiosi sono convinti che dopo il Covid -19 emergeranno <strong>nuovi paradigmi sociali ed economici<\/strong>. Molti altri, pi\u00f9 scettici, sostengono che nulla in realt\u00e0 cambier\u00e0.<br \/>\nNoi siamo convinti che lo stile di management sar\u00e0 costretto a cambiare a causa dei cambiamenti fortissimi nella societ\u00e0 e nei mercati. Poich\u00e9 questo cambiamento sar\u00e0 non lineare, circolare, imprevedibile, la \u2018AWARENESS\u2019 \u00e8 una delle competenze chiave che merita di essere sviluppata oggi.[\/vc_column_text][\/vc_column][\/vc_row][vc_row equal_height=&#8221;yes&#8221; content_placement=&#8221;top&#8221;][vc_column][vc_column_text el_class=&#8221;non-h3-min&#8221;]Il nostro modello[\/vc_column_text][vc_row_inner equal_height=&#8221;yes&#8221; content_placement=&#8221;middle&#8221;][vc_column_inner width=&#8221;1\/3&#8243;][vc_single_image image=&#8221;6574&#8243; img_size=&#8221;full&#8221;][\/vc_column_inner][vc_column_inner width=&#8221;2\/3&#8243;][vc_column_text el_class=&#8221;non-h3-min&#8221;]<em>Social Awareness,\u00a0Business Awareness,\u00a0Situational Awareness e\u00a0Self-Awareness.\u00a0<\/em><\/p>\n<p><em>Quattro cardini di un paradigma moderno e duraturo.<\/em>[\/vc_column_text][\/vc_column_inner][\/vc_row_inner][\/vc_column][\/vc_row][vc_row][vc_column][vc_column_text el_class=&#8221;non-h3-min&#8221;]Obiettivi[\/vc_column_text][vc_column_text]<\/p>\n<ul>\n<li>Permettere a ognuno di guardarsi allo specchio e <strong>riconoscere le risorse<\/strong> con cui affacciarsi al prossimo futuro, che si profila sfidante, incerto ma anche molto denso di opportunit\u00e0<\/li>\n<li>Riconoscere il proprio <strong>profilo di consapevolezza<\/strong>, e individuare le aree di maggiore forza e quelle in cui necessita di porre maggiore attenzione<\/li>\n<li><strong>Confrontare il proprio profilo<\/strong> con quello di un panel di executives preparati e di ampie responsabilit\u00e0<\/li>\n<li>Definire un <strong>percorso personale<\/strong> da intraprendere per la propria crescita umana e professionale<\/li>\n<\/ul>\n<p>[\/vc_column_text][\/vc_column][\/vc_row][vc_row][vc_column][vc_column_text el_class=&#8221;non-h3-min&#8221;]A chi si rivolge[\/vc_column_text][vc_column_text]A4G- Awareness for Growth \u00a9 \u00e8 il nuovo modello di ISTUD dedicato a manager sensibili e desiderosi di accrescere il proprio livello di consapevolezza per comprendere la realt\u00e0 circostante e andare oltre i luoghi comuni. Per essere i principali protagonisti della propria vita personale e professionale.[\/vc_column_text][\/vc_column][\/vc_row][vc_row][vc_column width=&#8221;1\/2&#8243;][vc_column_text el_class=&#8221;non-h3-min&#8221;]La nostra proposta[\/vc_column_text][vc_column_text]<strong>A4G- Awareness for Growth \u00a9 &#8211; Self Assessment<\/strong> permette a ciascuno di identificare il proprio <strong>profilo di consapevolezza<\/strong>.<br \/>\nIl modello si compone di quattro aree: Social, Business, Situazional e Self awareness.<\/p>\n<p>Bastano pochi minuti per rispondere on line ad una <strong>lista di 60 domande mirate<\/strong>, scelte randomicamente in un basket di oltre 500 e ricevere il proprio profilo e una guida utile a <strong>prendere coscienza delle proprie aree di forza e di sviluppo<\/strong>.<\/p>\n<p>Un successivo colloquio con un<strong> coach esperto<\/strong> permetter\u00e0 di approfondire il profilo, cogliere la rilevanza pratica delle aree di forza e di miglioramento e di identificare le modalit\u00e0 con cui rafforzarsi nelle proprie aree obiettivo.[\/vc_column_text][\/vc_column][vc_column width=&#8221;1\/2&#8243;][vc_single_image image=&#8221;6603&#8243; img_size=&#8221;full&#8221;][\/vc_column][\/vc_row][vc_row full_width=&#8221;stretch_row&#8221; css=&#8221;.vc_custom_1520449664214{margin-bottom: 0px !important;background-color: #194a87 !important;}&#8221; el_class=&#8221;centered&#8221;][vc_column width=&#8221;1\/6&#8243;][\/vc_column][vc_column width=&#8221;2\/3&#8243;]<div class=\"thim-widget-heading template-base\"><div class=\"sc_heading  \"><h3 style=\"text-transform: uppercase;color:#ffffff;\" class=\"title\">Richiedi informazioni<\/h3><\/div><\/div><div role=\"form\" class=\"wpcf7\" id=\"wpcf7-f2740-o1\" lang=\"it-IT\" dir=\"ltr\">\n<div class=\"screen-reader-response\"><p role=\"status\" aria-live=\"polite\" aria-atomic=\"true\"><\/p> <ul><\/ul><\/div>\n<form action=\"\/imprese\/wp-json\/wp\/v2\/pages\/6569#wpcf7-f2740-o1\" method=\"post\" class=\"wpcf7-form init\" novalidate=\"novalidate\" data-status=\"init\">\n<div style=\"display: none;\">\n<input type=\"hidden\" name=\"_wpcf7\" value=\"2740\" \/>\n<input type=\"hidden\" name=\"_wpcf7_version\" value=\"5.5.6\" \/>\n<input type=\"hidden\" name=\"_wpcf7_locale\" value=\"it_IT\" \/>\n<input type=\"hidden\" name=\"_wpcf7_unit_tag\" value=\"wpcf7-f2740-o1\" \/>\n<input type=\"hidden\" name=\"_wpcf7_container_post\" value=\"0\" \/>\n<input type=\"hidden\" name=\"_wpcf7_posted_data_hash\" value=\"\" \/>\n<input type=\"hidden\" name=\"_wpcf7_recaptcha_response\" value=\"\" \/>\n<\/div>\n<p><span class=\"wpcf7-form-control-wrap your-name\"><input type=\"text\" name=\"your-name\" value=\"\" size=\"40\" class=\"wpcf7-form-control wpcf7-text wpcf7-validates-as-required\" aria-required=\"true\" aria-invalid=\"false\" placeholder=\"Nome *\" \/><\/span> <\/p>\n<p><span class=\"wpcf7-form-control-wrap your-email\"><input type=\"email\" name=\"your-email\" value=\"\" size=\"40\" class=\"wpcf7-form-control wpcf7-text wpcf7-email wpcf7-validates-as-required wpcf7-validates-as-email\" aria-required=\"true\" aria-invalid=\"false\" placeholder=\"Email *\" \/><\/span> <\/p>\n<p><span class=\"wpcf7-form-control-wrap your-subject\"><input type=\"text\" name=\"your-subject\" value=\"\" size=\"40\" class=\"wpcf7-form-control wpcf7-text wpcf7-validates-as-required\" aria-required=\"true\" aria-invalid=\"false\" placeholder=\"Oggetto *\" \/><\/span> <\/p>\n<p><span class=\"wpcf7-form-control-wrap your-message\"><textarea name=\"your-message\" cols=\"40\" rows=\"10\" class=\"wpcf7-form-control wpcf7-textarea wpcf7-validates-as-required\" aria-required=\"true\" aria-invalid=\"false\" placeholder=\"Messaggio *\"><\/textarea><\/span> <\/p>\n<p align=\"left\"><font color=\"#ffffff\"><strong>Privacy*<\/strong><br \/>Ho letto l'<a href=\"https:\/\/www.istud.it\/privacy-informativa-e-richiesta-di-consenso-form\/\" target=\"_blank\" style=\"color:#ffffff; text-decoration: underline\"><strong>informativa<\/strong><\/a> e per quanto riguarda i trattamenti richiesti per consentire al Titolare del trattamento di realizzare la finalit\u00e0 di \u201cAttivit\u00e0 di Marketing\u201d (<em>informazioni pubblicitarie e promozionali, comunicazioni commerciali, newsletter e pubblicazioni periodiche, etc...<\/em>) mediante l\u2019impiego della posta cartacea, del telefono, del suo indirizzo di posta elettronica <span class=\"wpcf7-form-control-wrap privacy\"><span class=\"wpcf7-form-control wpcf7-checkbox wpcf7-validates-as-required wpcf7-exclusive-checkbox\"><span class=\"wpcf7-list-item first\"><input type=\"checkbox\" name=\"privacy\" value=\"Accetto\" \/><span class=\"wpcf7-list-item-label\">Accetto<\/span><\/span><span class=\"wpcf7-list-item last\"><input type=\"checkbox\" name=\"privacy\" value=\"Non accetto\" \/><span class=\"wpcf7-list-item-label\">Non accetto<\/span><\/span><\/span><\/span><\/font><\/p>\n<p><input type=\"submit\" value=\"Invia\" class=\"wpcf7-form-control has-spinner wpcf7-submit\" \/><\/p>\n<div class=\"wpcf7-response-output\" aria-hidden=\"true\"><\/div><\/form><\/div>[\/vc_column][vc_column width=&#8221;1\/6&#8243;][\/vc_column][\/vc_row]<\/p>\n","protected":false},"excerpt":{"rendered":"<p>[vc_row full_width=&#8221;stretch_row&#8221; css=&#8221;.vc_custom_1520449575263{padding-top: 150px !important;padding-bottom: 20px !important;background-color: #194a87 !important;}&#8221;][vc_column][vc_row_inner][vc_column_inner offset=&#8221;vc_hidden-md vc_hidden-sm vc_hidden-xs&#8221;][vc_column_text el_class=&#8221;white big-title&#8221;] A4G &#8211; Awareness for Growth \u00a9 [\/vc_column_text][\/vc_column_inner][\/vc_row_inner][vc_row_inner][vc_column_inner offset=&#8221;vc_hidden-lg&#8221;][vc_column_text el_class=&#8221;white big-title&#8221;] A4G &#8211; Awareness for Growth \u00a9 &hellip; <\/p>\n","protected":false},"author":3,"featured_media":0,"parent":1948,"menu_order":0,"comment_status":"closed","ping_status":"closed","template":"","meta":[],"categories":[],"yoast_head":"<!-- This site is optimized with the Yoast SEO plugin v18.4.1 - https:\/\/yoast.com\/wordpress\/plugins\/seo\/ -->\n<title>A4G - Awareness for Growth - ISTUD Imprese<\/title>\n<meta name=\"robots\" content=\"index, follow, max-snippet:-1, max-image-preview:large, max-video-preview:-1\" \/>\n<link rel=\"canonical\" href=\"https:\/\/www.istud.it\/imprese\/soluzioni-in-house\/a4g-awareness-for-growth-self-assessment\/\" \/>\n<meta property=\"og:locale\" content=\"it_IT\" \/>\n<meta property=\"og:type\" content=\"article\" \/>\n<meta property=\"og:title\" content=\"A4G - Awareness for Growth - ISTUD Imprese\" \/>\n<meta property=\"og:description\" content=\"[vc_row full_width=&#8221;stretch_row&#8221; css=&#8221;.vc_custom_1520449575263{padding-top: 150px !important;padding-bottom: 20px !important;background-color: #194a87 !important;}&#8221;][vc_column][vc_row_inner][vc_column_inner offset=&#8221;vc_hidden-md vc_hidden-sm vc_hidden-xs&#8221;][vc_column_text el_class=&#8221;white big-title&#8221;] A4G &#8211; Awareness for Growth \u00a9 [\/vc_column_text][\/vc_column_inner][\/vc_row_inner][vc_row_inner][vc_column_inner offset=&#8221;vc_hidden-lg&#8221;][vc_column_text el_class=&#8221;white big-title&#8221;] A4G &#8211; Awareness for Growth \u00a9 &hellip;\" \/>\n<meta property=\"og:url\" content=\"https:\/\/www.istud.it\/imprese\/soluzioni-in-house\/a4g-awareness-for-growth-self-assessment\/\" \/>\n<meta property=\"og:site_name\" content=\"ISTUD Imprese\" \/>\n<meta property=\"article:publisher\" content=\"https:\/\/www.facebook.com\/fondazioneistud\/\" \/>\n<meta property=\"article:modified_time\" content=\"2020-10-29T13:53:37+00:00\" \/>\n<meta name=\"twitter:card\" content=\"summary\" \/>\n<meta name=\"twitter:site\" content=\"@istud_it\" \/>\n<meta name=\"twitter:label1\" content=\"Tempo di lettura stimato\" \/>\n\t<meta name=\"twitter:data1\" content=\"4 minuti\" \/>\n<script type=\"application\/ld+json\" class=\"yoast-schema-graph\">{\"@context\":\"https:\/\/schema.org\",\"@graph\":[{\"@type\":\"WebSite\",\"@id\":\"https:\/\/www.istud.it\/imprese\/#website\",\"url\":\"https:\/\/www.istud.it\/imprese\/\",\"name\":\"ISTUD Imprese\",\"description\":\"\",\"potentialAction\":[{\"@type\":\"SearchAction\",\"target\":{\"@type\":\"EntryPoint\",\"urlTemplate\":\"https:\/\/www.istud.it\/imprese\/?s={search_term_string}\"},\"query-input\":\"required name=search_term_string\"}],\"inLanguage\":\"it-IT\"},{\"@type\":\"WebPage\",\"@id\":\"https:\/\/www.istud.it\/imprese\/soluzioni-in-house\/a4g-awareness-for-growth-self-assessment\/#webpage\",\"url\":\"https:\/\/www.istud.it\/imprese\/soluzioni-in-house\/a4g-awareness-for-growth-self-assessment\/\",\"name\":\"A4G - Awareness for Growth - ISTUD Imprese\",\"isPartOf\":{\"@id\":\"https:\/\/www.istud.it\/imprese\/#website\"},\"datePublished\":\"2020-04-22T12:06:43+00:00\",\"dateModified\":\"2020-10-29T13:53:37+00:00\",\"breadcrumb\":{\"@id\":\"https:\/\/www.istud.it\/imprese\/soluzioni-in-house\/a4g-awareness-for-growth-self-assessment\/#breadcrumb\"},\"inLanguage\":\"it-IT\",\"potentialAction\":[{\"@type\":\"ReadAction\",\"target\":[\"https:\/\/www.istud.it\/imprese\/soluzioni-in-house\/a4g-awareness-for-growth-self-assessment\/\"]}]},{\"@type\":\"BreadcrumbList\",\"@id\":\"https:\/\/www.istud.it\/imprese\/soluzioni-in-house\/a4g-awareness-for-growth-self-assessment\/#breadcrumb\",\"itemListElement\":[{\"@type\":\"ListItem\",\"position\":1,\"name\":\"Home\",\"item\":\"https:\/\/www.istud.it\/imprese\/\"},{\"@type\":\"ListItem\",\"position\":2,\"name\":\"Soluzioni in house\",\"item\":\"https:\/\/www.istud.it\/imprese\/soluzioni-in-house\/\"},{\"@type\":\"ListItem\",\"position\":3,\"name\":\"A4G &#8211; Awareness for Growth\"}]}]}<\/script>\n<!-- \/ Yoast SEO plugin. -->","yoast_head_json":{"title":"A4G - Awareness for Growth - ISTUD Imprese","robots":{"index":"index","follow":"follow","max-snippet":"max-snippet:-1","max-image-preview":"max-image-preview:large","max-video-preview":"max-video-preview:-1"},"canonical":"https:\/\/www.istud.it\/imprese\/soluzioni-in-house\/a4g-awareness-for-growth-self-assessment\/","og_locale":"it_IT","og_type":"article","og_title":"A4G - Awareness for Growth - ISTUD Imprese","og_description":"[vc_row full_width=&#8221;stretch_row&#8221; css=&#8221;.vc_custom_1520449575263{padding-top: 150px !important;padding-bottom: 20px !important;background-color: #194a87 !important;}&#8221;][vc_column][vc_row_inner][vc_column_inner offset=&#8221;vc_hidden-md vc_hidden-sm vc_hidden-xs&#8221;][vc_column_text el_class=&#8221;white big-title&#8221;] A4G &#8211; Awareness for Growth \u00a9 [\/vc_column_text][\/vc_column_inner][\/vc_row_inner][vc_row_inner][vc_column_inner offset=&#8221;vc_hidden-lg&#8221;][vc_column_text el_class=&#8221;white big-title&#8221;] A4G &#8211; Awareness for Growth \u00a9 &hellip;","og_url":"https:\/\/www.istud.it\/imprese\/soluzioni-in-house\/a4g-awareness-for-growth-self-assessment\/","og_site_name":"ISTUD Imprese","article_publisher":"https:\/\/www.facebook.com\/fondazioneistud\/","article_modified_time":"2020-10-29T13:53:37+00:00","twitter_card":"summary","twitter_site":"@istud_it","twitter_misc":{"Tempo di lettura stimato":"4 minuti"},"schema":{"@context":"https:\/\/schema.org","@graph":[{"@type":"WebSite","@id":"https:\/\/www.istud.it\/imprese\/#website","url":"https:\/\/www.istud.it\/imprese\/","name":"ISTUD Imprese","description":"","potentialAction":[{"@type":"SearchAction","target":{"@type":"EntryPoint","urlTemplate":"https:\/\/www.istud.it\/imprese\/?s={search_term_string}"},"query-input":"required name=search_term_string"}],"inLanguage":"it-IT"},{"@type":"WebPage","@id":"https:\/\/www.istud.it\/imprese\/soluzioni-in-house\/a4g-awareness-for-growth-self-assessment\/#webpage","url":"https:\/\/www.istud.it\/imprese\/soluzioni-in-house\/a4g-awareness-for-growth-self-assessment\/","name":"A4G - Awareness for Growth - ISTUD Imprese","isPartOf":{"@id":"https:\/\/www.istud.it\/imprese\/#website"},"datePublished":"2020-04-22T12:06:43+00:00","dateModified":"2020-10-29T13:53:37+00:00","breadcrumb":{"@id":"https:\/\/www.istud.it\/imprese\/soluzioni-in-house\/a4g-awareness-for-growth-self-assessment\/#breadcrumb"},"inLanguage":"it-IT","potentialAction":[{"@type":"ReadAction","target":["https:\/\/www.istud.it\/imprese\/soluzioni-in-house\/a4g-awareness-for-growth-self-assessment\/"]}]},{"@type":"BreadcrumbList","@id":"https:\/\/www.istud.it\/imprese\/soluzioni-in-house\/a4g-awareness-for-growth-self-assessment\/#breadcrumb","itemListElement":[{"@type":"ListItem","position":1,"name":"Home","item":"https:\/\/www.istud.it\/imprese\/"},{"@type":"ListItem","position":2,"name":"Soluzioni in house","item":"https:\/\/www.istud.it\/imprese\/soluzioni-in-house\/"},{"@type":"ListItem","position":3,"name":"A4G &#8211; Awareness for Growth"}]}]}},"_links":{"self":[{"href":"https:\/\/www.istud.it\/imprese\/wp-json\/wp\/v2\/pages\/6569"}],"collection":[{"href":"https:\/\/www.istud.it\/imprese\/wp-json\/wp\/v2\/pages"}],"about":[{"href":"https:\/\/www.istud.it\/imprese\/wp-json\/wp\/v2\/types\/page"}],"author":[{"embeddable":true,"href":"https:\/\/www.istud.it\/imprese\/wp-json\/wp\/v2\/users\/3"}],"replies":[{"embeddable":true,"href":"https:\/\/www.istud.it\/imprese\/wp-json\/wp\/v2\/comments?post=6569"}],"version-history":[{"count":16,"href":"https:\/\/www.istud.it\/imprese\/wp-json\/wp\/v2\/pages\/6569\/revisions"}],"predecessor-version":[{"id":6607,"href":"https:\/\/www.istud.it\/imprese\/wp-json\/wp\/v2\/pages\/6569\/revisions\/6607"}],"up":[{"embeddable":true,"href":"https:\/\/www.istud.it\/imprese\/wp-json\/wp\/v2\/pages\/1948"}],"wp:attachment":[{"href":"https:\/\/www.istud.it\/imprese\/wp-json\/wp\/v2\/media?parent=6569"}],"wp:term":[{"taxonomy":"category","embeddable":true,"href":"https:\/\/www.istud.it\/imprese\/wp-json\/wp\/v2\/categories?post=6569"}],"curies":[{"name":"wp","href":"https:\/\/api.w.org\/{rel}","templated":true}]}}