{"id":6519,"date":"2020-04-16T16:26:05","date_gmt":"2020-04-16T14:26:05","guid":{"rendered":"https:\/\/www.istud.it\/imprese\/?page_id=6519"},"modified":"2020-10-29T14:58:21","modified_gmt":"2020-10-29T13:58:21","slug":"smart-team-coaching","status":"publish","type":"page","link":"https:\/\/www.istud.it\/imprese\/soluzioni-in-house\/smart-team-coaching\/","title":{"rendered":"Smart Team Coaching"},"content":{"rendered":"<p>[vc_row full_width=&#8221;stretch_row&#8221; css=&#8221;.vc_custom_1520449575263{padding-top: 150px !important;padding-bottom: 20px !important;background-color: #194a87 !important;}&#8221;][vc_column][vc_row_inner][vc_column_inner offset=&#8221;vc_hidden-md vc_hidden-sm vc_hidden-xs&#8221;][vc_column_text el_class=&#8221;white big-title&#8221;]<\/p>\n<h1>Smart Team Coaching<\/h1>\n<p>[\/vc_column_text][\/vc_column_inner][\/vc_row_inner][vc_row_inner][vc_column_inner offset=&#8221;vc_hidden-lg&#8221;][vc_column_text el_class=&#8221;white big-title&#8221;]<\/p>\n<h1 style=\"font-size: 30px;\">Smart Team Coaching<\/h1>\n<p>[\/vc_column_text][\/vc_column_inner][\/vc_row_inner][\/vc_column][\/vc_row][vc_row][vc_column width=&#8221;2\/3&#8243;][vc_column_text]L\u2019emergenza che stiamo vivendo ha costretto le aziende a riorganizzare attivit\u00e0 e priorit\u00e0 in tempi da record. Nelle organizzazioni si stanno prendendo decisioni in scenari profondamente incerti e sono probabilmente saltati tutti i paradigmi a cui \u201cprima\u201d ci si affidava. Al contempo, l\u2019isolamento forzato e il distanziamento sociale stanno imponendo <strong>nuove modalit\u00e0 di gestione di collaborazione<\/strong> come risposte per garantire la continuit\u00e0 operativa.<br \/>\nIn questa fase delicata la coesione delle persone in azienda, il loro <strong>engagement<\/strong>, il contributo individuale di ognuno al successo generale d\u2019impresa sono messi alla prova.<\/p>\n<p>L\u2019isolamento forzato rischia infatti di causare fatica psichica e fisica e la conciliazione forzata tra work e life sta sfidando la capacit\u00e0 di focalizzazione e di raggiungimento degli obiettivi.[\/vc_column_text][\/vc_column][vc_column width=&#8221;1\/3&#8243;][vc_single_image image=&#8221;6522&#8243; img_size=&#8221;full&#8221;][\/vc_column][\/vc_row][vc_row][vc_column][vc_column_text]In questo momento di grande incertezza \u00e8 fondamentale lavorare per ridurre gli impatti di una possibile dispersione di energie, risorse, sforzi ed \u00e8 quindi necessario individuare <strong>momenti di incontro e confronto costruttivi<\/strong>, che \u201cdiano spazio\u201d.<\/p>\n<p>Il <strong>team coaching<\/strong> serve proprio a questo: riunire le persone e riscoprire attraverso il dialogo un senso di collettivit\u00e0 e scopo all\u2019interno dell\u2019organizzazione.<\/p>\n<p>Grazie alla guida dei nostri professionisti, i team hanno la possibilit\u00e0 di trovare nuovi modi di fare le cose insieme: per migliorare processi e relazioni e prefigurarsi quel \u201c<em><strong>new normal<\/strong><\/em>\u201d che siamo chiamati a delineare oggi per ripartire domani.[\/vc_column_text][\/vc_column][\/vc_row][vc_row][vc_column width=&#8221;1\/2&#8243;][vc_single_image image=&#8221;6524&#8243; img_size=&#8221;full&#8221;][\/vc_column][vc_column width=&#8221;1\/2&#8243;][vc_column_text el_class=&#8221;non-h3-min&#8221;]Obiettivi dello Smart Team Coaching[\/vc_column_text][vc_column_text]<\/p>\n<ul>\n<li>Favorire <strong>la coesione e l\u2019aggregazione a distanza <\/strong>dei gruppi di lavoro dando loro uno spazio per confrontarsi e trovare modalit\u00e0 di cooperazione diverse al fine di dare continuit\u00e0 all\u2019operativit\u00e0 ma anche alla dimensione relazionale tra le persone<\/li>\n<li>Stimolare\/supportare la condivisione anche al di l\u00e0 dell\u2019operativit\u00e0 e degli obiettivi ricreando anche quei<strong> momenti di incontro informali<\/strong> tipici &#8220;davanti alla macchinetta del caff\u00e8&#8221;<\/li>\n<li>Ricondividere lo <strong>scopo<\/strong> e gli <strong>obiettivi<\/strong> del team<\/li>\n<li>Individuare nuove forme di <strong>organizzazione<\/strong> e <strong>collaborazione<\/strong><\/li>\n<li>Recuperare e stimolare la <strong>motivazione<\/strong> e l\u2019<strong>engagement<\/strong> di tutti i membri del team<\/li>\n<\/ul>\n<p>[\/vc_column_text][\/vc_column][\/vc_row][vc_row][vc_column][vc_column_text el_class=&#8221;non-h3-min&#8221;]A chi si rivolge[\/vc_column_text][vc_column_text]Il percorso di<strong> team coaching<\/strong> si rivolge a team costituiti che si trovano a lavorare a distanza, cos\u00ec come a tutte le risorse che dovranno fronteggiare una nuova modalit\u00e0 di gestione del lavoro in una logica di social distancing: ripartizione su pi\u00f9 turni, ricollocazione negli spazi fisici d\u2019azienda, alternanza con giornate da remoto in modalit\u00e0 \u201csmart working\u201d.[\/vc_column_text][vc_column_text el_class=&#8221;non-h3-min&#8221;]La nostra proposta[\/vc_column_text][vc_column_text]Percorsi di team coaching customizzati sugli specifici bisogni del team.<\/p>\n<p><strong>Formula base:<\/strong> 3 sessioni di 2,5 ore max in cui ISTUD si pone come facilitatore.<\/p>\n<p>In base all\u2019analisi dei bisogni possono essere previste:<\/p>\n<ul>\n<li>Interviste con il team leader e i singoli membri del team<\/li>\n<li>Somministrazione di specifici questionari per comprendere la composizione del team, i diversi tipi di contribuzione, le motivazioni che muovono i diversi membri del team<\/li>\n<li>Presenza del coach a meeting\/incontri prefissati del team (riunioni settimanali\/mensili)<\/li>\n<\/ul>\n<p>[\/vc_column_text][\/vc_column][\/vc_row][vc_row full_width=&#8221;stretch_row&#8221; css=&#8221;.vc_custom_1520449664214{margin-bottom: 0px !important;background-color: #194a87 !important;}&#8221; el_class=&#8221;centered&#8221;][vc_column width=&#8221;1\/6&#8243;][\/vc_column][vc_column width=&#8221;2\/3&#8243;]<div class=\"thim-widget-heading template-base\"><div class=\"sc_heading  \"><h3 style=\"text-transform: uppercase;color:#ffffff;\" class=\"title\">Richiedi informazioni<\/h3><\/div><\/div><div role=\"form\" class=\"wpcf7\" id=\"wpcf7-f2740-o1\" lang=\"it-IT\" dir=\"ltr\">\n<div class=\"screen-reader-response\"><p role=\"status\" aria-live=\"polite\" aria-atomic=\"true\"><\/p> <ul><\/ul><\/div>\n<form action=\"\/imprese\/wp-json\/wp\/v2\/pages\/6519#wpcf7-f2740-o1\" method=\"post\" class=\"wpcf7-form init\" novalidate=\"novalidate\" data-status=\"init\">\n<div style=\"display: none;\">\n<input type=\"hidden\" name=\"_wpcf7\" value=\"2740\" \/>\n<input type=\"hidden\" name=\"_wpcf7_version\" value=\"5.5.6\" \/>\n<input type=\"hidden\" name=\"_wpcf7_locale\" value=\"it_IT\" \/>\n<input type=\"hidden\" name=\"_wpcf7_unit_tag\" value=\"wpcf7-f2740-o1\" \/>\n<input type=\"hidden\" name=\"_wpcf7_container_post\" value=\"0\" \/>\n<input type=\"hidden\" name=\"_wpcf7_posted_data_hash\" value=\"\" \/>\n<input type=\"hidden\" name=\"_wpcf7_recaptcha_response\" value=\"\" \/>\n<\/div>\n<p><span class=\"wpcf7-form-control-wrap your-name\"><input type=\"text\" name=\"your-name\" value=\"\" size=\"40\" class=\"wpcf7-form-control wpcf7-text wpcf7-validates-as-required\" aria-required=\"true\" aria-invalid=\"false\" placeholder=\"Nome *\" \/><\/span> <\/p>\n<p><span class=\"wpcf7-form-control-wrap your-email\"><input type=\"email\" name=\"your-email\" value=\"\" size=\"40\" class=\"wpcf7-form-control wpcf7-text wpcf7-email wpcf7-validates-as-required wpcf7-validates-as-email\" aria-required=\"true\" aria-invalid=\"false\" placeholder=\"Email *\" \/><\/span> <\/p>\n<p><span class=\"wpcf7-form-control-wrap your-subject\"><input type=\"text\" name=\"your-subject\" value=\"\" size=\"40\" class=\"wpcf7-form-control wpcf7-text wpcf7-validates-as-required\" aria-required=\"true\" aria-invalid=\"false\" placeholder=\"Oggetto *\" \/><\/span> <\/p>\n<p><span class=\"wpcf7-form-control-wrap your-message\"><textarea name=\"your-message\" cols=\"40\" rows=\"10\" class=\"wpcf7-form-control wpcf7-textarea wpcf7-validates-as-required\" aria-required=\"true\" aria-invalid=\"false\" placeholder=\"Messaggio *\"><\/textarea><\/span> <\/p>\n<p align=\"left\"><font color=\"#ffffff\"><strong>Privacy*<\/strong><br \/>Ho letto l'<a href=\"https:\/\/www.istud.it\/privacy-informativa-e-richiesta-di-consenso-form\/\" target=\"_blank\" style=\"color:#ffffff; text-decoration: underline\"><strong>informativa<\/strong><\/a> e per quanto riguarda i trattamenti richiesti per consentire al Titolare del trattamento di realizzare la finalit\u00e0 di \u201cAttivit\u00e0 di Marketing\u201d (<em>informazioni pubblicitarie e promozionali, comunicazioni commerciali, newsletter e pubblicazioni periodiche, etc...<\/em>) mediante l\u2019impiego della posta cartacea, del telefono, del suo indirizzo di posta elettronica <span class=\"wpcf7-form-control-wrap privacy\"><span class=\"wpcf7-form-control wpcf7-checkbox wpcf7-validates-as-required wpcf7-exclusive-checkbox\"><span class=\"wpcf7-list-item first\"><input type=\"checkbox\" name=\"privacy\" value=\"Accetto\" \/><span class=\"wpcf7-list-item-label\">Accetto<\/span><\/span><span class=\"wpcf7-list-item last\"><input type=\"checkbox\" name=\"privacy\" value=\"Non accetto\" \/><span class=\"wpcf7-list-item-label\">Non accetto<\/span><\/span><\/span><\/span><\/font><\/p>\n<p><input type=\"submit\" value=\"Invia\" class=\"wpcf7-form-control has-spinner wpcf7-submit\" \/><\/p>\n<div class=\"wpcf7-response-output\" aria-hidden=\"true\"><\/div><\/form><\/div>[\/vc_column][vc_column width=&#8221;1\/6&#8243;][\/vc_column][\/vc_row]<\/p>\n","protected":false},"excerpt":{"rendered":"<p>[vc_row full_width=&#8221;stretch_row&#8221; css=&#8221;.vc_custom_1520449575263{padding-top: 150px !important;padding-bottom: 20px !important;background-color: #194a87 !important;}&#8221;][vc_column][vc_row_inner][vc_column_inner offset=&#8221;vc_hidden-md vc_hidden-sm vc_hidden-xs&#8221;][vc_column_text el_class=&#8221;white big-title&#8221;] Smart Team Coaching [\/vc_column_text][\/vc_column_inner][\/vc_row_inner][vc_row_inner][vc_column_inner offset=&#8221;vc_hidden-lg&#8221;][vc_column_text el_class=&#8221;white big-title&#8221;] Smart Team Coaching [\/vc_column_text][\/vc_column_inner][\/vc_row_inner][\/vc_column][\/vc_row][vc_row][vc_column width=&#8221;2\/3&#8243;][vc_column_text]L\u2019emergenza che stiamo vivendo ha &hellip; <\/p>\n","protected":false},"author":3,"featured_media":6524,"parent":1948,"menu_order":0,"comment_status":"closed","ping_status":"closed","template":"","meta":[],"categories":[],"yoast_head":"<!-- This site is optimized with the Yoast SEO plugin v18.4.1 - https:\/\/yoast.com\/wordpress\/plugins\/seo\/ -->\n<title>Smart Team Coaching - ISTUD Imprese<\/title>\n<meta name=\"robots\" content=\"index, follow, max-snippet:-1, max-image-preview:large, max-video-preview:-1\" \/>\n<link rel=\"canonical\" href=\"https:\/\/www.istud.it\/imprese\/soluzioni-in-house\/smart-team-coaching\/\" \/>\n<meta property=\"og:locale\" content=\"it_IT\" \/>\n<meta property=\"og:type\" content=\"article\" \/>\n<meta property=\"og:title\" content=\"Smart Team Coaching - ISTUD Imprese\" \/>\n<meta property=\"og:description\" content=\"[vc_row full_width=&#8221;stretch_row&#8221; css=&#8221;.vc_custom_1520449575263{padding-top: 150px !important;padding-bottom: 20px !important;background-color: #194a87 !important;}&#8221;][vc_column][vc_row_inner][vc_column_inner offset=&#8221;vc_hidden-md vc_hidden-sm vc_hidden-xs&#8221;][vc_column_text el_class=&#8221;white big-title&#8221;] Smart Team Coaching [\/vc_column_text][\/vc_column_inner][\/vc_row_inner][vc_row_inner][vc_column_inner offset=&#8221;vc_hidden-lg&#8221;][vc_column_text el_class=&#8221;white big-title&#8221;] Smart Team Coaching [\/vc_column_text][\/vc_column_inner][\/vc_row_inner][\/vc_column][\/vc_row][vc_row][vc_column width=&#8221;2\/3&#8243;][vc_column_text]L\u2019emergenza che stiamo vivendo ha &hellip;\" \/>\n<meta property=\"og:url\" content=\"https:\/\/www.istud.it\/imprese\/soluzioni-in-house\/smart-team-coaching\/\" \/>\n<meta property=\"og:site_name\" content=\"ISTUD Imprese\" \/>\n<meta property=\"article:publisher\" content=\"https:\/\/www.facebook.com\/fondazioneistud\/\" \/>\n<meta property=\"article:modified_time\" content=\"2020-10-29T13:58:21+00:00\" \/>\n<meta property=\"og:image\" content=\"https:\/\/www.istud.it\/imprese\/wp-content\/uploads\/2020\/04\/team-a-distanza-coaching-istud-1.jpg\" \/>\n\t<meta property=\"og:image:width\" content=\"500\" \/>\n\t<meta property=\"og:image:height\" content=\"334\" \/>\n\t<meta property=\"og:image:type\" content=\"image\/jpeg\" \/>\n<meta name=\"twitter:card\" content=\"summary\" \/>\n<meta name=\"twitter:site\" content=\"@istud_it\" \/>\n<meta name=\"twitter:label1\" content=\"Tempo di lettura stimato\" \/>\n\t<meta name=\"twitter:data1\" content=\"4 minuti\" \/>\n<script type=\"application\/ld+json\" class=\"yoast-schema-graph\">{\"@context\":\"https:\/\/schema.org\",\"@graph\":[{\"@type\":\"WebSite\",\"@id\":\"https:\/\/www.istud.it\/imprese\/#website\",\"url\":\"https:\/\/www.istud.it\/imprese\/\",\"name\":\"ISTUD Imprese\",\"description\":\"\",\"potentialAction\":[{\"@type\":\"SearchAction\",\"target\":{\"@type\":\"EntryPoint\",\"urlTemplate\":\"https:\/\/www.istud.it\/imprese\/?s={search_term_string}\"},\"query-input\":\"required name=search_term_string\"}],\"inLanguage\":\"it-IT\"},{\"@type\":\"ImageObject\",\"@id\":\"https:\/\/www.istud.it\/imprese\/soluzioni-in-house\/smart-team-coaching\/#primaryimage\",\"inLanguage\":\"it-IT\",\"url\":\"https:\/\/www.istud.it\/imprese\/wp-content\/uploads\/2020\/04\/team-a-distanza-coaching-istud-1.jpg\",\"contentUrl\":\"https:\/\/www.istud.it\/imprese\/wp-content\/uploads\/2020\/04\/team-a-distanza-coaching-istud-1.jpg\",\"width\":500,\"height\":334,\"caption\":\"team coaching ISTUD\"},{\"@type\":\"WebPage\",\"@id\":\"https:\/\/www.istud.it\/imprese\/soluzioni-in-house\/smart-team-coaching\/#webpage\",\"url\":\"https:\/\/www.istud.it\/imprese\/soluzioni-in-house\/smart-team-coaching\/\",\"name\":\"Smart Team Coaching - ISTUD Imprese\",\"isPartOf\":{\"@id\":\"https:\/\/www.istud.it\/imprese\/#website\"},\"primaryImageOfPage\":{\"@id\":\"https:\/\/www.istud.it\/imprese\/soluzioni-in-house\/smart-team-coaching\/#primaryimage\"},\"datePublished\":\"2020-04-16T14:26:05+00:00\",\"dateModified\":\"2020-10-29T13:58:21+00:00\",\"breadcrumb\":{\"@id\":\"https:\/\/www.istud.it\/imprese\/soluzioni-in-house\/smart-team-coaching\/#breadcrumb\"},\"inLanguage\":\"it-IT\",\"potentialAction\":[{\"@type\":\"ReadAction\",\"target\":[\"https:\/\/www.istud.it\/imprese\/soluzioni-in-house\/smart-team-coaching\/\"]}]},{\"@type\":\"BreadcrumbList\",\"@id\":\"https:\/\/www.istud.it\/imprese\/soluzioni-in-house\/smart-team-coaching\/#breadcrumb\",\"itemListElement\":[{\"@type\":\"ListItem\",\"position\":1,\"name\":\"Home\",\"item\":\"https:\/\/www.istud.it\/imprese\/\"},{\"@type\":\"ListItem\",\"position\":2,\"name\":\"Soluzioni in house\",\"item\":\"https:\/\/www.istud.it\/imprese\/soluzioni-in-house\/\"},{\"@type\":\"ListItem\",\"position\":3,\"name\":\"Smart Team Coaching\"}]}]}<\/script>\n<!-- \/ Yoast SEO plugin. -->","yoast_head_json":{"title":"Smart Team Coaching - ISTUD Imprese","robots":{"index":"index","follow":"follow","max-snippet":"max-snippet:-1","max-image-preview":"max-image-preview:large","max-video-preview":"max-video-preview:-1"},"canonical":"https:\/\/www.istud.it\/imprese\/soluzioni-in-house\/smart-team-coaching\/","og_locale":"it_IT","og_type":"article","og_title":"Smart Team Coaching - ISTUD Imprese","og_description":"[vc_row full_width=&#8221;stretch_row&#8221; css=&#8221;.vc_custom_1520449575263{padding-top: 150px !important;padding-bottom: 20px !important;background-color: #194a87 !important;}&#8221;][vc_column][vc_row_inner][vc_column_inner offset=&#8221;vc_hidden-md vc_hidden-sm vc_hidden-xs&#8221;][vc_column_text el_class=&#8221;white big-title&#8221;] Smart Team Coaching [\/vc_column_text][\/vc_column_inner][\/vc_row_inner][vc_row_inner][vc_column_inner offset=&#8221;vc_hidden-lg&#8221;][vc_column_text el_class=&#8221;white big-title&#8221;] Smart Team Coaching [\/vc_column_text][\/vc_column_inner][\/vc_row_inner][\/vc_column][\/vc_row][vc_row][vc_column width=&#8221;2\/3&#8243;][vc_column_text]L\u2019emergenza che stiamo vivendo ha &hellip;","og_url":"https:\/\/www.istud.it\/imprese\/soluzioni-in-house\/smart-team-coaching\/","og_site_name":"ISTUD Imprese","article_publisher":"https:\/\/www.facebook.com\/fondazioneistud\/","article_modified_time":"2020-10-29T13:58:21+00:00","og_image":[{"width":500,"height":334,"url":"https:\/\/www.istud.it\/imprese\/wp-content\/uploads\/2020\/04\/team-a-distanza-coaching-istud-1.jpg","type":"image\/jpeg"}],"twitter_card":"summary","twitter_site":"@istud_it","twitter_misc":{"Tempo di lettura stimato":"4 minuti"},"schema":{"@context":"https:\/\/schema.org","@graph":[{"@type":"WebSite","@id":"https:\/\/www.istud.it\/imprese\/#website","url":"https:\/\/www.istud.it\/imprese\/","name":"ISTUD Imprese","description":"","potentialAction":[{"@type":"SearchAction","target":{"@type":"EntryPoint","urlTemplate":"https:\/\/www.istud.it\/imprese\/?s={search_term_string}"},"query-input":"required name=search_term_string"}],"inLanguage":"it-IT"},{"@type":"ImageObject","@id":"https:\/\/www.istud.it\/imprese\/soluzioni-in-house\/smart-team-coaching\/#primaryimage","inLanguage":"it-IT","url":"https:\/\/www.istud.it\/imprese\/wp-content\/uploads\/2020\/04\/team-a-distanza-coaching-istud-1.jpg","contentUrl":"https:\/\/www.istud.it\/imprese\/wp-content\/uploads\/2020\/04\/team-a-distanza-coaching-istud-1.jpg","width":500,"height":334,"caption":"team coaching ISTUD"},{"@type":"WebPage","@id":"https:\/\/www.istud.it\/imprese\/soluzioni-in-house\/smart-team-coaching\/#webpage","url":"https:\/\/www.istud.it\/imprese\/soluzioni-in-house\/smart-team-coaching\/","name":"Smart Team Coaching - ISTUD Imprese","isPartOf":{"@id":"https:\/\/www.istud.it\/imprese\/#website"},"primaryImageOfPage":{"@id":"https:\/\/www.istud.it\/imprese\/soluzioni-in-house\/smart-team-coaching\/#primaryimage"},"datePublished":"2020-04-16T14:26:05+00:00","dateModified":"2020-10-29T13:58:21+00:00","breadcrumb":{"@id":"https:\/\/www.istud.it\/imprese\/soluzioni-in-house\/smart-team-coaching\/#breadcrumb"},"inLanguage":"it-IT","potentialAction":[{"@type":"ReadAction","target":["https:\/\/www.istud.it\/imprese\/soluzioni-in-house\/smart-team-coaching\/"]}]},{"@type":"BreadcrumbList","@id":"https:\/\/www.istud.it\/imprese\/soluzioni-in-house\/smart-team-coaching\/#breadcrumb","itemListElement":[{"@type":"ListItem","position":1,"name":"Home","item":"https:\/\/www.istud.it\/imprese\/"},{"@type":"ListItem","position":2,"name":"Soluzioni in house","item":"https:\/\/www.istud.it\/imprese\/soluzioni-in-house\/"},{"@type":"ListItem","position":3,"name":"Smart Team Coaching"}]}]}},"_links":{"self":[{"href":"https:\/\/www.istud.it\/imprese\/wp-json\/wp\/v2\/pages\/6519"}],"collection":[{"href":"https:\/\/www.istud.it\/imprese\/wp-json\/wp\/v2\/pages"}],"about":[{"href":"https:\/\/www.istud.it\/imprese\/wp-json\/wp\/v2\/types\/page"}],"author":[{"embeddable":true,"href":"https:\/\/www.istud.it\/imprese\/wp-json\/wp\/v2\/users\/3"}],"replies":[{"embeddable":true,"href":"https:\/\/www.istud.it\/imprese\/wp-json\/wp\/v2\/comments?post=6519"}],"version-history":[{"count":6,"href":"https:\/\/www.istud.it\/imprese\/wp-json\/wp\/v2\/pages\/6519\/revisions"}],"predecessor-version":[{"id":6521,"href":"https:\/\/www.istud.it\/imprese\/wp-json\/wp\/v2\/pages\/6519\/revisions\/6521"}],"up":[{"embeddable":true,"href":"https:\/\/www.istud.it\/imprese\/wp-json\/wp\/v2\/pages\/1948"}],"wp:featuredmedia":[{"embeddable":true,"href":"https:\/\/www.istud.it\/imprese\/wp-json\/wp\/v2\/media\/6524"}],"wp:attachment":[{"href":"https:\/\/www.istud.it\/imprese\/wp-json\/wp\/v2\/media?parent=6519"}],"wp:term":[{"taxonomy":"category","embeddable":true,"href":"https:\/\/www.istud.it\/imprese\/wp-json\/wp\/v2\/categories?post=6519"}],"curies":[{"name":"wp","href":"https:\/\/api.w.org\/{rel}","templated":true}]}}