{"id":2606,"date":"2018-03-06T10:29:36","date_gmt":"2018-03-06T09:29:36","guid":{"rendered":"https:\/\/www.istud.it\/imprese\/?page_id=2606"},"modified":"2018-03-16T19:02:01","modified_gmt":"2018-03-16T18:02:01","slug":"enterprise-learning-solutions","status":"publish","type":"page","link":"https:\/\/www.istud.it\/imprese\/enterprise-learning-solutions\/","title":{"rendered":"Enterprise learning solutions"},"content":{"rendered":"<p>[vc_row el_class=&#8221;centered&#8221;][vc_column][vc_column_text]Le nostre <strong>proposte per le imprese<\/strong> sono sistemi aperti che partono dai bisogni e dalle specificit\u00e0 del Cliente e integrano pi\u00f9 livelli e modalit\u00e0 di intervento, alternando metodologie, format, strumenti, oggetti di apprendimento per rendere unica e impattante l\u2019esperienza formativa in ogni suo momento, in presenza e a distanza.<br \/>\nProponiamo percorsi formativi e consulenziali su misura, oltre a programmi di formazione in modalit\u00e0 intercompany e one-to-one: un ventaglio di possibilit\u00e0 e soluzioni per i diversi bisogni aziendali.[\/vc_column_text][\/vc_column][\/vc_row][vc_row full_width=&#8221;stretch_row&#8221; el_class=&#8221;divider-gradient &#8221; css=&#8221;.vc_custom_1520345752976{margin-bottom: -100px !important;padding-top: 50px !important;padding-bottom: 50px !important;}&#8221;][vc_column width=&#8221;1\/4&#8243;][\/vc_column][vc_column width=&#8221;1\/2&#8243; el_class=&#8221;centered&#8221;]<div class=\"thim-widget-heading template-base\"><div class=\"sc_heading  \"><h3 style=\"text-transform: uppercase;color:#ffffff;\" class=\"title\">SCARICA LA BROCHURE<\/h3><\/div><\/div><div role=\"form\" class=\"wpcf7\" id=\"wpcf7-f2607-o1\" lang=\"it-IT\" dir=\"ltr\">\n<div class=\"screen-reader-response\"><p role=\"status\" aria-live=\"polite\" aria-atomic=\"true\"><\/p> <ul><\/ul><\/div>\n<form action=\"\/imprese\/wp-json\/wp\/v2\/pages\/2606#wpcf7-f2607-o1\" method=\"post\" class=\"wpcf7-form init\" novalidate=\"novalidate\" data-status=\"init\">\n<div style=\"display: none;\">\n<input type=\"hidden\" name=\"_wpcf7\" value=\"2607\" \/>\n<input type=\"hidden\" name=\"_wpcf7_version\" value=\"5.5.6\" \/>\n<input type=\"hidden\" name=\"_wpcf7_locale\" value=\"it_IT\" \/>\n<input type=\"hidden\" name=\"_wpcf7_unit_tag\" value=\"wpcf7-f2607-o1\" \/>\n<input type=\"hidden\" name=\"_wpcf7_container_post\" value=\"0\" \/>\n<input type=\"hidden\" name=\"_wpcf7_posted_data_hash\" value=\"\" \/>\n<input type=\"hidden\" name=\"_wpcf7_recaptcha_response\" value=\"\" \/>\n<\/div>\n<p><span class=\"wpcf7-form-control-wrap nome\"><input type=\"text\" name=\"nome\" value=\"\" size=\"40\" class=\"wpcf7-form-control wpcf7-text wpcf7-validates-as-required\" aria-required=\"true\" aria-invalid=\"false\" placeholder=\"Nome*\" \/><\/span><\/p>\n<p><span class=\"wpcf7-form-control-wrap cognome\"><input type=\"text\" name=\"cognome\" value=\"\" size=\"40\" class=\"wpcf7-form-control wpcf7-text wpcf7-validates-as-required\" aria-required=\"true\" aria-invalid=\"false\" placeholder=\"Cognome*\" \/><\/span><\/p>\n<p><span class=\"wpcf7-form-control-wrap email\"><input type=\"email\" name=\"email\" value=\"\" size=\"40\" class=\"wpcf7-form-control wpcf7-text wpcf7-email wpcf7-validates-as-required wpcf7-validates-as-email\" aria-required=\"true\" aria-invalid=\"false\" placeholder=\"E-mail*\" \/><\/span><\/p>\n<p><span class=\"wpcf7-form-control-wrap tel\"><input type=\"tel\" name=\"tel\" value=\"\" size=\"40\" class=\"wpcf7-form-control wpcf7-text wpcf7-tel wpcf7-validates-as-required wpcf7-validates-as-tel\" aria-required=\"true\" aria-invalid=\"false\" placeholder=\"Telefono*\" \/><\/span><\/p>\n<p><span class=\"wpcf7-form-control-wrap azienda\"><input type=\"text\" name=\"azienda\" value=\"\" size=\"40\" class=\"wpcf7-form-control wpcf7-text\" aria-invalid=\"false\" placeholder=\"Azienda\" \/><\/span><\/p>\n<p class=\"white\"><span class=\"wpcf7-form-control-wrap contatto\"><span class=\"wpcf7-form-control wpcf7-checkbox\"><span class=\"wpcf7-list-item first last\"><label><input type=\"checkbox\" name=\"contatto[]\" value=\"Voglio ricevere un contatto telefonico per valutare la vostra offerta formativa\" \/><span class=\"wpcf7-list-item-label\">Voglio ricevere un contatto telefonico per valutare la vostra offerta formativa<\/span><\/label><\/span><\/span><\/span><\/p>\n<input type=\"hidden\" name=\"utm_source\" value=\"sito\" class=\"wpcf7-form-control wpcf7-hidden\" \/>\n<p align=\"left\" class=\"privacy\"><font color=\"#ffffff\"><strong>Privacy*<\/strong><br \/>Ho letto l'<a href=\"https:\/\/www.istud.it\/privacy-informativa-e-richiesta-di-consenso-form\/\" target=\"_blank\" style=\"color:#ffffff; text-decoration: underline\"><strong>informativa<\/strong><\/a> e per quanto riguarda i trattamenti richiesti per consentire al Titolare del trattamento di realizzare la finalit\u00e0 di \u201cAttivit\u00e0 di Marketing\u201d (<em>informazioni pubblicitarie e promozionali, comunicazioni commerciali, newsletter e pubblicazioni periodiche, etc...<\/em>) mediante l\u2019impiego della posta cartacea, del telefono, del suo indirizzo di posta elettronica <span class=\"wpcf7-form-control-wrap privacy\"><span class=\"wpcf7-form-control wpcf7-checkbox wpcf7-validates-as-required wpcf7-exclusive-checkbox\"><span class=\"wpcf7-list-item first\"><input type=\"checkbox\" name=\"privacy\" value=\"Accetto\" \/><span class=\"wpcf7-list-item-label\">Accetto<\/span><\/span><span class=\"wpcf7-list-item last\"><input type=\"checkbox\" name=\"privacy\" value=\"Non accetto\" \/><span class=\"wpcf7-list-item-label\">Non accetto<\/span><\/span><\/span><\/span><\/font><\/p>\n<p><input type=\"submit\" value=\"Invia dati\" class=\"wpcf7-form-control has-spinner wpcf7-submit\" \/><\/p>\n<div class=\"wpcf7-response-output\" aria-hidden=\"true\"><\/div><\/form><\/div>[\/vc_column][vc_column width=&#8221;1\/4&#8243;][\/vc_column][\/vc_row]<\/p>\n","protected":false},"excerpt":{"rendered":"<p>[vc_row el_class=&#8221;centered&#8221;][vc_column][vc_column_text]Le nostre proposte per le imprese sono sistemi aperti che partono dai bisogni e dalle specificit\u00e0 del Cliente e integrano pi\u00f9 livelli e modalit\u00e0 di intervento, alternando metodologie, format, &hellip; <\/p>\n","protected":false},"author":89,"featured_media":0,"parent":0,"menu_order":0,"comment_status":"closed","ping_status":"closed","template":"","meta":[],"categories":[],"yoast_head":"<!-- This site is optimized with the Yoast SEO plugin v18.4.1 - https:\/\/yoast.com\/wordpress\/plugins\/seo\/ -->\n<title>Enterprise learning solutions - ISTUD Imprese<\/title>\n<meta name=\"robots\" content=\"index, follow, max-snippet:-1, max-image-preview:large, max-video-preview:-1\" \/>\n<link rel=\"canonical\" href=\"https:\/\/www.istud.it\/imprese\/enterprise-learning-solutions\/\" \/>\n<meta property=\"og:locale\" content=\"it_IT\" \/>\n<meta property=\"og:type\" content=\"article\" \/>\n<meta property=\"og:title\" content=\"Enterprise learning solutions - ISTUD Imprese\" \/>\n<meta property=\"og:description\" content=\"[vc_row el_class=&#8221;centered&#8221;][vc_column][vc_column_text]Le nostre proposte per le imprese sono sistemi aperti che partono dai bisogni e dalle specificit\u00e0 del Cliente e integrano pi\u00f9 livelli e modalit\u00e0 di intervento, alternando metodologie, format, &hellip;\" \/>\n<meta property=\"og:url\" content=\"https:\/\/www.istud.it\/imprese\/enterprise-learning-solutions\/\" \/>\n<meta property=\"og:site_name\" content=\"ISTUD Imprese\" \/>\n<meta property=\"article:publisher\" content=\"https:\/\/www.facebook.com\/fondazioneistud\/\" \/>\n<meta property=\"article:modified_time\" content=\"2018-03-16T18:02:01+00:00\" \/>\n<meta name=\"twitter:card\" content=\"summary\" \/>\n<meta name=\"twitter:site\" content=\"@istud_it\" \/>\n<meta name=\"twitter:label1\" content=\"Tempo di lettura stimato\" \/>\n\t<meta name=\"twitter:data1\" content=\"1 minuto\" \/>\n<script type=\"application\/ld+json\" class=\"yoast-schema-graph\">{\"@context\":\"https:\/\/schema.org\",\"@graph\":[{\"@type\":\"WebSite\",\"@id\":\"https:\/\/www.istud.it\/imprese\/#website\",\"url\":\"https:\/\/www.istud.it\/imprese\/\",\"name\":\"ISTUD Imprese\",\"description\":\"\",\"potentialAction\":[{\"@type\":\"SearchAction\",\"target\":{\"@type\":\"EntryPoint\",\"urlTemplate\":\"https:\/\/www.istud.it\/imprese\/?s={search_term_string}\"},\"query-input\":\"required name=search_term_string\"}],\"inLanguage\":\"it-IT\"},{\"@type\":\"WebPage\",\"@id\":\"https:\/\/www.istud.it\/imprese\/enterprise-learning-solutions\/#webpage\",\"url\":\"https:\/\/www.istud.it\/imprese\/enterprise-learning-solutions\/\",\"name\":\"Enterprise learning solutions - ISTUD Imprese\",\"isPartOf\":{\"@id\":\"https:\/\/www.istud.it\/imprese\/#website\"},\"datePublished\":\"2018-03-06T09:29:36+00:00\",\"dateModified\":\"2018-03-16T18:02:01+00:00\",\"breadcrumb\":{\"@id\":\"https:\/\/www.istud.it\/imprese\/enterprise-learning-solutions\/#breadcrumb\"},\"inLanguage\":\"it-IT\",\"potentialAction\":[{\"@type\":\"ReadAction\",\"target\":[\"https:\/\/www.istud.it\/imprese\/enterprise-learning-solutions\/\"]}]},{\"@type\":\"BreadcrumbList\",\"@id\":\"https:\/\/www.istud.it\/imprese\/enterprise-learning-solutions\/#breadcrumb\",\"itemListElement\":[{\"@type\":\"ListItem\",\"position\":1,\"name\":\"Home\",\"item\":\"https:\/\/www.istud.it\/imprese\/\"},{\"@type\":\"ListItem\",\"position\":2,\"name\":\"Enterprise learning solutions\"}]}]}<\/script>\n<!-- \/ Yoast SEO plugin. -->","yoast_head_json":{"title":"Enterprise learning solutions - ISTUD Imprese","robots":{"index":"index","follow":"follow","max-snippet":"max-snippet:-1","max-image-preview":"max-image-preview:large","max-video-preview":"max-video-preview:-1"},"canonical":"https:\/\/www.istud.it\/imprese\/enterprise-learning-solutions\/","og_locale":"it_IT","og_type":"article","og_title":"Enterprise learning solutions - ISTUD Imprese","og_description":"[vc_row el_class=&#8221;centered&#8221;][vc_column][vc_column_text]Le nostre proposte per le imprese sono sistemi aperti che partono dai bisogni e dalle specificit\u00e0 del Cliente e integrano pi\u00f9 livelli e modalit\u00e0 di intervento, alternando metodologie, format, &hellip;","og_url":"https:\/\/www.istud.it\/imprese\/enterprise-learning-solutions\/","og_site_name":"ISTUD Imprese","article_publisher":"https:\/\/www.facebook.com\/fondazioneistud\/","article_modified_time":"2018-03-16T18:02:01+00:00","twitter_card":"summary","twitter_site":"@istud_it","twitter_misc":{"Tempo di lettura stimato":"1 minuto"},"schema":{"@context":"https:\/\/schema.org","@graph":[{"@type":"WebSite","@id":"https:\/\/www.istud.it\/imprese\/#website","url":"https:\/\/www.istud.it\/imprese\/","name":"ISTUD Imprese","description":"","potentialAction":[{"@type":"SearchAction","target":{"@type":"EntryPoint","urlTemplate":"https:\/\/www.istud.it\/imprese\/?s={search_term_string}"},"query-input":"required name=search_term_string"}],"inLanguage":"it-IT"},{"@type":"WebPage","@id":"https:\/\/www.istud.it\/imprese\/enterprise-learning-solutions\/#webpage","url":"https:\/\/www.istud.it\/imprese\/enterprise-learning-solutions\/","name":"Enterprise learning solutions - ISTUD Imprese","isPartOf":{"@id":"https:\/\/www.istud.it\/imprese\/#website"},"datePublished":"2018-03-06T09:29:36+00:00","dateModified":"2018-03-16T18:02:01+00:00","breadcrumb":{"@id":"https:\/\/www.istud.it\/imprese\/enterprise-learning-solutions\/#breadcrumb"},"inLanguage":"it-IT","potentialAction":[{"@type":"ReadAction","target":["https:\/\/www.istud.it\/imprese\/enterprise-learning-solutions\/"]}]},{"@type":"BreadcrumbList","@id":"https:\/\/www.istud.it\/imprese\/enterprise-learning-solutions\/#breadcrumb","itemListElement":[{"@type":"ListItem","position":1,"name":"Home","item":"https:\/\/www.istud.it\/imprese\/"},{"@type":"ListItem","position":2,"name":"Enterprise learning solutions"}]}]}},"_links":{"self":[{"href":"https:\/\/www.istud.it\/imprese\/wp-json\/wp\/v2\/pages\/2606"}],"collection":[{"href":"https:\/\/www.istud.it\/imprese\/wp-json\/wp\/v2\/pages"}],"about":[{"href":"https:\/\/www.istud.it\/imprese\/wp-json\/wp\/v2\/types\/page"}],"author":[{"embeddable":true,"href":"https:\/\/www.istud.it\/imprese\/wp-json\/wp\/v2\/users\/89"}],"replies":[{"embeddable":true,"href":"https:\/\/www.istud.it\/imprese\/wp-json\/wp\/v2\/comments?post=2606"}],"version-history":[{"count":7,"href":"https:\/\/www.istud.it\/imprese\/wp-json\/wp\/v2\/pages\/2606\/revisions"}],"predecessor-version":[{"id":2836,"href":"https:\/\/www.istud.it\/imprese\/wp-json\/wp\/v2\/pages\/2606\/revisions\/2836"}],"wp:attachment":[{"href":"https:\/\/www.istud.it\/imprese\/wp-json\/wp\/v2\/media?parent=2606"}],"wp:term":[{"taxonomy":"category","embeddable":true,"href":"https:\/\/www.istud.it\/imprese\/wp-json\/wp\/v2\/categories?post=2606"}],"curies":[{"name":"wp","href":"https:\/\/api.w.org\/{rel}","templated":true}]}}